{"id":2411,"date":"2025-12-20T05:51:39","date_gmt":"2025-12-20T05:51:39","guid":{"rendered":"https:\/\/audiobook-24.com\/?post_type=product&#038;p=2411"},"modified":"2025-12-20T05:51:39","modified_gmt":"2025-12-20T05:51:39","slug":"%f0%9f%8e%a7-hoerspiel-trinity-taylor-der-geile-fotograf","status":"publish","type":"product","link":"https:\/\/audiobook-24.com\/en\/product\/%f0%9f%8e%a7-hoerspiel-trinity-taylor-der-geile-fotograf\/","title":{"rendered":"\ud83c\udfa7 H\u00f6rspiel Trinity Taylor \u2013 Der geile Fotograf"},"content":{"rendered":"<p data-start=\"0\" data-end=\"53\">\ud83c\udfa7 <strong data-start=\"3\" data-end=\"51\">H\u00f6rspiel Trinity Taylor \u2013 Der geile Fotograf<\/strong><\/p>\n<p data-start=\"55\" data-end=\"341\">\u201eDer geile Fotograf\u201c von Trinity Taylor ist ein verf\u00fchrerisches H\u00f6rspiel \u00fcber Begehren, Machtspiele und die Magie der Inszenierung.<br data-start=\"186\" data-end=\"189\" \/>Was als professionelles Shooting beginnt, verwandelt sich schnell in ein spannungsgeladenes Spiel aus N\u00e4he, Verlangen und unterschwelliger Sinnlichkeit.<\/p>\n<p data-start=\"343\" data-end=\"657\">Zwischen intensiven Begegnungen, psychologischer Spannung und prickelnder Atmosph\u00e4re entfaltet sich eine Geschichte, die zeigt, wie Reiz, Kontrolle und Verlangen miteinander verschmelzen k\u00f6nnen.<br data-start=\"537\" data-end=\"540\" \/>Das H\u00f6rspiel lebt von eindringlichen Dialogen, subtiler Erotik und der Dynamik zwischen Beobachten und Begehrtwerden.<\/p>\n<p data-start=\"659\" data-end=\"882\"><strong data-start=\"659\" data-end=\"679\">Erwartet werden:<\/strong><br data-start=\"679\" data-end=\"682\" \/>\ud83c\udfa7 Atmosph\u00e4risches H\u00f6rspiel mit sinnlicher Spannung<br data-start=\"733\" data-end=\"736\" \/>\ud83d\udda4 Macht, Verf\u00fchrung &amp; emotionale Intensit\u00e4t<br data-start=\"780\" data-end=\"783\" \/>\ud83d\udd25 Subtile Sinnlichkeit &amp; psychologisches Knistern<br data-start=\"833\" data-end=\"836\" \/>\ud83d\udde3\ufe0f Ausdrucksstarke Dialoge &amp; starke Stimmen<\/p>\n<p data-start=\"884\" data-end=\"986\">Ein H\u00f6rspiel \u00fcber die Faszination von N\u00e4he und Lust \u2013 intensiv, verf\u00fchrerisch und lange nachwirkend.<\/p>\n<p data-start=\"988\" data-end=\"1019\">\ud83d\udd0a <strong data-start=\"991\" data-end=\"1002\">Format:<\/strong> H\u00f6rspiel (MP3)<\/p>\n<p data-start=\"1021\" data-end=\"1170\">\u2b07\ufe0f Sofortiger Download f\u00fcr Handy<br data-start=\"1053\" data-end=\"1056\" \/>\u2b07\ufe0f Sofortiger Download f\u00fcr PC<br data-start=\"1085\" data-end=\"1088\" \/>\u2b07\ufe0f Sofortiger Download f\u00fcrs Tablet<br data-start=\"1122\" data-end=\"1125\" \/>\u2b07\ufe0f Kompatibel mit allen MP3-f\u00e4higen Ger\u00e4ten<\/p>\n<p data-start=\"1172\" data-end=\"1230\" data-is-last-node=\"\" data-is-only-node=\"\">\ud83d\udc49 <strong data-start=\"1175\" data-end=\"1230\" data-is-last-node=\"\">Einmal gekauft \u2013 jederzeit und unbegrenzt abrufbar!<\/strong><\/p>","protected":false},"excerpt":{"rendered":"<p>\ud83c\udfa7 H\u00f6rspiel Trinity Taylor \u2013 Der geile Fotograf \u201eDer geile Fotograf\u201c von Trinity Taylor ist ein verf\u00fchrerisches H\u00f6rspiel \u00fcber Begehren, Machtspiele und die Magie der Inszenierung.Was als professionelles Shooting beginnt, verwandelt sich schnell in ein spannungsgeladenes Spiel aus N\u00e4he, Verlangen und unterschwelliger Sinnlichkeit. Zwischen intensiven Begegnungen, psychologischer Spannung und prickelnder Atmosph\u00e4re entfaltet sich eine Geschichte, [&hellip;]<\/p>\n","protected":false},"featured_media":2421,"comment_status":"open","ping_status":"closed","template":"","meta":[],"product_brand":[],"product_cat":[30],"product_tag":[],"class_list":{"0":"post-2411","1":"product","2":"type-product","3":"status-publish","4":"has-post-thumbnail","6":"product_cat-erotik-hoerbuecher","8":"first","9":"instock","10":"sale","11":"virtual","12":"purchasable","13":"product-type-simple"},"jetpack_sharing_enabled":true,"_links":{"self":[{"href":"https:\/\/audiobook-24.com\/en\/wp-json\/wp\/v2\/product\/2411","targetHints":{"allow":["GET"]}}],"collection":[{"href":"https:\/\/audiobook-24.com\/en\/wp-json\/wp\/v2\/product"}],"about":[{"href":"https:\/\/audiobook-24.com\/en\/wp-json\/wp\/v2\/types\/product"}],"replies":[{"embeddable":true,"href":"https:\/\/audiobook-24.com\/en\/wp-json\/wp\/v2\/comments?post=2411"}],"wp:featuredmedia":[{"embeddable":true,"href":"https:\/\/audiobook-24.com\/en\/wp-json\/wp\/v2\/media\/2421"}],"wp:attachment":[{"href":"https:\/\/audiobook-24.com\/en\/wp-json\/wp\/v2\/media?parent=2411"}],"wp:term":[{"taxonomy":"product_brand","embeddable":true,"href":"https:\/\/audiobook-24.com\/en\/wp-json\/wp\/v2\/product_brand?post=2411"},{"taxonomy":"product_cat","embeddable":true,"href":"https:\/\/audiobook-24.com\/en\/wp-json\/wp\/v2\/product_cat?post=2411"},{"taxonomy":"product_tag","embeddable":true,"href":"https:\/\/audiobook-24.com\/en\/wp-json\/wp\/v2\/product_tag?post=2411"}],"curies":[{"name":"wp","href":"https:\/\/api.w.org\/{rel}","templated":true}]}}