{"id":2410,"date":"2025-12-20T05:53:41","date_gmt":"2025-12-20T05:53:41","guid":{"rendered":"https:\/\/audiobook-24.com\/?post_type=product&#038;p=2410"},"modified":"2025-12-20T05:53:41","modified_gmt":"2025-12-20T05:53:41","slug":"%f0%9f%8e%a7-hoerspiel-trinity-taylor-der-gierige-bodybuilder","status":"publish","type":"product","link":"https:\/\/audiobook-24.com\/en\/product\/%f0%9f%8e%a7-hoerspiel-trinity-taylor-der-gierige-bodybuilder\/","title":{"rendered":"\ud83c\udfa7 H\u00f6rspiel Trinity Taylor \u2013 Der gierige BodyBuilder"},"content":{"rendered":"<p data-start=\"0\" data-end=\"58\">\ud83c\udfa7 <strong data-start=\"3\" data-end=\"56\">H\u00f6rspiel Trinity Taylor \u2013 Der gierige BodyBuilder<\/strong><\/p>\n<p data-start=\"60\" data-end=\"376\">\u201eDer gierige BodyBuilder\u201c von Trinity Taylor ist ein kraftvoll-sinnliches H\u00f6rspiel \u00fcber Begehren, Dominanz und die Spannung zwischen St\u00e4rke und Lust.<br data-start=\"209\" data-end=\"212\" \/>Was zun\u00e4chst nach \u00e4u\u00dferlicher Kraft und Selbstbewusstsein aussieht, entwickelt sich zu einem intensiven Spiel aus Anziehung, Verlangen und psychologischer Spannung.<\/p>\n<p data-start=\"378\" data-end=\"681\">Zwischen k\u00f6rperlicher Pr\u00e4senz, innerem Ringen und prickelnder Atmosph\u00e4re entfaltet sich eine Geschichte, die zeigt, wie stark Begehren und k\u00f6rperliche Anziehung miteinander verwoben sind.<br data-start=\"565\" data-end=\"568\" \/>Das H\u00f6rspiel lebt von pointierten Dialogen, emotionaler Intensit\u00e4t und der Dynamik zwischen Dominanz und Hingabe.<\/p>\n<p data-start=\"683\" data-end=\"909\"><strong data-start=\"683\" data-end=\"703\">Erwartet werden:<\/strong><br data-start=\"703\" data-end=\"706\" \/>\ud83c\udfa7 Atmosph\u00e4risches H\u00f6rspiel mit kraftvoller Sinnlichkeit<br data-start=\"762\" data-end=\"765\" \/>\ud83d\udda4 Verlangen, Dominanz &amp; emotionale Spannung<br data-start=\"809\" data-end=\"812\" \/>\ud83d\udd25 Subtile Erotik &amp; k\u00f6rperliche Anziehung<br data-start=\"853\" data-end=\"856\" \/>\ud83d\udde3\ufe0f Ausdrucksstarke Dialoge &amp; eindringliche Stimmen<\/p>\n<p data-start=\"911\" data-end=\"1021\">Ein H\u00f6rspiel \u00fcber Lust, St\u00e4rke und die Macht der Anziehung \u2013 intensiv, verf\u00fchrerisch und nachhaltig sp\u00fcrbar.<\/p>\n<p data-start=\"1023\" data-end=\"1054\">\ud83d\udd0a <strong data-start=\"1026\" data-end=\"1037\">Format:<\/strong> H\u00f6rspiel (MP3)<\/p>\n<p data-start=\"1056\" data-end=\"1205\">\u2b07\ufe0f Sofortiger Download f\u00fcr Handy<br data-start=\"1088\" data-end=\"1091\" \/>\u2b07\ufe0f Sofortiger Download f\u00fcr PC<br data-start=\"1120\" data-end=\"1123\" \/>\u2b07\ufe0f Sofortiger Download f\u00fcrs Tablet<br data-start=\"1157\" data-end=\"1160\" \/>\u2b07\ufe0f Kompatibel mit allen MP3-f\u00e4higen Ger\u00e4ten<\/p>\n<p data-start=\"1207\" data-end=\"1265\" data-is-last-node=\"\" data-is-only-node=\"\">\ud83d\udc49 <strong data-start=\"1210\" data-end=\"1265\" data-is-last-node=\"\">Einmal gekauft \u2013 jederzeit und unbegrenzt abrufbar!<\/strong><\/p>","protected":false},"excerpt":{"rendered":"<p>\ud83c\udfa7 H\u00f6rspiel Trinity Taylor \u2013 Der gierige BodyBuilder \u201eDer gierige BodyBuilder\u201c von Trinity Taylor ist ein kraftvoll-sinnliches H\u00f6rspiel \u00fcber Begehren, Dominanz und die Spannung zwischen St\u00e4rke und Lust.Was zun\u00e4chst nach \u00e4u\u00dferlicher Kraft und Selbstbewusstsein aussieht, entwickelt sich zu einem intensiven Spiel aus Anziehung, Verlangen und psychologischer Spannung. Zwischen k\u00f6rperlicher Pr\u00e4senz, innerem Ringen und prickelnder Atmosph\u00e4re [&hellip;]<\/p>\n","protected":false},"featured_media":2422,"comment_status":"open","ping_status":"closed","template":"","meta":[],"product_brand":[],"product_cat":[30],"product_tag":[],"class_list":{"0":"post-2410","1":"product","2":"type-product","3":"status-publish","4":"has-post-thumbnail","6":"product_cat-erotik-hoerbuecher","8":"first","9":"instock","10":"sale","11":"virtual","12":"purchasable","13":"product-type-simple"},"jetpack_sharing_enabled":true,"_links":{"self":[{"href":"https:\/\/audiobook-24.com\/en\/wp-json\/wp\/v2\/product\/2410","targetHints":{"allow":["GET"]}}],"collection":[{"href":"https:\/\/audiobook-24.com\/en\/wp-json\/wp\/v2\/product"}],"about":[{"href":"https:\/\/audiobook-24.com\/en\/wp-json\/wp\/v2\/types\/product"}],"replies":[{"embeddable":true,"href":"https:\/\/audiobook-24.com\/en\/wp-json\/wp\/v2\/comments?post=2410"}],"wp:featuredmedia":[{"embeddable":true,"href":"https:\/\/audiobook-24.com\/en\/wp-json\/wp\/v2\/media\/2422"}],"wp:attachment":[{"href":"https:\/\/audiobook-24.com\/en\/wp-json\/wp\/v2\/media?parent=2410"}],"wp:term":[{"taxonomy":"product_brand","embeddable":true,"href":"https:\/\/audiobook-24.com\/en\/wp-json\/wp\/v2\/product_brand?post=2410"},{"taxonomy":"product_cat","embeddable":true,"href":"https:\/\/audiobook-24.com\/en\/wp-json\/wp\/v2\/product_cat?post=2410"},{"taxonomy":"product_tag","embeddable":true,"href":"https:\/\/audiobook-24.com\/en\/wp-json\/wp\/v2\/product_tag?post=2410"}],"curies":[{"name":"wp","href":"https:\/\/api.w.org\/{rel}","templated":true}]}}