{"id":2409,"date":"2025-12-20T05:56:38","date_gmt":"2025-12-20T05:56:38","guid":{"rendered":"https:\/\/audiobook-24.com\/?post_type=product&#038;p=2409"},"modified":"2025-12-20T05:56:39","modified_gmt":"2025-12-20T05:56:39","slug":"%f0%9f%8e%a7-hoerspiel-trinity-taylor-die-grand-canyon-sextour","status":"publish","type":"product","link":"https:\/\/audiobook-24.com\/en\/product\/%f0%9f%8e%a7-hoerspiel-trinity-taylor-die-grand-canyon-sextour\/","title":{"rendered":"\ud83c\udfa7 H\u00f6rspiel Trinity Taylor \u2013 Die Grand Canyon SexTour"},"content":{"rendered":"<p data-start=\"0\" data-end=\"59\">\ud83c\udfa7 <strong data-start=\"3\" data-end=\"57\">H\u00f6rspiel Trinity Taylor \u2013 Die Grand Canyon SexTour<\/strong><\/p>\n<p data-start=\"61\" data-end=\"350\">\u201eDie Grand Canyon SexTour\u201c von Trinity Taylor ist ein aufregendes H\u00f6rspiel \u00fcber Abenteuerlust, erotische Entdeckungen und das Spiel mit Grenzen.<br data-start=\"205\" data-end=\"208\" \/>Was als ungew\u00f6hnliche Reise beginnt, entwickelt sich zu einem spannungsgeladenen Abenteuer voller Verlangen, Spannung und prickelnder Momente.<\/p>\n<p data-start=\"352\" data-end=\"656\">Zwischen atemberaubender Kulisse, intensiver N\u00e4he und emotional aufgeladenen Szenen entfaltet sich eine Geschichte, die zeigt, wie Freiheit, Lust und Neugier zu einem unvergesslichen Erlebnis verschmelzen.<br data-start=\"557\" data-end=\"560\" \/>Das H\u00f6rspiel lebt von dynamischen Dialogen, sinnlicher Atmosph\u00e4re und dem Reiz des Unerwarteten.<\/p>\n<p data-start=\"658\" data-end=\"879\"><strong data-start=\"658\" data-end=\"678\">Erwartet werden:<\/strong><br data-start=\"678\" data-end=\"681\" \/>\ud83c\udfa7 Atmosph\u00e4risches H\u00f6rspiel mit aufregender Sinnlichkeit<br data-start=\"737\" data-end=\"740\" \/>\ud83d\udda4 Abenteuerlust, Begehren &amp; emotionale Spannung<br data-start=\"788\" data-end=\"791\" \/>\ud83d\udd25 Subtile Erotik &amp; prickelnde Momente<br data-start=\"829\" data-end=\"832\" \/>\ud83d\udde3\ufe0f Lebendige Dialoge &amp; eindringliche Stimmen<\/p>\n<p data-start=\"881\" data-end=\"991\">Ein H\u00f6rspiel \u00fcber Lust, Abenteuer und die Magie des Moments \u2013 intensiv, verf\u00fchrerisch und lange nachwirkend.<\/p>\n<p data-start=\"993\" data-end=\"1024\">\ud83d\udd0a <strong data-start=\"996\" data-end=\"1007\">Format:<\/strong> H\u00f6rspiel (MP3)<\/p>\n<p data-start=\"1026\" data-end=\"1175\">\u2b07\ufe0f Sofortiger Download f\u00fcr Handy<br data-start=\"1058\" data-end=\"1061\" \/>\u2b07\ufe0f Sofortiger Download f\u00fcr PC<br data-start=\"1090\" data-end=\"1093\" \/>\u2b07\ufe0f Sofortiger Download f\u00fcrs Tablet<br data-start=\"1127\" data-end=\"1130\" \/>\u2b07\ufe0f Kompatibel mit allen MP3-f\u00e4higen Ger\u00e4ten<\/p>\n<p data-start=\"1177\" data-end=\"1235\" data-is-last-node=\"\" data-is-only-node=\"\">\ud83d\udc49 <strong data-start=\"1180\" data-end=\"1235\" data-is-last-node=\"\">Einmal gekauft \u2013 jederzeit und unbegrenzt abrufbar!<\/strong><\/p>","protected":false},"excerpt":{"rendered":"<p>\ud83c\udfa7 H\u00f6rspiel Trinity Taylor \u2013 Die Grand Canyon SexTour \u201eDie Grand Canyon SexTour\u201c von Trinity Taylor ist ein aufregendes H\u00f6rspiel \u00fcber Abenteuerlust, erotische Entdeckungen und das Spiel mit Grenzen.Was als ungew\u00f6hnliche Reise beginnt, entwickelt sich zu einem spannungsgeladenen Abenteuer voller Verlangen, Spannung und prickelnder Momente. Zwischen atemberaubender Kulisse, intensiver N\u00e4he und emotional aufgeladenen Szenen entfaltet [&hellip;]<\/p>\n","protected":false},"featured_media":2423,"comment_status":"open","ping_status":"closed","template":"","meta":[],"product_brand":[],"product_cat":[30],"product_tag":[],"class_list":{"0":"post-2409","1":"product","2":"type-product","3":"status-publish","4":"has-post-thumbnail","6":"product_cat-erotik-hoerbuecher","8":"first","9":"instock","10":"sale","11":"virtual","12":"purchasable","13":"product-type-simple"},"jetpack_sharing_enabled":true,"_links":{"self":[{"href":"https:\/\/audiobook-24.com\/en\/wp-json\/wp\/v2\/product\/2409","targetHints":{"allow":["GET"]}}],"collection":[{"href":"https:\/\/audiobook-24.com\/en\/wp-json\/wp\/v2\/product"}],"about":[{"href":"https:\/\/audiobook-24.com\/en\/wp-json\/wp\/v2\/types\/product"}],"replies":[{"embeddable":true,"href":"https:\/\/audiobook-24.com\/en\/wp-json\/wp\/v2\/comments?post=2409"}],"wp:featuredmedia":[{"embeddable":true,"href":"https:\/\/audiobook-24.com\/en\/wp-json\/wp\/v2\/media\/2423"}],"wp:attachment":[{"href":"https:\/\/audiobook-24.com\/en\/wp-json\/wp\/v2\/media?parent=2409"}],"wp:term":[{"taxonomy":"product_brand","embeddable":true,"href":"https:\/\/audiobook-24.com\/en\/wp-json\/wp\/v2\/product_brand?post=2409"},{"taxonomy":"product_cat","embeddable":true,"href":"https:\/\/audiobook-24.com\/en\/wp-json\/wp\/v2\/product_cat?post=2409"},{"taxonomy":"product_tag","embeddable":true,"href":"https:\/\/audiobook-24.com\/en\/wp-json\/wp\/v2\/product_tag?post=2409"}],"curies":[{"name":"wp","href":"https:\/\/api.w.org\/{rel}","templated":true}]}}