{"id":2401,"date":"2025-12-20T05:34:38","date_gmt":"2025-12-20T05:34:38","guid":{"rendered":"https:\/\/audiobook-24.com\/?post_type=product&#038;p=2401"},"modified":"2025-12-20T05:34:38","modified_gmt":"2025-12-20T05:34:38","slug":"%f0%9f%8e%a7-hoerspiel-trinity-taylor-begierde","status":"publish","type":"product","link":"https:\/\/audiobook-24.com\/en\/product\/%f0%9f%8e%a7-hoerspiel-trinity-taylor-begierde\/","title":{"rendered":"\ud83c\udfa7 H\u00f6rspiel Trinity Taylor \u2013 Begierde"},"content":{"rendered":"<p data-start=\"0\" data-end=\"43\">\ud83c\udfa7 <strong data-start=\"3\" data-end=\"41\">H\u00f6rspiel Trinity Taylor \u2013 Begierde<\/strong><\/p>\n<p data-start=\"45\" data-end=\"346\">\u201eBegierde\u201c von Trinity Taylor ist ein intensiv sinnliches H\u00f6rspiel \u00fcber Verlangen, Selbstentdeckung und die Spannung zwischen N\u00e4he und Zur\u00fcckhaltung.<br data-start=\"194\" data-end=\"197\" \/>Was zun\u00e4chst wie ein vorsichtiges Interesse beginnt, entwickelt sich zu einem Spiel aus Anziehung, Emotionen und dem Drang, Grenzen zu \u00fcberschreiten.<\/p>\n<p data-start=\"348\" data-end=\"653\">Zwischen ehrlichen Dialogen, innerem Ringen und aufgeladener Atmosph\u00e4re entfaltet sich eine Geschichte, die zeigt, wie kraftvoll Begehren sein kann \u2013 und welche Risiken es birgt.<br data-start=\"526\" data-end=\"529\" \/>Das H\u00f6rspiel lebt von dichtem Spannungsaufbau, subtiler Sinnlichkeit und der Dynamik zwischen Verlangen und Selbstkontrolle.<\/p>\n<p data-start=\"655\" data-end=\"885\"><strong data-start=\"655\" data-end=\"675\">Erwartet werden:<\/strong><br data-start=\"675\" data-end=\"678\" \/>\ud83c\udfa7 Atmosph\u00e4risches H\u00f6rspiel mit intensiver Sinnlichkeit<br data-start=\"733\" data-end=\"736\" \/>\ud83d\udda4 Begehren, emotionale Spannung &amp; Selbstreflexion<br data-start=\"786\" data-end=\"789\" \/>\ud83d\udd25 Subtile Erotik &amp; psychologische Tiefe<br data-start=\"829\" data-end=\"832\" \/>\ud83d\udde3\ufe0f Ausdrucksstarke Dialoge &amp; eindringliche Stimmen<\/p>\n<p data-start=\"887\" data-end=\"967\">Ein H\u00f6rspiel \u00fcber die Kraft der Begierde \u2013 fesselnd, emotional und nachhaltig.<\/p>\n<p data-start=\"969\" data-end=\"1000\">\ud83d\udd0a <strong data-start=\"972\" data-end=\"983\">Format:<\/strong> H\u00f6rspiel (MP3)<\/p>\n<p data-start=\"1002\" data-end=\"1151\">\u2b07\ufe0f Sofortiger Download f\u00fcr Handy<br data-start=\"1034\" data-end=\"1037\" \/>\u2b07\ufe0f Sofortiger Download f\u00fcr PC<br data-start=\"1066\" data-end=\"1069\" \/>\u2b07\ufe0f Sofortiger Download f\u00fcrs Tablet<br data-start=\"1103\" data-end=\"1106\" \/>\u2b07\ufe0f Kompatibel mit allen MP3-f\u00e4higen Ger\u00e4ten<\/p>\n<p data-start=\"1153\" data-end=\"1211\" data-is-last-node=\"\" data-is-only-node=\"\">\ud83d\udc49 <strong data-start=\"1156\" data-end=\"1211\" data-is-last-node=\"\">Einmal gekauft \u2013 jederzeit und unbegrenzt abrufbar!<\/strong><\/p>","protected":false},"excerpt":{"rendered":"<p>\ud83c\udfa7 H\u00f6rspiel Trinity Taylor \u2013 Begierde \u201eBegierde\u201c von Trinity Taylor ist ein intensiv sinnliches H\u00f6rspiel \u00fcber Verlangen, Selbstentdeckung und die Spannung zwischen N\u00e4he und Zur\u00fcckhaltung.Was zun\u00e4chst wie ein vorsichtiges Interesse beginnt, entwickelt sich zu einem Spiel aus Anziehung, Emotionen und dem Drang, Grenzen zu \u00fcberschreiten. Zwischen ehrlichen Dialogen, innerem Ringen und aufgeladener Atmosph\u00e4re entfaltet sich [&hellip;]<\/p>\n","protected":false},"featured_media":2402,"comment_status":"open","ping_status":"closed","template":"","meta":[],"product_brand":[],"product_cat":[30],"product_tag":[],"class_list":{"0":"post-2401","1":"product","2":"type-product","3":"status-publish","4":"has-post-thumbnail","6":"product_cat-erotik-hoerbuecher","8":"first","9":"instock","10":"sale","11":"virtual","12":"purchasable","13":"product-type-simple"},"jetpack_sharing_enabled":true,"_links":{"self":[{"href":"https:\/\/audiobook-24.com\/en\/wp-json\/wp\/v2\/product\/2401","targetHints":{"allow":["GET"]}}],"collection":[{"href":"https:\/\/audiobook-24.com\/en\/wp-json\/wp\/v2\/product"}],"about":[{"href":"https:\/\/audiobook-24.com\/en\/wp-json\/wp\/v2\/types\/product"}],"replies":[{"embeddable":true,"href":"https:\/\/audiobook-24.com\/en\/wp-json\/wp\/v2\/comments?post=2401"}],"wp:featuredmedia":[{"embeddable":true,"href":"https:\/\/audiobook-24.com\/en\/wp-json\/wp\/v2\/media\/2402"}],"wp:attachment":[{"href":"https:\/\/audiobook-24.com\/en\/wp-json\/wp\/v2\/media?parent=2401"}],"wp:term":[{"taxonomy":"product_brand","embeddable":true,"href":"https:\/\/audiobook-24.com\/en\/wp-json\/wp\/v2\/product_brand?post=2401"},{"taxonomy":"product_cat","embeddable":true,"href":"https:\/\/audiobook-24.com\/en\/wp-json\/wp\/v2\/product_cat?post=2401"},{"taxonomy":"product_tag","embeddable":true,"href":"https:\/\/audiobook-24.com\/en\/wp-json\/wp\/v2\/product_tag?post=2401"}],"curies":[{"name":"wp","href":"https:\/\/api.w.org\/{rel}","templated":true}]}}