{"id":2391,"date":"2025-12-20T01:38:50","date_gmt":"2025-12-20T01:38:50","guid":{"rendered":"https:\/\/audiobook-24.com\/?post_type=product&#038;p=2391"},"modified":"2025-12-20T01:38:50","modified_gmt":"2025-12-20T01:38:50","slug":"%f0%9f%8e%a7-hoerspiel-trinity-taylor-lust-aus-heiterem-himmel","status":"publish","type":"product","link":"https:\/\/audiobook-24.com\/en\/product\/%f0%9f%8e%a7-hoerspiel-trinity-taylor-lust-aus-heiterem-himmel\/","title":{"rendered":"\ud83c\udfa7 H\u00f6rspiel Trinity Taylor \u2013 Lust aus heiterem Himmel"},"content":{"rendered":"<p data-start=\"0\" data-end=\"57\">\ud83c\udfa7 <strong data-start=\"3\" data-end=\"57\">H\u00f6rspiel Trinity Taylor \u2013 Lust aus heiterem Himmel<\/strong><\/p>\n<p data-start=\"59\" data-end=\"374\">\u201eLust aus heiterem Himmel\u201c von Trinity Taylor ist ein \u00fcberraschend intensives H\u00f6rspiel \u00fcber spontane Anziehung, unerwartete N\u00e4he und den Moment, der alles ver\u00e4ndert.<br data-start=\"224\" data-end=\"227\" \/>Was scheinbar zuf\u00e4llig beginnt, entwickelt sich zu einer Begegnung voller Spannung, in der Kontrolle und Verlangen pl\u00f6tzlich neu verhandelt werden.<\/p>\n<p data-start=\"376\" data-end=\"642\">Zwischen spontanen Impulsen, ehrlichen Reaktionen und sinnlicher Atmosph\u00e4re entfaltet sich eine Geschichte, die zeigt, wie schnell Gewissheiten ins Wanken geraten k\u00f6nnen.<br data-start=\"546\" data-end=\"549\" \/>Das H\u00f6rspiel lebt von lebendigen Dialogen, emotionalem Knistern und dem Reiz des Ungeplanten.<\/p>\n<p data-start=\"644\" data-end=\"862\"><strong data-start=\"644\" data-end=\"664\">Erwartet werden:<\/strong><br data-start=\"664\" data-end=\"667\" \/>\ud83c\udfa7 Atmosph\u00e4risches H\u00f6rspiel mit spontaner Intensit\u00e4t<br data-start=\"719\" data-end=\"722\" \/>\ud83d\udda4 \u00dcberraschung, Anziehung &amp; emotionale Offenheit<br data-start=\"771\" data-end=\"774\" \/>\ud83d\udd25 Subtile Sinnlichkeit &amp; prickelnde Spannung<br data-start=\"819\" data-end=\"822\" \/>\ud83d\udde3\ufe0f Lebendige Dialoge &amp; starke Stimmen<\/p>\n<p data-start=\"864\" data-end=\"945\">Ein H\u00f6rspiel \u00fcber den Moment, der unerwartet Lust entfacht \u2013 und alles ver\u00e4ndert.<\/p>\n<p data-start=\"947\" data-end=\"976\">\ud83d\udd0a <strong data-start=\"950\" data-end=\"961\">Format:<\/strong> H\u00f6rspiel (MP3)<\/p>\n<p data-start=\"978\" data-end=\"1127\">\u2b07\ufe0f Sofortiger Download f\u00fcr Handy<br data-start=\"1010\" data-end=\"1013\" \/>\u2b07\ufe0f Sofortiger Download f\u00fcr PC<br data-start=\"1042\" data-end=\"1045\" \/>\u2b07\ufe0f Sofortiger Download f\u00fcrs Tablet<br data-start=\"1079\" data-end=\"1082\" \/>\u2b07\ufe0f Kompatibel mit allen MP3-f\u00e4higen Ger\u00e4ten<\/p>\n<p data-start=\"1129\" data-end=\"1187\" data-is-last-node=\"\" data-is-only-node=\"\">\ud83d\udc49 <strong data-start=\"1132\" data-end=\"1187\" data-is-last-node=\"\">Einmal gekauft \u2013 jederzeit und unbegrenzt abrufbar!<\/strong><\/p>","protected":false},"excerpt":{"rendered":"<p>\ud83c\udfa7 H\u00f6rspiel Trinity Taylor \u2013 Lust aus heiterem Himmel \u201eLust aus heiterem Himmel\u201c von Trinity Taylor ist ein \u00fcberraschend intensives H\u00f6rspiel \u00fcber spontane Anziehung, unerwartete N\u00e4he und den Moment, der alles ver\u00e4ndert.Was scheinbar zuf\u00e4llig beginnt, entwickelt sich zu einer Begegnung voller Spannung, in der Kontrolle und Verlangen pl\u00f6tzlich neu verhandelt werden. Zwischen spontanen Impulsen, ehrlichen [&hellip;]<\/p>\n","protected":false},"featured_media":2395,"comment_status":"open","ping_status":"closed","template":"","meta":[],"product_brand":[],"product_cat":[30],"product_tag":[],"class_list":{"0":"post-2391","1":"product","2":"type-product","3":"status-publish","4":"has-post-thumbnail","6":"product_cat-erotik-hoerbuecher","8":"first","9":"instock","10":"sale","11":"virtual","12":"purchasable","13":"product-type-simple"},"jetpack_sharing_enabled":true,"_links":{"self":[{"href":"https:\/\/audiobook-24.com\/en\/wp-json\/wp\/v2\/product\/2391","targetHints":{"allow":["GET"]}}],"collection":[{"href":"https:\/\/audiobook-24.com\/en\/wp-json\/wp\/v2\/product"}],"about":[{"href":"https:\/\/audiobook-24.com\/en\/wp-json\/wp\/v2\/types\/product"}],"replies":[{"embeddable":true,"href":"https:\/\/audiobook-24.com\/en\/wp-json\/wp\/v2\/comments?post=2391"}],"wp:featuredmedia":[{"embeddable":true,"href":"https:\/\/audiobook-24.com\/en\/wp-json\/wp\/v2\/media\/2395"}],"wp:attachment":[{"href":"https:\/\/audiobook-24.com\/en\/wp-json\/wp\/v2\/media?parent=2391"}],"wp:term":[{"taxonomy":"product_brand","embeddable":true,"href":"https:\/\/audiobook-24.com\/en\/wp-json\/wp\/v2\/product_brand?post=2391"},{"taxonomy":"product_cat","embeddable":true,"href":"https:\/\/audiobook-24.com\/en\/wp-json\/wp\/v2\/product_cat?post=2391"},{"taxonomy":"product_tag","embeddable":true,"href":"https:\/\/audiobook-24.com\/en\/wp-json\/wp\/v2\/product_tag?post=2391"}],"curies":[{"name":"wp","href":"https:\/\/api.w.org\/{rel}","templated":true}]}}