{"id":2390,"date":"2025-12-20T01:41:18","date_gmt":"2025-12-20T01:41:18","guid":{"rendered":"https:\/\/audiobook-24.com\/?post_type=product&#038;p=2390"},"modified":"2025-12-20T01:41:18","modified_gmt":"2025-12-20T01:41:18","slug":"%f0%9f%8e%a7-hoerspiel-trinity-taylor-massage-vom-ex-freund","status":"publish","type":"product","link":"https:\/\/audiobook-24.com\/en\/product\/%f0%9f%8e%a7-hoerspiel-trinity-taylor-massage-vom-ex-freund\/","title":{"rendered":"\ud83c\udfa7 H\u00f6rspiel Trinity Taylor \u2013 Massage vom Ex-Freund"},"content":{"rendered":"<p data-start=\"0\" data-end=\"54\">\ud83c\udfa7 <strong data-start=\"3\" data-end=\"54\">H\u00f6rspiel Trinity Taylor \u2013 Massage vom Ex-Freund<\/strong><\/p>\n<p data-start=\"56\" data-end=\"380\">\u201eMassage vom Ex-Freund\u201c von Trinity Taylor ist ein spannungsvoll-sinnliches H\u00f6rspiel \u00fcber N\u00e4he, alte Gef\u00fchle und die Frage, ob Vergangenes wirklich abgeschlossen ist.<br data-start=\"222\" data-end=\"225\" \/>Was als scheinbar harmlose Ber\u00fchrung beginnt, \u00f6ffnet T\u00fcren zu Erinnerungen, unausgesprochenen Emotionen und einer Anziehung, die nie ganz verschwunden war.<\/p>\n<p data-start=\"382\" data-end=\"685\">Zwischen vertrauter Intimit\u00e4t, innerem Widerstand und leiser Sinnlichkeit entfaltet sich eine Geschichte, die den schmalen Grat zwischen Vertrautheit und Neubeginn auslotet.<br data-start=\"555\" data-end=\"558\" \/>Das H\u00f6rspiel lebt von intensiver Atmosph\u00e4re, ehrlichen Dialogen und dem Knistern, das entsteht, wenn N\u00e4he alte Grenzen ber\u00fchrt.<\/p>\n<p data-start=\"687\" data-end=\"905\"><strong data-start=\"687\" data-end=\"707\">Erwartet werden:<\/strong><br data-start=\"707\" data-end=\"710\" \/>\ud83c\udfa7 Atmosph\u00e4risches H\u00f6rspiel mit emotionaler Spannung<br data-start=\"762\" data-end=\"765\" \/>\ud83d\udda4 Vergangenheit, N\u00e4he &amp; unausgesprochene Gef\u00fchle<br data-start=\"814\" data-end=\"817\" \/>\ud83d\udd25 Subtile Sinnlichkeit &amp; leises Knistern<br data-start=\"858\" data-end=\"861\" \/>\ud83d\udde3\ufe0f Eindringliche Dialoge &amp; starke Stimmen<\/p>\n<p data-start=\"907\" data-end=\"1026\">Ein H\u00f6rspiel \u00fcber Ber\u00fchrungen, die mehr ausl\u00f6sen als geplant \u2013 und Gef\u00fchle, die sich nicht einfach wegmassieren lassen.<\/p>\n<p data-start=\"1028\" data-end=\"1057\">\ud83d\udd0a <strong data-start=\"1031\" data-end=\"1042\">Format:<\/strong> H\u00f6rspiel (MP3)<\/p>\n<p data-start=\"1059\" data-end=\"1208\">\u2b07\ufe0f Sofortiger Download f\u00fcr Handy<br data-start=\"1091\" data-end=\"1094\" \/>\u2b07\ufe0f Sofortiger Download f\u00fcr PC<br data-start=\"1123\" data-end=\"1126\" \/>\u2b07\ufe0f Sofortiger Download f\u00fcrs Tablet<br data-start=\"1160\" data-end=\"1163\" \/>\u2b07\ufe0f Kompatibel mit allen MP3-f\u00e4higen Ger\u00e4ten<\/p>\n<p data-start=\"1210\" data-end=\"1268\" data-is-last-node=\"\" data-is-only-node=\"\">\ud83d\udc49 <strong data-start=\"1213\" data-end=\"1268\" data-is-last-node=\"\">Einmal gekauft \u2013 jederzeit und unbegrenzt abrufbar!<\/strong><\/p>","protected":false},"excerpt":{"rendered":"<p>\ud83c\udfa7 H\u00f6rspiel Trinity Taylor \u2013 Massage vom Ex-Freund \u201eMassage vom Ex-Freund\u201c von Trinity Taylor ist ein spannungsvoll-sinnliches H\u00f6rspiel \u00fcber N\u00e4he, alte Gef\u00fchle und die Frage, ob Vergangenes wirklich abgeschlossen ist.Was als scheinbar harmlose Ber\u00fchrung beginnt, \u00f6ffnet T\u00fcren zu Erinnerungen, unausgesprochenen Emotionen und einer Anziehung, die nie ganz verschwunden war. Zwischen vertrauter Intimit\u00e4t, innerem Widerstand und [&hellip;]<\/p>\n","protected":false},"featured_media":2396,"comment_status":"open","ping_status":"closed","template":"","meta":[],"product_brand":[],"product_cat":[30],"product_tag":[],"class_list":{"0":"post-2390","1":"product","2":"type-product","3":"status-publish","4":"has-post-thumbnail","6":"product_cat-erotik-hoerbuecher","8":"first","9":"instock","10":"sale","11":"virtual","12":"purchasable","13":"product-type-simple"},"jetpack_sharing_enabled":true,"_links":{"self":[{"href":"https:\/\/audiobook-24.com\/en\/wp-json\/wp\/v2\/product\/2390","targetHints":{"allow":["GET"]}}],"collection":[{"href":"https:\/\/audiobook-24.com\/en\/wp-json\/wp\/v2\/product"}],"about":[{"href":"https:\/\/audiobook-24.com\/en\/wp-json\/wp\/v2\/types\/product"}],"replies":[{"embeddable":true,"href":"https:\/\/audiobook-24.com\/en\/wp-json\/wp\/v2\/comments?post=2390"}],"wp:featuredmedia":[{"embeddable":true,"href":"https:\/\/audiobook-24.com\/en\/wp-json\/wp\/v2\/media\/2396"}],"wp:attachment":[{"href":"https:\/\/audiobook-24.com\/en\/wp-json\/wp\/v2\/media?parent=2390"}],"wp:term":[{"taxonomy":"product_brand","embeddable":true,"href":"https:\/\/audiobook-24.com\/en\/wp-json\/wp\/v2\/product_brand?post=2390"},{"taxonomy":"product_cat","embeddable":true,"href":"https:\/\/audiobook-24.com\/en\/wp-json\/wp\/v2\/product_cat?post=2390"},{"taxonomy":"product_tag","embeddable":true,"href":"https:\/\/audiobook-24.com\/en\/wp-json\/wp\/v2\/product_tag?post=2390"}],"curies":[{"name":"wp","href":"https:\/\/api.w.org\/{rel}","templated":true}]}}