{"id":2389,"date":"2025-12-20T01:44:46","date_gmt":"2025-12-20T01:44:46","guid":{"rendered":"https:\/\/audiobook-24.com\/?post_type=product&#038;p=2389"},"modified":"2025-12-20T01:44:46","modified_gmt":"2025-12-20T01:44:46","slug":"%f0%9f%8e%a7-hoerspiel-trinity-taylor-nimm-mich-endlich","status":"publish","type":"product","link":"https:\/\/audiobook-24.com\/en\/product\/%f0%9f%8e%a7-hoerspiel-trinity-taylor-nimm-mich-endlich\/","title":{"rendered":"\ud83c\udfa7 H\u00f6rspiel Trinity Taylor \u2013 Nimm mich endlich"},"content":{"rendered":"<div class=\"text-base my-auto mx-auto pb-10 [--thread-content-margin:--spacing(4)] @w-sm\/main:[--thread-content-margin:--spacing(6)] @w-lg\/main:[--thread-content-margin:--spacing(16)] px-(--thread-content-margin)\">\n<div class=\"[--thread-content-max-width:40rem] @w-lg\/main:[--thread-content-max-width:48rem] mx-auto max-w-(--thread-content-max-width) flex-1 group\/turn-messages focus-visible:outline-hidden relative flex w-full min-w-0 flex-col agent-turn\" tabindex=\"-1\">\n<div class=\"flex max-w-full flex-col grow\">\n<div class=\"min-h-8 text-message relative flex w-full flex-col items-end gap-2 text-start break-words whitespace-normal [.text-message+&amp;]:mt-1\" dir=\"auto\" data-message-author-role=\"assistant\" data-message-id=\"ef0be0e9-5c98-4fd6-9870-45a0378af788\" data-message-model-slug=\"gpt-5-2\">\n<div class=\"flex w-full flex-col gap-1 empty:hidden first:pt-[1px]\">\n<div class=\"markdown prose dark:prose-invert w-full break-words light markdown-new-styling\">\n<p data-start=\"0\" data-end=\"50\">\ud83c\udfa7 <strong data-start=\"3\" data-end=\"50\">H\u00f6rspiel Trinity Taylor \u2013 Nimm mich endlich<\/strong><\/p>\n<p data-start=\"52\" data-end=\"340\">\u201eNimm mich endlich\u201c von Trinity Taylor ist ein hochspannendes H\u00f6rspiel \u00fcber aufgestautes Verlangen, Zur\u00fcckhaltung und den Moment, in dem Worte nicht mehr ausreichen.<br data-start=\"217\" data-end=\"220\" \/>Was lange unausgesprochen bleibt, verdichtet sich zu einer intensiven Dynamik aus N\u00e4he, Erwartung und emotionalem Druck.<\/p>\n<p data-start=\"342\" data-end=\"654\">Zwischen deutlichen Andeutungen, innerem Ringen und sinnlicher Atmosph\u00e4re entfaltet sich eine Geschichte, die vom Warten lebt \u2013 und von der Kraft eines klaren Begehrens.<br data-start=\"511\" data-end=\"514\" \/>Das H\u00f6rspiel lebt von aufgeladener Stimmung, ehrlichen Dialogen und der Spannung zwischen Kontrolle und dem Wunsch, sie endlich loszulassen.<\/p>\n<p data-start=\"656\" data-end=\"877\"><strong data-start=\"656\" data-end=\"676\">Erwartet werden:<\/strong><br data-start=\"676\" data-end=\"679\" \/>\ud83c\udfa7 Atmosph\u00e4risches H\u00f6rspiel mit starker Intensit\u00e4t<br data-start=\"729\" data-end=\"732\" \/>\ud83d\udda4 Verlangen, Zur\u00fcckhaltung &amp; emotionale Eskalation<br data-start=\"783\" data-end=\"786\" \/>\ud83d\udd25 Subtile Sinnlichkeit &amp; sp\u00fcrbare Spannung<br data-start=\"829\" data-end=\"832\" \/>\ud83d\udde3\ufe0f Direkte Dialoge &amp; eindringliche Stimmen<\/p>\n<p data-start=\"879\" data-end=\"961\">Ein H\u00f6rspiel \u00fcber das Verlangen nach N\u00e4he \u2013 klar, kompromisslos und lange sp\u00fcrbar.<\/p>\n<p data-start=\"963\" data-end=\"992\">\ud83d\udd0a <strong data-start=\"966\" data-end=\"977\">Format:<\/strong> H\u00f6rspiel (MP3)<\/p>\n<p data-start=\"994\" data-end=\"1143\">\u2b07\ufe0f Sofortiger Download f\u00fcr Handy<br data-start=\"1026\" data-end=\"1029\" \/>\u2b07\ufe0f Sofortiger Download f\u00fcr PC<br data-start=\"1058\" data-end=\"1061\" \/>\u2b07\ufe0f Sofortiger Download f\u00fcrs Tablet<br data-start=\"1095\" data-end=\"1098\" \/>\u2b07\ufe0f Kompatibel mit allen MP3-f\u00e4higen Ger\u00e4ten<\/p>\n<p data-start=\"1145\" data-end=\"1203\" data-is-last-node=\"\" data-is-only-node=\"\">\ud83d\udc49 <strong data-start=\"1148\" data-end=\"1203\" data-is-last-node=\"\">Einmal gekauft \u2013 jederzeit und unbegrenzt abrufbar!<\/strong><\/p>\n<\/div>\n<\/div>\n<\/div>\n<\/div>\n<\/div>\n<\/div>\n","protected":false},"excerpt":{"rendered":"<p>\ud83c\udfa7 H\u00f6rspiel Trinity Taylor \u2013 Nimm mich endlich \u201eNimm mich endlich\u201c von Trinity Taylor ist ein hochspannendes H\u00f6rspiel \u00fcber aufgestautes Verlangen, Zur\u00fcckhaltung und den Moment, in dem Worte nicht mehr ausreichen.Was lange unausgesprochen bleibt, verdichtet sich zu einer intensiven Dynamik aus N\u00e4he, Erwartung und emotionalem Druck. Zwischen deutlichen Andeutungen, innerem Ringen und sinnlicher Atmosph\u00e4re entfaltet [&hellip;]<\/p>\n","protected":false},"featured_media":2397,"comment_status":"open","ping_status":"closed","template":"","meta":[],"product_brand":[],"product_cat":[30],"product_tag":[],"class_list":{"0":"post-2389","1":"product","2":"type-product","3":"status-publish","4":"has-post-thumbnail","6":"product_cat-erotik-hoerbuecher","8":"first","9":"instock","10":"sale","11":"virtual","12":"purchasable","13":"product-type-simple"},"jetpack_sharing_enabled":true,"_links":{"self":[{"href":"https:\/\/audiobook-24.com\/en\/wp-json\/wp\/v2\/product\/2389","targetHints":{"allow":["GET"]}}],"collection":[{"href":"https:\/\/audiobook-24.com\/en\/wp-json\/wp\/v2\/product"}],"about":[{"href":"https:\/\/audiobook-24.com\/en\/wp-json\/wp\/v2\/types\/product"}],"replies":[{"embeddable":true,"href":"https:\/\/audiobook-24.com\/en\/wp-json\/wp\/v2\/comments?post=2389"}],"wp:featuredmedia":[{"embeddable":true,"href":"https:\/\/audiobook-24.com\/en\/wp-json\/wp\/v2\/media\/2397"}],"wp:attachment":[{"href":"https:\/\/audiobook-24.com\/en\/wp-json\/wp\/v2\/media?parent=2389"}],"wp:term":[{"taxonomy":"product_brand","embeddable":true,"href":"https:\/\/audiobook-24.com\/en\/wp-json\/wp\/v2\/product_brand?post=2389"},{"taxonomy":"product_cat","embeddable":true,"href":"https:\/\/audiobook-24.com\/en\/wp-json\/wp\/v2\/product_cat?post=2389"},{"taxonomy":"product_tag","embeddable":true,"href":"https:\/\/audiobook-24.com\/en\/wp-json\/wp\/v2\/product_tag?post=2389"}],"curies":[{"name":"wp","href":"https:\/\/api.w.org\/{rel}","templated":true}]}}