{"id":2388,"date":"2025-12-20T01:47:01","date_gmt":"2025-12-20T01:47:01","guid":{"rendered":"https:\/\/audiobook-24.com\/?post_type=product&#038;p=2388"},"modified":"2025-12-20T01:47:01","modified_gmt":"2025-12-20T01:47:01","slug":"%f0%9f%8e%a7-hoerspiel-trinity-taylor-notgeil","status":"publish","type":"product","link":"https:\/\/audiobook-24.com\/en\/product\/%f0%9f%8e%a7-hoerspiel-trinity-taylor-notgeil\/","title":{"rendered":"\ud83c\udfa7 H\u00f6rspiel Trinity Taylor \u2013 NotGeil"},"content":{"rendered":"<p data-start=\"0\" data-end=\"40\">\ud83c\udfa7 <strong data-start=\"3\" data-end=\"40\">H\u00f6rspiel Trinity Taylor \u2013 NotGeil<\/strong><\/p>\n<p data-start=\"42\" data-end=\"354\">\u201eNotGeil\u201c von Trinity Taylor ist ein provokantes und intensives H\u00f6rspiel \u00fcber widerspr\u00fcchliche Gef\u00fchle, Grenz\u00fcberschreitungen und das Spiel mit Tabus.<br data-start=\"192\" data-end=\"195\" \/>Was zun\u00e4chst irritierend oder abweisend wirkt, entwickelt sich zu einem Spannungsfeld zwischen Neugier, Begehren und der eigenen Haltung zu Lust und Kontrolle.<\/p>\n<p data-start=\"356\" data-end=\"638\">Zwischen ehrlicher Direktheit, innerer Zerrissenheit und aufgeladener Atmosph\u00e4re entfaltet sich eine Geschichte, die die Grenzen zwischen Ablehnung und Verlangen erkundet.<br data-start=\"527\" data-end=\"530\" \/>Das H\u00f6rspiel lebt von pointierten Dialogen, psychologischer Spannung und der k\u00fchnen Konfrontation mit Tabus.<\/p>\n<p data-start=\"640\" data-end=\"868\"><strong data-start=\"640\" data-end=\"660\">Erwartet werden:<\/strong><br data-start=\"660\" data-end=\"663\" \/>\ud83c\udfa7 Atmosph\u00e4risches H\u00f6rspiel mit provokanter Intensit\u00e4t<br data-start=\"717\" data-end=\"720\" \/>\ud83d\udda4 Widerspr\u00fcchliche Gef\u00fchle &amp; emotionale Spannung<br data-start=\"769\" data-end=\"772\" \/>\ud83d\udd25 Subtile Sinnlichkeit &amp; psychologisches Knistern<br data-start=\"822\" data-end=\"825\" \/>\ud83d\udde3\ufe0f Klare Dialoge &amp; eindringliche Stimmen<\/p>\n<p data-start=\"870\" data-end=\"967\">Ein H\u00f6rspiel, das die Grenzen von Lust und Ablehnung auslotet \u2013 intensiv, direkt und nachwirkend.<\/p>\n<p data-start=\"969\" data-end=\"998\">\ud83d\udd0a <strong data-start=\"972\" data-end=\"983\">Format:<\/strong> H\u00f6rspiel (MP3)<\/p>\n<p data-start=\"1000\" data-end=\"1149\">\u2b07\ufe0f Sofortiger Download f\u00fcr Handy<br data-start=\"1032\" data-end=\"1035\" \/>\u2b07\ufe0f Sofortiger Download f\u00fcr PC<br data-start=\"1064\" data-end=\"1067\" \/>\u2b07\ufe0f Sofortiger Download f\u00fcrs Tablet<br data-start=\"1101\" data-end=\"1104\" \/>\u2b07\ufe0f Kompatibel mit allen MP3-f\u00e4higen Ger\u00e4ten<\/p>\n<p data-start=\"1151\" data-end=\"1209\" data-is-last-node=\"\" data-is-only-node=\"\">\ud83d\udc49 <strong data-start=\"1154\" data-end=\"1209\" data-is-last-node=\"\">Einmal gekauft \u2013 jederzeit und unbegrenzt abrufbar!<\/strong><\/p>","protected":false},"excerpt":{"rendered":"<p>\ud83c\udfa7 H\u00f6rspiel Trinity Taylor \u2013 NotGeil \u201eNotGeil\u201c von Trinity Taylor ist ein provokantes und intensives H\u00f6rspiel \u00fcber widerspr\u00fcchliche Gef\u00fchle, Grenz\u00fcberschreitungen und das Spiel mit Tabus.Was zun\u00e4chst irritierend oder abweisend wirkt, entwickelt sich zu einem Spannungsfeld zwischen Neugier, Begehren und der eigenen Haltung zu Lust und Kontrolle. Zwischen ehrlicher Direktheit, innerer Zerrissenheit und aufgeladener Atmosph\u00e4re entfaltet [&hellip;]<\/p>\n","protected":false},"featured_media":2398,"comment_status":"open","ping_status":"closed","template":"","meta":[],"product_brand":[],"product_cat":[30],"product_tag":[],"class_list":{"0":"post-2388","1":"product","2":"type-product","3":"status-publish","4":"has-post-thumbnail","6":"product_cat-erotik-hoerbuecher","8":"first","9":"instock","10":"sale","11":"virtual","12":"purchasable","13":"product-type-simple"},"jetpack_sharing_enabled":true,"_links":{"self":[{"href":"https:\/\/audiobook-24.com\/en\/wp-json\/wp\/v2\/product\/2388","targetHints":{"allow":["GET"]}}],"collection":[{"href":"https:\/\/audiobook-24.com\/en\/wp-json\/wp\/v2\/product"}],"about":[{"href":"https:\/\/audiobook-24.com\/en\/wp-json\/wp\/v2\/types\/product"}],"replies":[{"embeddable":true,"href":"https:\/\/audiobook-24.com\/en\/wp-json\/wp\/v2\/comments?post=2388"}],"wp:featuredmedia":[{"embeddable":true,"href":"https:\/\/audiobook-24.com\/en\/wp-json\/wp\/v2\/media\/2398"}],"wp:attachment":[{"href":"https:\/\/audiobook-24.com\/en\/wp-json\/wp\/v2\/media?parent=2388"}],"wp:term":[{"taxonomy":"product_brand","embeddable":true,"href":"https:\/\/audiobook-24.com\/en\/wp-json\/wp\/v2\/product_brand?post=2388"},{"taxonomy":"product_cat","embeddable":true,"href":"https:\/\/audiobook-24.com\/en\/wp-json\/wp\/v2\/product_cat?post=2388"},{"taxonomy":"product_tag","embeddable":true,"href":"https:\/\/audiobook-24.com\/en\/wp-json\/wp\/v2\/product_tag?post=2388"}],"curies":[{"name":"wp","href":"https:\/\/api.w.org\/{rel}","templated":true}]}}