{"id":2377,"date":"2025-12-20T01:05:06","date_gmt":"2025-12-20T01:05:06","guid":{"rendered":"https:\/\/audiobook-24.com\/?post_type=product&#038;p=2377"},"modified":"2025-12-20T01:05:06","modified_gmt":"2025-12-20T01:05:06","slug":"%f0%9f%8e%a7-hoerspiel-trinity-taylor-die-sexluege","status":"publish","type":"product","link":"https:\/\/audiobook-24.com\/en\/product\/%f0%9f%8e%a7-hoerspiel-trinity-taylor-die-sexluege\/","title":{"rendered":"\ud83c\udfa7 H\u00f6rspiel Trinity Taylor \u2013 Die SexL\u00fcge"},"content":{"rendered":"<p data-start=\"0\" data-end=\"44\">\ud83c\udfa7 <strong data-start=\"3\" data-end=\"44\">H\u00f6rspiel Trinity Taylor \u2013 Die SexL\u00fcge<\/strong><\/p>\n<p data-start=\"46\" data-end=\"369\">\u201eDie SexL\u00fcge\u201c von Trinity Taylor ist ein spannungsgeladenes H\u00f6rspiel \u00fcber Begehren, Selbstt\u00e4uschung und die Geschichten, die Menschen sich erz\u00e4hlen, um N\u00e4he zuzulassen \u2013 oder zu vermeiden.<br data-start=\"234\" data-end=\"237\" \/>Was als scheinbar klare Haltung beginnt, ger\u00e4t ins Wanken, als Gef\u00fchle, Erwartungen und unausgesprochene W\u00fcnsche aufeinandertreffen.<\/p>\n<p data-start=\"371\" data-end=\"653\">Zwischen ehrlichen Dialogen, inneren Konflikten und leiser Sinnlichkeit entfaltet sich eine Geschichte, die mit Rollenbildern spielt und emotionale Wahrheiten freilegt.<br data-start=\"539\" data-end=\"542\" \/>Das H\u00f6rspiel lebt von dichter Atmosph\u00e4re, pointierter Sprache und der Spannung zwischen Anspruch und Verlangen.<\/p>\n<p data-start=\"655\" data-end=\"867\"><strong data-start=\"655\" data-end=\"675\">Erwartet werden:<\/strong><br data-start=\"675\" data-end=\"678\" \/>\ud83c\udfa7 Atmosph\u00e4risches H\u00f6rspiel mit emotionalem Tiefgang<br data-start=\"730\" data-end=\"733\" \/>\ud83d\udda4 Beziehung, Selbstbild &amp; innere Konflikte<br data-start=\"776\" data-end=\"779\" \/>\ud83d\udd25 Subtile Sinnlichkeit &amp; psychologische Spannung<br data-start=\"828\" data-end=\"831\" \/>\ud83d\udde3\ufe0f Klare Dialoge &amp; starke Stimmen<\/p>\n<p data-start=\"869\" data-end=\"933\">Ein modernes H\u00f6rspiel, das N\u00e4he hinterfragt und lange nachhallt.<\/p>\n<p data-start=\"935\" data-end=\"964\">\ud83d\udd0a <strong data-start=\"938\" data-end=\"949\">Format:<\/strong> H\u00f6rspiel (MP3)<\/p>\n<p data-start=\"966\" data-end=\"1115\">\u2b07\ufe0f Sofortiger Download f\u00fcr Handy<br data-start=\"998\" data-end=\"1001\" \/>\u2b07\ufe0f Sofortiger Download f\u00fcr PC<br data-start=\"1030\" data-end=\"1033\" \/>\u2b07\ufe0f Sofortiger Download f\u00fcrs Tablet<br data-start=\"1067\" data-end=\"1070\" \/>\u2b07\ufe0f Kompatibel mit allen MP3-f\u00e4higen Ger\u00e4ten<\/p>\n<p data-start=\"1117\" data-end=\"1175\" data-is-last-node=\"\" data-is-only-node=\"\">\ud83d\udc49 <strong data-start=\"1120\" data-end=\"1175\" data-is-last-node=\"\">Einmal gekauft \u2013 jederzeit und unbegrenzt abrufbar!<\/strong><\/p>","protected":false},"excerpt":{"rendered":"<p>\ud83c\udfa7 H\u00f6rspiel Trinity Taylor \u2013 Die SexL\u00fcge \u201eDie SexL\u00fcge\u201c von Trinity Taylor ist ein spannungsgeladenes H\u00f6rspiel \u00fcber Begehren, Selbstt\u00e4uschung und die Geschichten, die Menschen sich erz\u00e4hlen, um N\u00e4he zuzulassen \u2013 oder zu vermeiden.Was als scheinbar klare Haltung beginnt, ger\u00e4t ins Wanken, als Gef\u00fchle, Erwartungen und unausgesprochene W\u00fcnsche aufeinandertreffen. Zwischen ehrlichen Dialogen, inneren Konflikten und leiser [&hellip;]<\/p>\n","protected":false},"featured_media":2380,"comment_status":"open","ping_status":"closed","template":"","meta":[],"product_brand":[],"product_cat":[30],"product_tag":[],"class_list":{"0":"post-2377","1":"product","2":"type-product","3":"status-publish","4":"has-post-thumbnail","6":"product_cat-erotik-hoerbuecher","8":"first","9":"instock","10":"sale","11":"virtual","12":"purchasable","13":"product-type-simple"},"jetpack_sharing_enabled":true,"_links":{"self":[{"href":"https:\/\/audiobook-24.com\/en\/wp-json\/wp\/v2\/product\/2377","targetHints":{"allow":["GET"]}}],"collection":[{"href":"https:\/\/audiobook-24.com\/en\/wp-json\/wp\/v2\/product"}],"about":[{"href":"https:\/\/audiobook-24.com\/en\/wp-json\/wp\/v2\/types\/product"}],"replies":[{"embeddable":true,"href":"https:\/\/audiobook-24.com\/en\/wp-json\/wp\/v2\/comments?post=2377"}],"wp:featuredmedia":[{"embeddable":true,"href":"https:\/\/audiobook-24.com\/en\/wp-json\/wp\/v2\/media\/2380"}],"wp:attachment":[{"href":"https:\/\/audiobook-24.com\/en\/wp-json\/wp\/v2\/media?parent=2377"}],"wp:term":[{"taxonomy":"product_brand","embeddable":true,"href":"https:\/\/audiobook-24.com\/en\/wp-json\/wp\/v2\/product_brand?post=2377"},{"taxonomy":"product_cat","embeddable":true,"href":"https:\/\/audiobook-24.com\/en\/wp-json\/wp\/v2\/product_cat?post=2377"},{"taxonomy":"product_tag","embeddable":true,"href":"https:\/\/audiobook-24.com\/en\/wp-json\/wp\/v2\/product_tag?post=2377"}],"curies":[{"name":"wp","href":"https:\/\/api.w.org\/{rel}","templated":true}]}}