{"id":2373,"date":"2025-12-20T01:30:02","date_gmt":"2025-12-20T01:30:02","guid":{"rendered":"https:\/\/audiobook-24.com\/?post_type=product&#038;p=2373"},"modified":"2025-12-20T01:30:03","modified_gmt":"2025-12-20T01:30:03","slug":"%f0%9f%8e%a7-hoerspiel-trinity-taylor-keine-liebe-nur-sex","status":"publish","type":"product","link":"https:\/\/audiobook-24.com\/en\/product\/%f0%9f%8e%a7-hoerspiel-trinity-taylor-keine-liebe-nur-sex\/","title":{"rendered":"\ud83c\udfa7 H\u00f6rspiel Trinity Taylor \u2013 Keine Liebe \u2013 nur Sex"},"content":{"rendered":"<p data-start=\"0\" data-end=\"54\">\ud83c\udfa7 <strong data-start=\"3\" data-end=\"54\">H\u00f6rspiel Trinity Taylor \u2013 Keine Liebe \u2013 nur Sex<\/strong><\/p>\n<p data-start=\"56\" data-end=\"362\">\u201eKeine Liebe \u2013 nur Sex\u201c von Trinity Taylor ist ein intensiv-psychologisches H\u00f6rspiel \u00fcber Abgrenzung, Begehren und die Versuchung klarer Regeln.<br data-start=\"200\" data-end=\"203\" \/>Was als n\u00fcchterne Vereinbarung ohne Gef\u00fchle beginnt, ger\u00e4t ins Wanken, als N\u00e4he entsteht, Erwartungen wachsen und das Ungesagte lauter wird als jede Abmachung.<\/p>\n<p data-start=\"364\" data-end=\"666\">Zwischen direkter Sprache, inneren Konflikten und aufgeladener Atmosph\u00e4re entfaltet sich eine Geschichte, die den schmalen Grat zwischen Kontrolle und Hingabe auslotet.<br data-start=\"532\" data-end=\"535\" \/>Das H\u00f6rspiel lebt von ehrlichen Dialogen, emotionaler Spannung und der Frage, ob Begehren wirklich frei von Bedeutung bleiben kann.<\/p>\n<p data-start=\"668\" data-end=\"897\"><strong data-start=\"668\" data-end=\"688\">Erwartet werden:<\/strong><br data-start=\"688\" data-end=\"691\" \/>\ud83c\udfa7 Atmosph\u00e4risches H\u00f6rspiel mit emotionaler Intensit\u00e4t<br data-start=\"745\" data-end=\"748\" \/>\ud83d\udda4 Abgrenzung, Selbstt\u00e4uschung &amp; innere Spannung<br data-start=\"796\" data-end=\"799\" \/>\ud83d\udd25 Subtile Sinnlichkeit &amp; psychologisches Knistern<br data-start=\"849\" data-end=\"852\" \/>\ud83d\udde3\ufe0f Klare Dialoge &amp; ausdrucksstarke Stimmen<\/p>\n<p data-start=\"899\" data-end=\"975\">Ein H\u00f6rspiel, das zeigt, wie fragil klare Regeln werden, wenn N\u00e4he entsteht.<\/p>\n<p data-start=\"977\" data-end=\"1006\">\ud83d\udd0a <strong data-start=\"980\" data-end=\"991\">Format:<\/strong> H\u00f6rspiel (MP3)<\/p>\n<p data-start=\"1008\" data-end=\"1157\">\u2b07\ufe0f Sofortiger Download f\u00fcr Handy<br data-start=\"1040\" data-end=\"1043\" \/>\u2b07\ufe0f Sofortiger Download f\u00fcr PC<br data-start=\"1072\" data-end=\"1075\" \/>\u2b07\ufe0f Sofortiger Download f\u00fcrs Tablet<br data-start=\"1109\" data-end=\"1112\" \/>\u2b07\ufe0f Kompatibel mit allen MP3-f\u00e4higen Ger\u00e4ten<\/p>\n<p data-start=\"1159\" data-end=\"1217\" data-is-last-node=\"\" data-is-only-node=\"\">\ud83d\udc49 <strong data-start=\"1162\" data-end=\"1217\" data-is-last-node=\"\">Einmal gekauft \u2013 jederzeit und unbegrenzt abrufbar!<\/strong><\/p>","protected":false},"excerpt":{"rendered":"<p>\ud83c\udfa7 H\u00f6rspiel Trinity Taylor \u2013 Keine Liebe \u2013 nur Sex \u201eKeine Liebe \u2013 nur Sex\u201c von Trinity Taylor ist ein intensiv-psychologisches H\u00f6rspiel \u00fcber Abgrenzung, Begehren und die Versuchung klarer Regeln.Was als n\u00fcchterne Vereinbarung ohne Gef\u00fchle beginnt, ger\u00e4t ins Wanken, als N\u00e4he entsteht, Erwartungen wachsen und das Ungesagte lauter wird als jede Abmachung. Zwischen direkter Sprache, [&hellip;]<\/p>\n","protected":false},"featured_media":2384,"comment_status":"open","ping_status":"closed","template":"","meta":[],"product_brand":[],"product_cat":[30],"product_tag":[],"class_list":{"0":"post-2373","1":"product","2":"type-product","3":"status-publish","4":"has-post-thumbnail","6":"product_cat-erotik-hoerbuecher","8":"first","9":"instock","10":"sale","11":"virtual","12":"purchasable","13":"product-type-simple"},"jetpack_sharing_enabled":true,"_links":{"self":[{"href":"https:\/\/audiobook-24.com\/en\/wp-json\/wp\/v2\/product\/2373","targetHints":{"allow":["GET"]}}],"collection":[{"href":"https:\/\/audiobook-24.com\/en\/wp-json\/wp\/v2\/product"}],"about":[{"href":"https:\/\/audiobook-24.com\/en\/wp-json\/wp\/v2\/types\/product"}],"replies":[{"embeddable":true,"href":"https:\/\/audiobook-24.com\/en\/wp-json\/wp\/v2\/comments?post=2373"}],"wp:featuredmedia":[{"embeddable":true,"href":"https:\/\/audiobook-24.com\/en\/wp-json\/wp\/v2\/media\/2384"}],"wp:attachment":[{"href":"https:\/\/audiobook-24.com\/en\/wp-json\/wp\/v2\/media?parent=2373"}],"wp:term":[{"taxonomy":"product_brand","embeddable":true,"href":"https:\/\/audiobook-24.com\/en\/wp-json\/wp\/v2\/product_brand?post=2373"},{"taxonomy":"product_cat","embeddable":true,"href":"https:\/\/audiobook-24.com\/en\/wp-json\/wp\/v2\/product_cat?post=2373"},{"taxonomy":"product_tag","embeddable":true,"href":"https:\/\/audiobook-24.com\/en\/wp-json\/wp\/v2\/product_tag?post=2373"}],"curies":[{"name":"wp","href":"https:\/\/api.w.org\/{rel}","templated":true}]}}