{"id":2372,"date":"2025-12-20T01:33:19","date_gmt":"2025-12-20T01:33:19","guid":{"rendered":"https:\/\/audiobook-24.com\/?post_type=product&#038;p=2372"},"modified":"2025-12-20T01:33:20","modified_gmt":"2025-12-20T01:33:20","slug":"%f0%9f%8e%a7-hoerspiel-trinity-taylor-liebeshunger","status":"publish","type":"product","link":"https:\/\/audiobook-24.com\/en\/product\/%f0%9f%8e%a7-hoerspiel-trinity-taylor-liebeshunger\/","title":{"rendered":"\ud83c\udfa7 H\u00f6rspiel Trinity Taylor \u2013 LiebesHunger"},"content":{"rendered":"<p data-start=\"0\" data-end=\"45\">\ud83c\udfa7 <strong data-start=\"3\" data-end=\"45\">H\u00f6rspiel Trinity Taylor \u2013 LiebesHunger<\/strong><\/p>\n<p data-start=\"47\" data-end=\"323\">\u201eLiebesHunger\u201c von Trinity Taylor ist ein emotional aufgeladenes H\u00f6rspiel \u00fcber Verlangen, Leere und das Bed\u00fcrfnis nach N\u00e4he.<br data-start=\"171\" data-end=\"174\" \/>Was als k\u00f6rperliches Begehren erscheint, entpuppt sich als Suche nach mehr \u2013 nach Best\u00e4tigung, Verbindung und dem Gef\u00fchl, wirklich gesehen zu werden.<\/p>\n<p data-start=\"325\" data-end=\"615\">Zwischen intensiven Dialogen, innerer Zerrissenheit und sinnlicher Spannung entfaltet sich eine Geschichte, die zeigt, wie nah Hunger und Sehnsucht beieinanderliegen.<br data-start=\"491\" data-end=\"494\" \/>Das H\u00f6rspiel lebt von dichter Atmosph\u00e4re, ehrlichen Momenten und der Frage, ob Liebe stillen kann, was tief in uns fehlt.<\/p>\n<p data-start=\"617\" data-end=\"830\"><strong data-start=\"617\" data-end=\"637\">Erwartet werden:<\/strong><br data-start=\"637\" data-end=\"640\" \/>\ud83c\udfa7 Atmosph\u00e4risches H\u00f6rspiel mit emotionaler Tiefe<br data-start=\"689\" data-end=\"692\" \/>\ud83d\udda4 Sehnsucht, Bed\u00fcrfnis &amp; innere Leere<br data-start=\"730\" data-end=\"733\" \/>\ud83d\udd25 Subtile Sinnlichkeit &amp; psychologische Intensit\u00e4t<br data-start=\"784\" data-end=\"787\" \/>\ud83d\udde3\ufe0f Klare Dialoge &amp; eindringliche Stimmen<\/p>\n<p data-start=\"832\" data-end=\"919\">Ein H\u00f6rspiel \u00fcber das Verlangen nach N\u00e4he \u2013 und den Mut, sich diesem Hunger zu stellen.<\/p>\n<p data-start=\"921\" data-end=\"950\">\ud83d\udd0a <strong data-start=\"924\" data-end=\"935\">Format:<\/strong> H\u00f6rspiel (MP3)<\/p>\n<p data-start=\"952\" data-end=\"1101\">\u2b07\ufe0f Sofortiger Download f\u00fcr Handy<br data-start=\"984\" data-end=\"987\" \/>\u2b07\ufe0f Sofortiger Download f\u00fcr PC<br data-start=\"1016\" data-end=\"1019\" \/>\u2b07\ufe0f Sofortiger Download f\u00fcrs Tablet<br data-start=\"1053\" data-end=\"1056\" \/>\u2b07\ufe0f Kompatibel mit allen MP3-f\u00e4higen Ger\u00e4ten<\/p>\n<p data-start=\"1103\" data-end=\"1161\" data-is-last-node=\"\" data-is-only-node=\"\">\ud83d\udc49 <strong data-start=\"1106\" data-end=\"1161\" data-is-last-node=\"\">Einmal gekauft \u2013 jederzeit und unbegrenzt abrufbar!<\/strong><\/p>","protected":false},"excerpt":{"rendered":"<p>\ud83c\udfa7 H\u00f6rspiel Trinity Taylor \u2013 LiebesHunger \u201eLiebesHunger\u201c von Trinity Taylor ist ein emotional aufgeladenes H\u00f6rspiel \u00fcber Verlangen, Leere und das Bed\u00fcrfnis nach N\u00e4he.Was als k\u00f6rperliches Begehren erscheint, entpuppt sich als Suche nach mehr \u2013 nach Best\u00e4tigung, Verbindung und dem Gef\u00fchl, wirklich gesehen zu werden. Zwischen intensiven Dialogen, innerer Zerrissenheit und sinnlicher Spannung entfaltet sich eine [&hellip;]<\/p>\n","protected":false},"featured_media":2393,"comment_status":"open","ping_status":"closed","template":"","meta":[],"product_brand":[],"product_cat":[30],"product_tag":[],"class_list":{"0":"post-2372","1":"product","2":"type-product","3":"status-publish","4":"has-post-thumbnail","6":"product_cat-erotik-hoerbuecher","8":"first","9":"instock","10":"sale","11":"virtual","12":"purchasable","13":"product-type-simple"},"jetpack_sharing_enabled":true,"_links":{"self":[{"href":"https:\/\/audiobook-24.com\/en\/wp-json\/wp\/v2\/product\/2372","targetHints":{"allow":["GET"]}}],"collection":[{"href":"https:\/\/audiobook-24.com\/en\/wp-json\/wp\/v2\/product"}],"about":[{"href":"https:\/\/audiobook-24.com\/en\/wp-json\/wp\/v2\/types\/product"}],"replies":[{"embeddable":true,"href":"https:\/\/audiobook-24.com\/en\/wp-json\/wp\/v2\/comments?post=2372"}],"wp:featuredmedia":[{"embeddable":true,"href":"https:\/\/audiobook-24.com\/en\/wp-json\/wp\/v2\/media\/2393"}],"wp:attachment":[{"href":"https:\/\/audiobook-24.com\/en\/wp-json\/wp\/v2\/media?parent=2372"}],"wp:term":[{"taxonomy":"product_brand","embeddable":true,"href":"https:\/\/audiobook-24.com\/en\/wp-json\/wp\/v2\/product_brand?post=2372"},{"taxonomy":"product_cat","embeddable":true,"href":"https:\/\/audiobook-24.com\/en\/wp-json\/wp\/v2\/product_cat?post=2372"},{"taxonomy":"product_tag","embeddable":true,"href":"https:\/\/audiobook-24.com\/en\/wp-json\/wp\/v2\/product_tag?post=2372"}],"curies":[{"name":"wp","href":"https:\/\/api.w.org\/{rel}","templated":true}]}}