{"id":2359,"date":"2025-12-16T11:27:15","date_gmt":"2025-12-16T11:27:15","guid":{"rendered":"https:\/\/audiobook-24.com\/?post_type=product&#038;p=2359"},"modified":"2025-12-16T11:28:30","modified_gmt":"2025-12-16T11:28:30","slug":"%f0%9f%8e%a7-hoerspiel-valerie-nilon-die-beifahrerin","status":"publish","type":"product","link":"https:\/\/audiobook-24.com\/en\/product\/%f0%9f%8e%a7-hoerspiel-valerie-nilon-die-beifahrerin\/","title":{"rendered":"\ud83c\udfa7 H\u00f6rspiel Valerie Nilon \u2013 Die Beifahrerin"},"content":{"rendered":"<p data-start=\"0\" data-end=\"47\">\ud83c\udfa7 <strong data-start=\"3\" data-end=\"47\">H\u00f6rspiel Valerie Nilon \u2013 Die Beifahrerin<\/strong><\/p>\n<p data-start=\"49\" data-end=\"350\">\u201eDie Beifahrerin\u201c von Valerie Nilon ist ein sinnlich-psychologisches H\u00f6rspiel \u00fcber N\u00e4he auf engem Raum, unausgesprochene W\u00fcnsche und die Spannung zwischen Kontrolle und Hingabe.<br data-start=\"226\" data-end=\"229\" \/>Eine gemeinsame Autofahrt wird zum Ausgangspunkt f\u00fcr Gedanken, Blicke und Fantasien, die weit \u00fcber das Ziel hinausf\u00fchren.<\/p>\n<p data-start=\"352\" data-end=\"574\">Zwischen Motorenger\u00e4uschen, kurzen Dialogen und innerem Erleben entsteht eine intensive Atmosph\u00e4re, in der jede Bewegung Bedeutung bekommt.<br data-start=\"491\" data-end=\"494\" \/>Das H\u00f6rspiel lebt von leiser Erotik, klarer Sprache und dem Reiz des Ungesagten.<\/p>\n<p data-start=\"576\" data-end=\"779\"><strong data-start=\"576\" data-end=\"596\">Erwartet werden:<\/strong><br data-start=\"596\" data-end=\"599\" \/>\ud83c\udfa7 Atmosph\u00e4risches H\u00f6rspiel mit sinnlicher Spannung<br data-start=\"650\" data-end=\"653\" \/>\ud83d\udda4 N\u00e4he, Fantasie &amp; innere Konflikte<br data-start=\"689\" data-end=\"692\" \/>\ud83d\udd25 Subtile Erotik &amp; psychologischer Reiz<br data-start=\"732\" data-end=\"735\" \/>\ud83d\udde3\ufe0f Ruhiger Erz\u00e4hlstil &amp; intensive Stimmen<\/p>\n<p data-start=\"781\" data-end=\"870\">Ein erotisches H\u00f6rspiel, das zeigt, wie viel Leidenschaft in einem Moment entstehen kann.<\/p>\n<p data-start=\"872\" data-end=\"901\">\ud83d\udd0a <strong data-start=\"875\" data-end=\"886\">Format:<\/strong> H\u00f6rspiel (MP3)<\/p>\n<p data-start=\"903\" data-end=\"1052\">\u2b07\ufe0f Sofortiger Download f\u00fcr Handy<br data-start=\"935\" data-end=\"938\" \/>\u2b07\ufe0f Sofortiger Download f\u00fcr PC<br data-start=\"967\" data-end=\"970\" \/>\u2b07\ufe0f Sofortiger Download f\u00fcrs Tablet<br data-start=\"1004\" data-end=\"1007\" \/>\u2b07\ufe0f Kompatibel mit allen MP3-f\u00e4higen Ger\u00e4ten<\/p>\n<p data-start=\"1054\" data-end=\"1112\" data-is-last-node=\"\" data-is-only-node=\"\">\ud83d\udc49 <strong data-start=\"1057\" data-end=\"1112\" data-is-last-node=\"\">Einmal gekauft \u2013 jederzeit und unbegrenzt abrufbar!<\/strong><\/p>","protected":false},"excerpt":{"rendered":"<p>\ud83c\udfa7 H\u00f6rspiel Valerie Nilon \u2013 Die Beifahrerin \u201eDie Beifahrerin\u201c von Valerie Nilon ist ein sinnlich-psychologisches H\u00f6rspiel \u00fcber N\u00e4he auf engem Raum, unausgesprochene W\u00fcnsche und die Spannung zwischen Kontrolle und Hingabe.Eine gemeinsame Autofahrt wird zum Ausgangspunkt f\u00fcr Gedanken, Blicke und Fantasien, die weit \u00fcber das Ziel hinausf\u00fchren. Zwischen Motorenger\u00e4uschen, kurzen Dialogen und innerem Erleben entsteht eine [&hellip;]<\/p>\n","protected":false},"featured_media":2361,"comment_status":"open","ping_status":"closed","template":"","meta":[],"product_brand":[],"product_cat":[30],"product_tag":[],"class_list":{"0":"post-2359","1":"product","2":"type-product","3":"status-publish","4":"has-post-thumbnail","6":"product_cat-erotik-hoerbuecher","8":"first","9":"instock","10":"sale","11":"virtual","12":"purchasable","13":"product-type-simple"},"jetpack_sharing_enabled":true,"_links":{"self":[{"href":"https:\/\/audiobook-24.com\/en\/wp-json\/wp\/v2\/product\/2359","targetHints":{"allow":["GET"]}}],"collection":[{"href":"https:\/\/audiobook-24.com\/en\/wp-json\/wp\/v2\/product"}],"about":[{"href":"https:\/\/audiobook-24.com\/en\/wp-json\/wp\/v2\/types\/product"}],"replies":[{"embeddable":true,"href":"https:\/\/audiobook-24.com\/en\/wp-json\/wp\/v2\/comments?post=2359"}],"wp:featuredmedia":[{"embeddable":true,"href":"https:\/\/audiobook-24.com\/en\/wp-json\/wp\/v2\/media\/2361"}],"wp:attachment":[{"href":"https:\/\/audiobook-24.com\/en\/wp-json\/wp\/v2\/media?parent=2359"}],"wp:term":[{"taxonomy":"product_brand","embeddable":true,"href":"https:\/\/audiobook-24.com\/en\/wp-json\/wp\/v2\/product_brand?post=2359"},{"taxonomy":"product_cat","embeddable":true,"href":"https:\/\/audiobook-24.com\/en\/wp-json\/wp\/v2\/product_cat?post=2359"},{"taxonomy":"product_tag","embeddable":true,"href":"https:\/\/audiobook-24.com\/en\/wp-json\/wp\/v2\/product_tag?post=2359"}],"curies":[{"name":"wp","href":"https:\/\/api.w.org\/{rel}","templated":true}]}}