{"id":2358,"date":"2025-12-16T11:23:51","date_gmt":"2025-12-16T11:23:51","guid":{"rendered":"https:\/\/audiobook-24.com\/?post_type=product&#038;p=2358"},"modified":"2025-12-16T11:23:53","modified_gmt":"2025-12-16T11:23:53","slug":"%f0%9f%8e%a7-hoerspiel-valerie-nilon-das-nylon-maedchen","status":"publish","type":"product","link":"https:\/\/audiobook-24.com\/en\/product\/%f0%9f%8e%a7-hoerspiel-valerie-nilon-das-nylon-maedchen\/","title":{"rendered":"\ud83c\udfa7 H\u00f6rspiel Valerie Nilon \u2013 Das Nylon-M\u00e4dchen"},"content":{"rendered":"<p data-start=\"0\" data-end=\"49\">\ud83c\udfa7 <strong data-start=\"3\" data-end=\"49\">H\u00f6rspiel Valerie Nilon \u2013 Das Nylon-M\u00e4dchen<\/strong><\/p>\n<p data-start=\"51\" data-end=\"325\">\u201eDas Nylon-M\u00e4dchen\u201c von Valerie Nilon ist ein sinnlich-atmosph\u00e4risches H\u00f6rspiel \u00fcber Verf\u00fchrung, Fantasie und die Macht des Blicks.<br data-start=\"182\" data-end=\"185\" \/>Im Mittelpunkt steht eine geheimnisvolle Frau, deren Ausstrahlung und Pr\u00e4senz mehr sagen als Worte \u2013 und unausgesprochene W\u00fcnsche wachrufen.<\/p>\n<p data-start=\"327\" data-end=\"591\">Zwischen subtiler Erotik, leiser Spannung und inneren Bildern entfaltet sich eine Geschichte, die mit Andeutungen spielt und N\u00e4he langsam entstehen l\u00e4sst.<br data-start=\"481\" data-end=\"484\" \/>Das H\u00f6rspiel setzt auf dichte Stimmung, klare Sprache und eine Erz\u00e4hlweise, die Fantasie bewusst Raum gibt.<\/p>\n<p data-start=\"593\" data-end=\"804\"><strong data-start=\"593\" data-end=\"613\">Erwartet werden:<\/strong><br data-start=\"613\" data-end=\"616\" \/>\ud83c\udfa7 Sinnliches H\u00f6rspiel mit intensiver Atmosph\u00e4re<br data-start=\"664\" data-end=\"667\" \/>\ud83d\udda4 Verf\u00fchrung, Fantasie &amp; stille Spannung<br data-start=\"708\" data-end=\"711\" \/>\ud83d\udd25 Erotische Andeutungen statt plumper Worte<br data-start=\"755\" data-end=\"758\" \/>\ud83d\udde3\ufe0f Ausdrucksstarke Stimmen &amp; ruhiger Aufbau<\/p>\n<p data-start=\"806\" data-end=\"896\">Ein erotisches H\u00f6rspiel, das durch Stil, Atmosph\u00e4re und sinnliche Zur\u00fcckhaltung \u00fcberzeugt.<\/p>\n<p data-start=\"898\" data-end=\"927\">\ud83d\udd0a <strong data-start=\"901\" data-end=\"912\">Format:<\/strong> H\u00f6rspiel (MP3)<\/p>\n<p data-start=\"929\" data-end=\"1078\">\u2b07\ufe0f Sofortiger Download f\u00fcr Handy<br data-start=\"961\" data-end=\"964\" \/>\u2b07\ufe0f Sofortiger Download f\u00fcr PC<br data-start=\"993\" data-end=\"996\" \/>\u2b07\ufe0f Sofortiger Download f\u00fcrs Tablet<br data-start=\"1030\" data-end=\"1033\" \/>\u2b07\ufe0f Kompatibel mit allen MP3-f\u00e4higen Ger\u00e4ten<\/p>\n<p data-start=\"1080\" data-end=\"1138\" data-is-last-node=\"\" data-is-only-node=\"\">\ud83d\udc49 <strong data-start=\"1083\" data-end=\"1138\" data-is-last-node=\"\">Einmal gekauft \u2013 jederzeit und unbegrenzt abrufbar!<\/strong><\/p>","protected":false},"excerpt":{"rendered":"<p>\ud83c\udfa7 H\u00f6rspiel Valerie Nilon \u2013 Das Nylon-M\u00e4dchen \u201eDas Nylon-M\u00e4dchen\u201c von Valerie Nilon ist ein sinnlich-atmosph\u00e4risches H\u00f6rspiel \u00fcber Verf\u00fchrung, Fantasie und die Macht des Blicks.Im Mittelpunkt steht eine geheimnisvolle Frau, deren Ausstrahlung und Pr\u00e4senz mehr sagen als Worte \u2013 und unausgesprochene W\u00fcnsche wachrufen. Zwischen subtiler Erotik, leiser Spannung und inneren Bildern entfaltet sich eine Geschichte, die [&hellip;]<\/p>\n","protected":false},"featured_media":2360,"comment_status":"open","ping_status":"closed","template":"","meta":[],"product_brand":[],"product_cat":[30],"product_tag":[],"class_list":{"0":"post-2358","1":"product","2":"type-product","3":"status-publish","4":"has-post-thumbnail","6":"product_cat-erotik-hoerbuecher","8":"first","9":"instock","10":"sale","11":"virtual","12":"purchasable","13":"product-type-simple"},"jetpack_sharing_enabled":true,"_links":{"self":[{"href":"https:\/\/audiobook-24.com\/en\/wp-json\/wp\/v2\/product\/2358","targetHints":{"allow":["GET"]}}],"collection":[{"href":"https:\/\/audiobook-24.com\/en\/wp-json\/wp\/v2\/product"}],"about":[{"href":"https:\/\/audiobook-24.com\/en\/wp-json\/wp\/v2\/types\/product"}],"replies":[{"embeddable":true,"href":"https:\/\/audiobook-24.com\/en\/wp-json\/wp\/v2\/comments?post=2358"}],"wp:featuredmedia":[{"embeddable":true,"href":"https:\/\/audiobook-24.com\/en\/wp-json\/wp\/v2\/media\/2360"}],"wp:attachment":[{"href":"https:\/\/audiobook-24.com\/en\/wp-json\/wp\/v2\/media?parent=2358"}],"wp:term":[{"taxonomy":"product_brand","embeddable":true,"href":"https:\/\/audiobook-24.com\/en\/wp-json\/wp\/v2\/product_brand?post=2358"},{"taxonomy":"product_cat","embeddable":true,"href":"https:\/\/audiobook-24.com\/en\/wp-json\/wp\/v2\/product_cat?post=2358"},{"taxonomy":"product_tag","embeddable":true,"href":"https:\/\/audiobook-24.com\/en\/wp-json\/wp\/v2\/product_tag?post=2358"}],"curies":[{"name":"wp","href":"https:\/\/api.w.org\/{rel}","templated":true}]}}