{"id":2356,"date":"2025-12-16T11:20:00","date_gmt":"2025-12-16T11:20:00","guid":{"rendered":"https:\/\/audiobook-24.com\/?post_type=product&#038;p=2356"},"modified":"2025-12-16T11:20:03","modified_gmt":"2025-12-16T11:20:03","slug":"%f0%9f%8e%a7-hoerspiel-valerie-nilon-das-dienstmaedchen","status":"publish","type":"product","link":"https:\/\/audiobook-24.com\/en\/product\/%f0%9f%8e%a7-hoerspiel-valerie-nilon-das-dienstmaedchen\/","title":{"rendered":"\ud83c\udfa7 H\u00f6rspiel Valerie Nilon \u2013 Das Dienstm\u00e4dchen"},"content":{"rendered":"<div class=\"text-base my-auto mx-auto pb-10 [--thread-content-margin:--spacing(4)] @w-sm\/main:[--thread-content-margin:--spacing(6)] @w-lg\/main:[--thread-content-margin:--spacing(16)] px-(--thread-content-margin)\">\n<div class=\"[--thread-content-max-width:40rem] @w-lg\/main:[--thread-content-max-width:48rem] mx-auto max-w-(--thread-content-max-width) flex-1 group\/turn-messages focus-visible:outline-hidden relative flex w-full min-w-0 flex-col agent-turn\" tabindex=\"-1\">\n<div class=\"flex max-w-full flex-col grow\">\n<div class=\"min-h-8 text-message relative flex w-full flex-col items-end gap-2 text-start break-words whitespace-normal [.text-message+&amp;]:mt-1\" dir=\"auto\" data-message-author-role=\"assistant\" data-message-id=\"843517dc-a748-4be3-b9d9-9db02cf9ed37\" data-message-model-slug=\"gpt-5-2\">\n<div class=\"flex w-full flex-col gap-1 empty:hidden first:pt-[1px]\">\n<div class=\"markdown prose dark:prose-invert w-full break-words light markdown-new-styling\">\n<p data-start=\"0\" data-end=\"49\">\ud83c\udfa7 <strong data-start=\"3\" data-end=\"49\">H\u00f6rspiel Valerie Nilon \u2013 Das Dienstm\u00e4dchen<\/strong><\/p>\n<p data-start=\"51\" data-end=\"346\">\u201eDas Dienstm\u00e4dchen\u201c von Valerie Nilon ist ein sinnlich-intensives H\u00f6rspiel \u00fcber Macht, N\u00e4he und verborgene Begierden.<br data-start=\"168\" data-end=\"171\" \/>In einem scheinbar klar geregelten Verh\u00e4ltnis zwischen Herrschaft und Angestellter beginnen die Grenzen zu verschwimmen \u2013 aus Distanz wird Spannung, aus Beobachtung Verlangen.<\/p>\n<p data-start=\"348\" data-end=\"634\">Zwischen leisen Momenten, unausgesprochenen Fantasien und zunehmender Intimit\u00e4t entfaltet sich eine Geschichte, die mit Rollenbildern spielt und Erwartungen bewusst unterl\u00e4uft.<br data-start=\"524\" data-end=\"527\" \/>Das H\u00f6rspiel lebt von dichter Atmosph\u00e4re, emotionaler Intensit\u00e4t und einer Sprache, die N\u00e4he sp\u00fcrbar macht.<\/p>\n<p data-start=\"636\" data-end=\"816\"><strong data-start=\"636\" data-end=\"656\">Erwartet werden:<\/strong><br data-start=\"656\" data-end=\"659\" \/>\ud83c\udfa7 Sinnliches H\u00f6rspiel mit erotischer Spannung<br data-start=\"705\" data-end=\"708\" \/>\ud83d\udda4 Macht, Abh\u00e4ngigkeit &amp; Begehren<br data-start=\"741\" data-end=\"744\" \/>\ud83d\udd25 Langsam aufbauende Intensit\u00e4t<br data-start=\"776\" data-end=\"779\" \/>\ud83d\udde3\ufe0f Starke Stimmen &amp; intime Dialoge<\/p>\n<p data-start=\"818\" data-end=\"896\">Ein erotisches H\u00f6rspiel, das mit Atmosph\u00e4re und psychologischer Tiefe fesselt.<\/p>\n<p data-start=\"898\" data-end=\"927\">\ud83d\udd0a <strong data-start=\"901\" data-end=\"912\">Format:<\/strong> H\u00f6rspiel (MP3)<\/p>\n<p data-start=\"929\" data-end=\"1078\">\u2b07\ufe0f Sofortiger Download f\u00fcr Handy<br data-start=\"961\" data-end=\"964\" \/>\u2b07\ufe0f Sofortiger Download f\u00fcr PC<br data-start=\"993\" data-end=\"996\" \/>\u2b07\ufe0f Sofortiger Download f\u00fcrs Tablet<br data-start=\"1030\" data-end=\"1033\" \/>\u2b07\ufe0f Kompatibel mit allen MP3-f\u00e4higen Ger\u00e4ten<\/p>\n<p data-start=\"1080\" data-end=\"1138\" data-is-last-node=\"\" data-is-only-node=\"\">\ud83d\udc49 <strong data-start=\"1083\" data-end=\"1138\" data-is-last-node=\"\">Einmal gekauft \u2013 jederzeit und unbegrenzt abrufbar!<\/strong><\/p>\n<\/div>\n<\/div>\n<\/div>\n<\/div>\n<\/div>\n<\/div>\n","protected":false},"excerpt":{"rendered":"<p>\ud83c\udfa7 H\u00f6rspiel Valerie Nilon \u2013 Das Dienstm\u00e4dchen \u201eDas Dienstm\u00e4dchen\u201c von Valerie Nilon ist ein sinnlich-intensives H\u00f6rspiel \u00fcber Macht, N\u00e4he und verborgene Begierden.In einem scheinbar klar geregelten Verh\u00e4ltnis zwischen Herrschaft und Angestellter beginnen die Grenzen zu verschwimmen \u2013 aus Distanz wird Spannung, aus Beobachtung Verlangen. Zwischen leisen Momenten, unausgesprochenen Fantasien und zunehmender Intimit\u00e4t entfaltet sich eine [&hellip;]<\/p>\n","protected":false},"featured_media":2357,"comment_status":"open","ping_status":"closed","template":"","meta":[],"product_brand":[],"product_cat":[30],"product_tag":[],"class_list":{"0":"post-2356","1":"product","2":"type-product","3":"status-publish","4":"has-post-thumbnail","6":"product_cat-erotik-hoerbuecher","8":"first","9":"instock","10":"sale","11":"virtual","12":"purchasable","13":"product-type-simple"},"jetpack_sharing_enabled":true,"_links":{"self":[{"href":"https:\/\/audiobook-24.com\/en\/wp-json\/wp\/v2\/product\/2356","targetHints":{"allow":["GET"]}}],"collection":[{"href":"https:\/\/audiobook-24.com\/en\/wp-json\/wp\/v2\/product"}],"about":[{"href":"https:\/\/audiobook-24.com\/en\/wp-json\/wp\/v2\/types\/product"}],"replies":[{"embeddable":true,"href":"https:\/\/audiobook-24.com\/en\/wp-json\/wp\/v2\/comments?post=2356"}],"wp:featuredmedia":[{"embeddable":true,"href":"https:\/\/audiobook-24.com\/en\/wp-json\/wp\/v2\/media\/2357"}],"wp:attachment":[{"href":"https:\/\/audiobook-24.com\/en\/wp-json\/wp\/v2\/media?parent=2356"}],"wp:term":[{"taxonomy":"product_brand","embeddable":true,"href":"https:\/\/audiobook-24.com\/en\/wp-json\/wp\/v2\/product_brand?post=2356"},{"taxonomy":"product_cat","embeddable":true,"href":"https:\/\/audiobook-24.com\/en\/wp-json\/wp\/v2\/product_cat?post=2356"},{"taxonomy":"product_tag","embeddable":true,"href":"https:\/\/audiobook-24.com\/en\/wp-json\/wp\/v2\/product_tag?post=2356"}],"curies":[{"name":"wp","href":"https:\/\/api.w.org\/{rel}","templated":true}]}}