{"id":2350,"date":"2025-12-16T02:13:52","date_gmt":"2025-12-16T02:13:52","guid":{"rendered":"https:\/\/audiobook-24.com\/?post_type=product&#038;p=2350"},"modified":"2025-12-16T02:13:52","modified_gmt":"2025-12-16T02:13:52","slug":"%f0%9f%8e%a7-hoerspiel-sophie-andresky-hotel-damour","status":"publish","type":"product","link":"https:\/\/audiobook-24.com\/en\/product\/%f0%9f%8e%a7-hoerspiel-sophie-andresky-hotel-damour\/","title":{"rendered":"\ud83c\udfa7 H\u00f6rspiel Sophie Andresky \u2013 Hotel D\u2019Amour"},"content":{"rendered":"<p data-start=\"0\" data-end=\"47\">\ud83c\udfa7 <strong data-start=\"3\" data-end=\"47\">H\u00f6rspiel Sophie Andresky \u2013 Hotel D\u2019Amour<\/strong><\/p>\n<p data-start=\"49\" data-end=\"366\">\u201eHotel D\u2019Amour\u201c von Sophie Andresky ist ein sinnlich-atmosph\u00e4risches H\u00f6rspiel \u00fcber Begegnungen, Begehren und die fl\u00fcchtige Magie besonderer Orte.<br data-start=\"194\" data-end=\"197\" \/>In einem Hotel, in dem Fremde aufeinandertreffen und Geheimnisse f\u00fcr einen Moment geteilt werden, entfalten sich intensive Geschichten voller N\u00e4he, Spannung und Emotion.<\/p>\n<p data-start=\"368\" data-end=\"615\">Zwischen leisen Gespr\u00e4chen, unausgesprochenen W\u00fcnschen und klaren Entscheidungen entsteht eine dichte Stimmung, die den H\u00f6rer unmittelbar mitnimmt.<br data-start=\"515\" data-end=\"518\" \/>Das H\u00f6rspiel lebt von starken Stimmen, direkter Sprache und einer erotisch-psychologischen Tiefe.<\/p>\n<p data-start=\"617\" data-end=\"808\"><strong data-start=\"617\" data-end=\"637\">Erwartet werden:<\/strong><br data-start=\"637\" data-end=\"640\" \/>\ud83c\udfa7 Sinnliches H\u00f6rspiel mit Atmosph\u00e4re<br data-start=\"677\" data-end=\"680\" \/>\ud83d\udda4 Erotik, Emotionen &amp; zwischenmenschliche N\u00e4he<br data-start=\"727\" data-end=\"730\" \/>\ud83d\udd25 Intime Begegnungen &amp; klare Worte<br data-start=\"765\" data-end=\"768\" \/>\ud83d\udde3\ufe0f Intensive Dialoge &amp; starke Pr\u00e4senz<\/p>\n<p data-start=\"810\" data-end=\"884\">Ein intensives H\u00f6rspiel, das N\u00e4he schafft, provoziert und lange nachhallt.<\/p>\n<p data-start=\"886\" data-end=\"915\">\ud83d\udd0a <strong data-start=\"889\" data-end=\"900\">Format:<\/strong> H\u00f6rspiel (MP3)<\/p>\n<p data-start=\"917\" data-end=\"1066\">\u2b07\ufe0f Sofortiger Download f\u00fcr Handy<br data-start=\"949\" data-end=\"952\" \/>\u2b07\ufe0f Sofortiger Download f\u00fcr PC<br data-start=\"981\" data-end=\"984\" \/>\u2b07\ufe0f Sofortiger Download f\u00fcrs Tablet<br data-start=\"1018\" data-end=\"1021\" \/>\u2b07\ufe0f Kompatibel mit allen MP3-f\u00e4higen Ger\u00e4ten<\/p>\n<p data-start=\"1068\" data-end=\"1126\" data-is-last-node=\"\" data-is-only-node=\"\">\ud83d\udc49 <strong data-start=\"1071\" data-end=\"1126\" data-is-last-node=\"\">Einmal gekauft \u2013 jederzeit und unbegrenzt abrufbar!<\/strong><\/p>","protected":false},"excerpt":{"rendered":"<p>\ud83c\udfa7 H\u00f6rspiel Sophie Andresky \u2013 Hotel D\u2019Amour \u201eHotel D\u2019Amour\u201c von Sophie Andresky ist ein sinnlich-atmosph\u00e4risches H\u00f6rspiel \u00fcber Begegnungen, Begehren und die fl\u00fcchtige Magie besonderer Orte.In einem Hotel, in dem Fremde aufeinandertreffen und Geheimnisse f\u00fcr einen Moment geteilt werden, entfalten sich intensive Geschichten voller N\u00e4he, Spannung und Emotion. Zwischen leisen Gespr\u00e4chen, unausgesprochenen W\u00fcnschen und klaren Entscheidungen [&hellip;]<\/p>\n","protected":false},"featured_media":2353,"comment_status":"open","ping_status":"closed","template":"","meta":[],"product_brand":[],"product_cat":[30],"product_tag":[],"class_list":{"0":"post-2350","1":"product","2":"type-product","3":"status-publish","4":"has-post-thumbnail","6":"product_cat-erotik-hoerbuecher","8":"first","9":"instock","10":"sale","11":"virtual","12":"purchasable","13":"product-type-simple"},"jetpack_sharing_enabled":true,"_links":{"self":[{"href":"https:\/\/audiobook-24.com\/en\/wp-json\/wp\/v2\/product\/2350","targetHints":{"allow":["GET"]}}],"collection":[{"href":"https:\/\/audiobook-24.com\/en\/wp-json\/wp\/v2\/product"}],"about":[{"href":"https:\/\/audiobook-24.com\/en\/wp-json\/wp\/v2\/types\/product"}],"replies":[{"embeddable":true,"href":"https:\/\/audiobook-24.com\/en\/wp-json\/wp\/v2\/comments?post=2350"}],"wp:featuredmedia":[{"embeddable":true,"href":"https:\/\/audiobook-24.com\/en\/wp-json\/wp\/v2\/media\/2353"}],"wp:attachment":[{"href":"https:\/\/audiobook-24.com\/en\/wp-json\/wp\/v2\/media?parent=2350"}],"wp:term":[{"taxonomy":"product_brand","embeddable":true,"href":"https:\/\/audiobook-24.com\/en\/wp-json\/wp\/v2\/product_brand?post=2350"},{"taxonomy":"product_cat","embeddable":true,"href":"https:\/\/audiobook-24.com\/en\/wp-json\/wp\/v2\/product_cat?post=2350"},{"taxonomy":"product_tag","embeddable":true,"href":"https:\/\/audiobook-24.com\/en\/wp-json\/wp\/v2\/product_tag?post=2350"}],"curies":[{"name":"wp","href":"https:\/\/api.w.org\/{rel}","templated":true}]}}