{"id":235,"date":"2025-11-14T21:29:14","date_gmt":"2025-11-14T21:29:14","guid":{"rendered":"https:\/\/audiobook-24.com\/?post_type=product&#038;p=235"},"modified":"2025-11-14T21:29:14","modified_gmt":"2025-11-14T21:29:14","slug":"hoerspiel-jason-dark-schrei-wenn-dich-die-schatten-fressen","status":"publish","type":"product","link":"https:\/\/audiobook-24.com\/en\/product\/hoerspiel-jason-dark-schrei-wenn-dich-die-schatten-fressen\/","title":{"rendered":"H\u00f6rspiel: Jason Dark \u2013 Schrei, wenn dich die Schatten fressen"},"content":{"rendered":"<div>\n<p><span style=\"font-size: large;\"><strong>H\u00f6rspiel: Jason Dark \u2013 Schrei, wenn dich die Schatten fressen<\/strong><br \/>\n<strong>Inhalt:<\/strong>\u00a0Die Nacht lebt \u2013 und ihre Schatten haben Hunger. Dunkle Gestalten kriechen aus der Finsternis, lautlos, gnadenlos und t\u00f6dlich. Wer von ihnen erfasst wird, kennt nur noch Schreie des Grauens, bevor er im Nichts verschwindet.\u00a0<strong>John Sinclair<\/strong>\u00a0stellt sich einer Macht, die aus purer Dunkelheit geboren ist und die Welt ins Chaos st\u00fcrzen will. Doch wie bek\u00e4mpft man Gegner, die selbst das Licht verschlingen? F\u00fcr den Geisterj\u00e4ger beginnt ein Kampf, in dem schon ein Atemzug \u00fcber Leben und Tod entscheidet.<\/span><\/p>\n<p><span style=\"font-size: large;\">\u2705\u00a0<strong>Nach der Bezahlung<\/strong>\u00a0erhalten Sie sofort den pers\u00f6nlichen Downloadlink f\u00fcr:<br \/>\n\ud83d\udcf1\u00a0<strong>Handy<\/strong>\u2003|\u2003\ud83d\udcbb\u00a0<strong>Tablet<\/strong>\u2003|\u2003\ud83c\udfa7\u00a0<strong>MP3-Player<\/strong>\u2003|\u2003\ud83d\udda5\ufe0f\u00a0<strong>PC<\/strong><\/span><\/p>\n<p><span style=\"font-size: large;\">Ein H\u00f6rspiel voller Grusel, d\u00fcsterer Spannung und packender Atmosph\u00e4re \u2013 erleben Sie\u00a0<strong>Jason Dark\u2019s John Sinclair<\/strong>\u00a0im schaurigen Abenteuer\u00a0<strong>Schrei, wenn dich die Schatten fressen<\/strong>\u00a0immer wieder aufs Neue!<\/span><\/p>\n<\/div>","protected":false},"excerpt":{"rendered":"<p>H\u00f6rspiel: Jason Dark \u2013 Schrei, wenn dich die Schatten fressen Inhalt:\u00a0Die Nacht lebt \u2013 und ihre Schatten haben Hunger. Dunkle Gestalten kriechen aus der Finsternis, lautlos, gnadenlos und t\u00f6dlich. Wer von ihnen erfasst wird, kennt nur noch Schreie des Grauens, bevor er im Nichts verschwindet.\u00a0John Sinclair\u00a0stellt sich einer Macht, die aus purer Dunkelheit geboren ist [&hellip;]<\/p>\n","protected":false},"featured_media":236,"comment_status":"open","ping_status":"closed","template":"","meta":[],"product_brand":[],"product_cat":[31],"product_tag":[],"class_list":{"0":"post-235","1":"product","2":"type-product","3":"status-publish","4":"has-post-thumbnail","6":"product_cat-john-sinclair","8":"first","9":"instock","10":"sale","11":"virtual","12":"purchasable","13":"product-type-simple"},"jetpack_sharing_enabled":true,"_links":{"self":[{"href":"https:\/\/audiobook-24.com\/en\/wp-json\/wp\/v2\/product\/235","targetHints":{"allow":["GET"]}}],"collection":[{"href":"https:\/\/audiobook-24.com\/en\/wp-json\/wp\/v2\/product"}],"about":[{"href":"https:\/\/audiobook-24.com\/en\/wp-json\/wp\/v2\/types\/product"}],"replies":[{"embeddable":true,"href":"https:\/\/audiobook-24.com\/en\/wp-json\/wp\/v2\/comments?post=235"}],"wp:featuredmedia":[{"embeddable":true,"href":"https:\/\/audiobook-24.com\/en\/wp-json\/wp\/v2\/media\/236"}],"wp:attachment":[{"href":"https:\/\/audiobook-24.com\/en\/wp-json\/wp\/v2\/media?parent=235"}],"wp:term":[{"taxonomy":"product_brand","embeddable":true,"href":"https:\/\/audiobook-24.com\/en\/wp-json\/wp\/v2\/product_brand?post=235"},{"taxonomy":"product_cat","embeddable":true,"href":"https:\/\/audiobook-24.com\/en\/wp-json\/wp\/v2\/product_cat?post=235"},{"taxonomy":"product_tag","embeddable":true,"href":"https:\/\/audiobook-24.com\/en\/wp-json\/wp\/v2\/product_tag?post=235"}],"curies":[{"name":"wp","href":"https:\/\/api.w.org\/{rel}","templated":true}]}}