{"id":2349,"date":"2025-12-16T02:21:08","date_gmt":"2025-12-16T02:21:08","guid":{"rendered":"https:\/\/audiobook-24.com\/?post_type=product&#038;p=2349"},"modified":"2025-12-16T02:21:09","modified_gmt":"2025-12-16T02:21:09","slug":"%f0%9f%8e%a7-hoerspiel-sophie-andresky-voegelfrei","status":"publish","type":"product","link":"https:\/\/audiobook-24.com\/en\/product\/%f0%9f%8e%a7-hoerspiel-sophie-andresky-voegelfrei\/","title":{"rendered":"\ud83c\udfa7 H\u00f6rspiel Sophie Andresky \u2013 V\u00f6gelfrei"},"content":{"rendered":"<p data-start=\"0\" data-end=\"45\">\ud83c\udfa7 <strong data-start=\"3\" data-end=\"43\">H\u00f6rspiel Sophie Andresky \u2013 V\u00f6gelfrei<\/strong><\/p>\n<p data-start=\"47\" data-end=\"335\">\u201eV\u00f6gelfrei\u201c von Sophie Andresky ist ein packendes H\u00f6rspiel \u00fcber Selbstbestimmung, Begehren und das bewusste Ausbrechen aus gesellschaftlichen Zw\u00e4ngen.<br data-start=\"197\" data-end=\"200\" \/>Die Geschichte begleitet Figuren, die Regeln hinter sich lassen, eigene Wege gehen und dabei intensive, emotionale Begegnungen erleben.<\/p>\n<p data-start=\"337\" data-end=\"603\">Mit klaren, eindringlichen Dialogen und dichter Atmosph\u00e4re entfaltet sich ein spannungsreiches Spiel aus N\u00e4he, Provokation und innerem Konflikt.<br data-start=\"481\" data-end=\"484\" \/>Das H\u00f6rspiel \u00fcberzeugt durch starke Stimmen, direkte Sprache und eine sp\u00fcrbare erotische wie psychologische Intensit\u00e4t.<\/p>\n<p data-start=\"605\" data-end=\"790\"><strong data-start=\"605\" data-end=\"625\">Erwartet werden:<\/strong><br data-start=\"625\" data-end=\"628\" \/>\ud83c\udfa7 Atmosph\u00e4risches H\u00f6rspiel mit Tiefgang<br data-start=\"668\" data-end=\"671\" \/>\ud83d\udda4 Freiheit, Identit\u00e4t &amp; Begehren<br data-start=\"704\" data-end=\"707\" \/>\ud83d\udd25 Provokante Themen &amp; emotionale Intensit\u00e4t<br data-start=\"751\" data-end=\"754\" \/>\ud83d\udde3\ufe0f Klare Dialoge &amp; starke Pr\u00e4senz<\/p>\n<p data-start=\"792\" data-end=\"858\">Ein mutiges H\u00f6rspiel, das Grenzen hinterfragt und lange nachwirkt.<\/p>\n<p data-start=\"860\" data-end=\"891\">\ud83d\udd0a <strong data-start=\"863\" data-end=\"874\">Format:<\/strong> H\u00f6rspiel (MP3)<\/p>\n<p data-start=\"893\" data-end=\"1042\">\u2b07\ufe0f Sofortiger Download f\u00fcr Handy<br data-start=\"925\" data-end=\"928\" \/>\u2b07\ufe0f Sofortiger Download f\u00fcr PC<br data-start=\"957\" data-end=\"960\" \/>\u2b07\ufe0f Sofortiger Download f\u00fcrs Tablet<br data-start=\"994\" data-end=\"997\" \/>\u2b07\ufe0f Kompatibel mit allen MP3-f\u00e4higen Ger\u00e4ten<\/p>\n<p data-start=\"1044\" data-end=\"1102\" data-is-last-node=\"\" data-is-only-node=\"\">\ud83d\udc49 <strong data-start=\"1047\" data-end=\"1102\" data-is-last-node=\"\">Einmal gekauft \u2013 jederzeit und unbegrenzt abrufbar!<\/strong><\/p>","protected":false},"excerpt":{"rendered":"<p>\ud83c\udfa7 H\u00f6rspiel Sophie Andresky \u2013 V\u00f6gelfrei \u201eV\u00f6gelfrei\u201c von Sophie Andresky ist ein packendes H\u00f6rspiel \u00fcber Selbstbestimmung, Begehren und das bewusste Ausbrechen aus gesellschaftlichen Zw\u00e4ngen.Die Geschichte begleitet Figuren, die Regeln hinter sich lassen, eigene Wege gehen und dabei intensive, emotionale Begegnungen erleben. Mit klaren, eindringlichen Dialogen und dichter Atmosph\u00e4re entfaltet sich ein spannungsreiches Spiel aus N\u00e4he, [&hellip;]<\/p>\n","protected":false},"featured_media":2354,"comment_status":"open","ping_status":"closed","template":"","meta":[],"product_brand":[],"product_cat":[30],"product_tag":[],"class_list":{"0":"post-2349","1":"product","2":"type-product","3":"status-publish","4":"has-post-thumbnail","6":"product_cat-erotik-hoerbuecher","8":"first","9":"instock","10":"sale","11":"virtual","12":"purchasable","13":"product-type-simple"},"jetpack_sharing_enabled":true,"_links":{"self":[{"href":"https:\/\/audiobook-24.com\/en\/wp-json\/wp\/v2\/product\/2349","targetHints":{"allow":["GET"]}}],"collection":[{"href":"https:\/\/audiobook-24.com\/en\/wp-json\/wp\/v2\/product"}],"about":[{"href":"https:\/\/audiobook-24.com\/en\/wp-json\/wp\/v2\/types\/product"}],"replies":[{"embeddable":true,"href":"https:\/\/audiobook-24.com\/en\/wp-json\/wp\/v2\/comments?post=2349"}],"wp:featuredmedia":[{"embeddable":true,"href":"https:\/\/audiobook-24.com\/en\/wp-json\/wp\/v2\/media\/2354"}],"wp:attachment":[{"href":"https:\/\/audiobook-24.com\/en\/wp-json\/wp\/v2\/media?parent=2349"}],"wp:term":[{"taxonomy":"product_brand","embeddable":true,"href":"https:\/\/audiobook-24.com\/en\/wp-json\/wp\/v2\/product_brand?post=2349"},{"taxonomy":"product_cat","embeddable":true,"href":"https:\/\/audiobook-24.com\/en\/wp-json\/wp\/v2\/product_cat?post=2349"},{"taxonomy":"product_tag","embeddable":true,"href":"https:\/\/audiobook-24.com\/en\/wp-json\/wp\/v2\/product_tag?post=2349"}],"curies":[{"name":"wp","href":"https:\/\/api.w.org\/{rel}","templated":true}]}}