{"id":2334,"date":"2025-12-16T01:42:08","date_gmt":"2025-12-16T01:42:08","guid":{"rendered":"https:\/\/audiobook-24.com\/?post_type=product&#038;p=2334"},"modified":"2025-12-16T01:42:09","modified_gmt":"2025-12-16T01:42:09","slug":"%f0%9f%93%96-ebook-gallery-magazine-03-erotik-magazin-deutsch","status":"publish","type":"product","link":"https:\/\/audiobook-24.com\/en\/product\/%f0%9f%93%96-ebook-gallery-magazine-03-erotik-magazin-deutsch\/","title":{"rendered":"\ud83d\udcd6 eBook Gallery Magazine 03 \u2013 Erotik Magazin \u2013 Deutsch"},"content":{"rendered":"<div class=\"text-base my-auto mx-auto pb-10 [--thread-content-margin:--spacing(4)] @w-sm\/main:[--thread-content-margin:--spacing(6)] @w-lg\/main:[--thread-content-margin:--spacing(16)] px-(--thread-content-margin)\">\n<div class=\"[--thread-content-max-width:40rem] @w-lg\/main:[--thread-content-max-width:48rem] mx-auto max-w-(--thread-content-max-width) flex-1 group\/turn-messages focus-visible:outline-hidden relative flex w-full min-w-0 flex-col agent-turn\" tabindex=\"-1\">\n<div class=\"flex max-w-full flex-col grow\">\n<div class=\"min-h-8 text-message relative flex w-full flex-col items-end gap-2 text-start break-words whitespace-normal [.text-message+&amp;]:mt-1\" dir=\"auto\" data-message-author-role=\"assistant\" data-message-id=\"6cc7023f-f1bb-4382-ba2c-9ece124c2fa5\" data-message-model-slug=\"gpt-5-2\">\n<div class=\"flex w-full flex-col gap-1 empty:hidden first:pt-[1px]\">\n<div class=\"markdown prose dark:prose-invert w-full break-words light markdown-new-styling\">\n<p data-start=\"0\" data-end=\"59\">\ud83d\udcd6 <strong data-start=\"3\" data-end=\"59\">eBook Gallery Magazine 03 \u2013 Erotik Magazin \u2013 Deutsch<\/strong><\/p>\n<p data-start=\"61\" data-end=\"309\">\u201eGallery Magazine 03\u201c steht f\u00fcr stilvolle Erotik, elegante Fotografie und sinnliche Bildwelten.<br data-start=\"156\" data-end=\"159\" \/>Diese Ausgabe pr\u00e4sentiert eine ausgew\u00e4hlte Mischung aus \u00e4sthetischen Fotostrecken, faszinierenden Pers\u00f6nlichkeiten und hochwertigem Lifestyle-Content.<\/p>\n<p data-start=\"311\" data-end=\"568\">Zwischen klassischer Eleganz und moderner Sinnlichkeit entfaltet das Magazin eine Atmosph\u00e4re, die Fantasie und \u00c4sthetik miteinander verbindet.<br data-start=\"453\" data-end=\"456\" \/>Jede Seite ist darauf ausgelegt, visuelle Spannung aufzubauen und den Leser in eine exklusive Welt zu entf\u00fchren.<\/p>\n<p data-start=\"570\" data-end=\"760\"><strong data-start=\"570\" data-end=\"590\">Erwartet werden:<\/strong><br data-start=\"590\" data-end=\"593\" \/>\ud83d\udcf8 Hochwertige erotische Fotostrecken<br data-start=\"630\" data-end=\"633\" \/>\ud83d\udda4 Stilvolle \u00c4sthetik &amp; sinnliche Inszenierung<br data-start=\"679\" data-end=\"682\" \/>\u2728 Exklusive Inhalte &amp; Magazine-Charakter<br data-start=\"722\" data-end=\"725\" \/>\ud83d\udd25 Klassische Erotik mit Anspruch<\/p>\n<p data-start=\"762\" data-end=\"860\">Ein zeitloses Erotik-Magazin f\u00fcr Leser, die Wert auf Qualit\u00e4t, Stil und visuelle Raffinesse legen.<\/p>\n<p data-start=\"862\" data-end=\"882\">\ud83d\udd0a <strong data-start=\"865\" data-end=\"876\">Format:<\/strong> eBook<\/p>\n<p data-start=\"884\" data-end=\"1035\">\u2b07\ufe0f Sofortiger Download f\u00fcr Handy<br data-start=\"916\" data-end=\"919\" \/>\u2b07\ufe0f Sofortiger Download f\u00fcr PC<br data-start=\"948\" data-end=\"951\" \/>\u2b07\ufe0f Sofortiger Download f\u00fcrs Tablet<br data-start=\"985\" data-end=\"988\" \/>\u2b07\ufe0f Kompatibel mit allen eBook-f\u00e4higen Ger\u00e4ten<\/p>\n<p data-start=\"1037\" data-end=\"1095\" data-is-last-node=\"\" data-is-only-node=\"\">\ud83d\udc49 <strong data-start=\"1040\" data-end=\"1095\" data-is-last-node=\"\">Einmal gekauft \u2013 jederzeit und unbegrenzt abrufbar!<\/strong><\/p>\n<\/div>\n<\/div>\n<\/div>\n<\/div>\n<\/div>\n<\/div>\n","protected":false},"excerpt":{"rendered":"<p>\ud83d\udcd6 eBook Gallery Magazine 03 \u2013 Erotik Magazin \u2013 Deutsch \u201eGallery Magazine 03\u201c steht f\u00fcr stilvolle Erotik, elegante Fotografie und sinnliche Bildwelten.Diese Ausgabe pr\u00e4sentiert eine ausgew\u00e4hlte Mischung aus \u00e4sthetischen Fotostrecken, faszinierenden Pers\u00f6nlichkeiten und hochwertigem Lifestyle-Content. Zwischen klassischer Eleganz und moderner Sinnlichkeit entfaltet das Magazin eine Atmosph\u00e4re, die Fantasie und \u00c4sthetik miteinander verbindet.Jede Seite ist darauf [&hellip;]<\/p>\n","protected":false},"featured_media":2336,"comment_status":"open","ping_status":"closed","template":"","meta":[],"product_brand":[],"product_cat":[45],"product_tag":[],"class_list":{"0":"post-2334","1":"product","2":"type-product","3":"status-publish","4":"has-post-thumbnail","6":"product_cat-finally-legal-erotikmagazin","8":"first","9":"instock","10":"sale","11":"virtual","12":"purchasable","13":"product-type-simple"},"jetpack_sharing_enabled":true,"_links":{"self":[{"href":"https:\/\/audiobook-24.com\/en\/wp-json\/wp\/v2\/product\/2334","targetHints":{"allow":["GET"]}}],"collection":[{"href":"https:\/\/audiobook-24.com\/en\/wp-json\/wp\/v2\/product"}],"about":[{"href":"https:\/\/audiobook-24.com\/en\/wp-json\/wp\/v2\/types\/product"}],"replies":[{"embeddable":true,"href":"https:\/\/audiobook-24.com\/en\/wp-json\/wp\/v2\/comments?post=2334"}],"wp:featuredmedia":[{"embeddable":true,"href":"https:\/\/audiobook-24.com\/en\/wp-json\/wp\/v2\/media\/2336"}],"wp:attachment":[{"href":"https:\/\/audiobook-24.com\/en\/wp-json\/wp\/v2\/media?parent=2334"}],"wp:term":[{"taxonomy":"product_brand","embeddable":true,"href":"https:\/\/audiobook-24.com\/en\/wp-json\/wp\/v2\/product_brand?post=2334"},{"taxonomy":"product_cat","embeddable":true,"href":"https:\/\/audiobook-24.com\/en\/wp-json\/wp\/v2\/product_cat?post=2334"},{"taxonomy":"product_tag","embeddable":true,"href":"https:\/\/audiobook-24.com\/en\/wp-json\/wp\/v2\/product_tag?post=2334"}],"curies":[{"name":"wp","href":"https:\/\/api.w.org\/{rel}","templated":true}]}}