{"id":2332,"date":"2025-12-16T01:49:06","date_gmt":"2025-12-16T01:49:06","guid":{"rendered":"https:\/\/audiobook-24.com\/?post_type=product&#038;p=2332"},"modified":"2025-12-16T01:49:06","modified_gmt":"2025-12-16T01:49:06","slug":"%f0%9f%93%96-ebook-gallery-magazine-07-erotik-magazin-deutsch","status":"publish","type":"product","link":"https:\/\/audiobook-24.com\/en\/product\/%f0%9f%93%96-ebook-gallery-magazine-07-erotik-magazin-deutsch\/","title":{"rendered":"\ud83d\udcd6 eBook Gallery Magazine 07 \u2013 Erotik Magazin \u2013 Deutsch"},"content":{"rendered":"<p data-start=\"0\" data-end=\"59\">\ud83d\udcd6 <strong data-start=\"3\" data-end=\"59\">eBook Gallery Magazine 07 \u2013 Erotik Magazin \u2013 Deutsch<\/strong><\/p>\n<p data-start=\"61\" data-end=\"309\">\u201eGallery Magazine 07\u201c pr\u00e4sentiert stilvolle, klassische Erotik in hochwertiger Magazinform.<br data-start=\"152\" data-end=\"155\" \/>Diese Ausgabe \u00fcberzeugt mit sinnlichen Fotostrecken, eleganter Bildsprache und einem \u00e4sthetischen Anspruch, der Erotik und Lifestyle harmonisch verbindet.<\/p>\n<p data-start=\"311\" data-end=\"548\">Zwischen verf\u00fchrerischen Motiven, ausdrucksstarken Inszenierungen und geschmackvoller Pr\u00e4sentation entfaltet sich eine Welt voller Fantasie und Eleganz.<br data-start=\"463\" data-end=\"466\" \/>Jede Seite l\u00e4dt dazu ein, visuelle Sinnlichkeit bewusst und genussvoll zu erleben.<\/p>\n<p data-start=\"550\" data-end=\"732\"><strong data-start=\"550\" data-end=\"570\">Erwartet werden:<\/strong><br data-start=\"570\" data-end=\"573\" \/>\ud83d\udcf8 Hochwertige erotische Fotostrecken<br data-start=\"610\" data-end=\"613\" \/>\ud83d\udda4 Klassische &amp; stilvolle Erotik<br data-start=\"645\" data-end=\"648\" \/>\u2728 \u00c4sthetische Bildkompositionen<br data-start=\"679\" data-end=\"682\" \/>\ud83d\udd25 Sinnlichkeit mit exklusivem Magazin-Charakter<\/p>\n<p data-start=\"734\" data-end=\"838\">Ein anspruchsvolles Erotik-Magazin f\u00fcr Leser, die Wert auf Qualit\u00e4t, Stil und visuelle Intensit\u00e4t legen.<\/p>\n<p data-start=\"840\" data-end=\"860\">\ud83d\udd0a <strong data-start=\"843\" data-end=\"854\">Format:<\/strong> eBook<\/p>\n<p data-start=\"862\" data-end=\"1013\">\u2b07\ufe0f Sofortiger Download f\u00fcr Handy<br data-start=\"894\" data-end=\"897\" \/>\u2b07\ufe0f Sofortiger Download f\u00fcr PC<br data-start=\"926\" data-end=\"929\" \/>\u2b07\ufe0f Sofortiger Download f\u00fcrs Tablet<br data-start=\"963\" data-end=\"966\" \/>\u2b07\ufe0f Kompatibel mit allen eBook-f\u00e4higen Ger\u00e4ten<\/p>\n<p data-start=\"1015\" data-end=\"1073\" data-is-last-node=\"\" data-is-only-node=\"\">\ud83d\udc49 <strong data-start=\"1018\" data-end=\"1073\" data-is-last-node=\"\">Einmal gekauft \u2013 jederzeit und unbegrenzt abrufbar!<\/strong><\/p>","protected":false},"excerpt":{"rendered":"<p>\ud83d\udcd6 eBook Gallery Magazine 07 \u2013 Erotik Magazin \u2013 Deutsch \u201eGallery Magazine 07\u201c pr\u00e4sentiert stilvolle, klassische Erotik in hochwertiger Magazinform.Diese Ausgabe \u00fcberzeugt mit sinnlichen Fotostrecken, eleganter Bildsprache und einem \u00e4sthetischen Anspruch, der Erotik und Lifestyle harmonisch verbindet. Zwischen verf\u00fchrerischen Motiven, ausdrucksstarken Inszenierungen und geschmackvoller Pr\u00e4sentation entfaltet sich eine Welt voller Fantasie und Eleganz.Jede Seite l\u00e4dt [&hellip;]<\/p>\n","protected":false},"featured_media":2340,"comment_status":"open","ping_status":"closed","template":"","meta":[],"product_brand":[],"product_cat":[45],"product_tag":[],"class_list":{"0":"post-2332","1":"product","2":"type-product","3":"status-publish","4":"has-post-thumbnail","6":"product_cat-finally-legal-erotikmagazin","8":"first","9":"instock","10":"sale","11":"virtual","12":"purchasable","13":"product-type-simple"},"jetpack_sharing_enabled":true,"_links":{"self":[{"href":"https:\/\/audiobook-24.com\/en\/wp-json\/wp\/v2\/product\/2332","targetHints":{"allow":["GET"]}}],"collection":[{"href":"https:\/\/audiobook-24.com\/en\/wp-json\/wp\/v2\/product"}],"about":[{"href":"https:\/\/audiobook-24.com\/en\/wp-json\/wp\/v2\/types\/product"}],"replies":[{"embeddable":true,"href":"https:\/\/audiobook-24.com\/en\/wp-json\/wp\/v2\/comments?post=2332"}],"wp:featuredmedia":[{"embeddable":true,"href":"https:\/\/audiobook-24.com\/en\/wp-json\/wp\/v2\/media\/2340"}],"wp:attachment":[{"href":"https:\/\/audiobook-24.com\/en\/wp-json\/wp\/v2\/media?parent=2332"}],"wp:term":[{"taxonomy":"product_brand","embeddable":true,"href":"https:\/\/audiobook-24.com\/en\/wp-json\/wp\/v2\/product_brand?post=2332"},{"taxonomy":"product_cat","embeddable":true,"href":"https:\/\/audiobook-24.com\/en\/wp-json\/wp\/v2\/product_cat?post=2332"},{"taxonomy":"product_tag","embeddable":true,"href":"https:\/\/audiobook-24.com\/en\/wp-json\/wp\/v2\/product_tag?post=2332"}],"curies":[{"name":"wp","href":"https:\/\/api.w.org\/{rel}","templated":true}]}}