{"id":2331,"date":"2025-12-16T01:52:14","date_gmt":"2025-12-16T01:52:14","guid":{"rendered":"https:\/\/audiobook-24.com\/?post_type=product&#038;p=2331"},"modified":"2025-12-16T01:52:15","modified_gmt":"2025-12-16T01:52:15","slug":"%f0%9f%93%96-ebook-gallery-magazine-09-erotik-magazin","status":"publish","type":"product","link":"https:\/\/audiobook-24.com\/en\/product\/%f0%9f%93%96-ebook-gallery-magazine-09-erotik-magazin\/","title":{"rendered":"\ud83d\udcd6 eBook Gallery Magazine 09 \u2013 Erotik Magazin"},"content":{"rendered":"<p data-start=\"0\" data-end=\"59\">\ud83d\udcd6 <strong data-start=\"3\" data-end=\"59\">eBook Gallery Magazine 09 \u2013 Erotik Magazin\u00a0<\/strong><\/p>\n<p data-start=\"61\" data-end=\"290\">\u201eGallery Magazine 09\u201c steht f\u00fcr elegante, zeitlose Erotik und hochwertige Bild\u00e4sthetik.<br data-start=\"148\" data-end=\"151\" \/>Diese Ausgabe bietet eine sorgf\u00e4ltig kuratierte Auswahl sinnlicher Fotostrecken, die klassische Erotik mit modernem Magazin-Stil verbinden.<\/p>\n<p data-start=\"292\" data-end=\"533\">Zwischen stilvoller Inszenierung, ausdrucksstarken Motiven und geschmackvoller Pr\u00e4sentation entsteht eine Atmosph\u00e4re voller Sinnlichkeit und Eleganz.<br data-start=\"441\" data-end=\"444\" \/>Jede Seite ist darauf ausgelegt, visuelle Spannung aufzubauen und die Fantasie anzuregen.<\/p>\n<p data-start=\"535\" data-end=\"716\"><strong data-start=\"535\" data-end=\"555\">Erwartet werden:<\/strong><br data-start=\"555\" data-end=\"558\" \/>\ud83d\udcf8 Hochwertige erotische Fotostrecken<br data-start=\"595\" data-end=\"598\" \/>\ud83d\udda4 Klassische, elegante Erotik<br data-start=\"628\" data-end=\"631\" \/>\u2728 \u00c4sthetische Bildwelten &amp; Magazin-Charakter<br data-start=\"675\" data-end=\"678\" \/>\ud83d\udd25 Sinnliche Inszenierungen mit Stil<\/p>\n<p data-start=\"718\" data-end=\"834\">Ein exklusives Erotik-Magazin f\u00fcr Leserinnen und Leser, die Qualit\u00e4t, \u00c4sthetik und klassische Sinnlichkeit sch\u00e4tzen.<\/p>\n<p data-start=\"836\" data-end=\"856\">\ud83d\udd0a <strong data-start=\"839\" data-end=\"850\">Format:<\/strong> eBook<\/p>\n<p data-start=\"858\" data-end=\"1009\">\u2b07\ufe0f Sofortiger Download f\u00fcr Handy<br data-start=\"890\" data-end=\"893\" \/>\u2b07\ufe0f Sofortiger Download f\u00fcr PC<br data-start=\"922\" data-end=\"925\" \/>\u2b07\ufe0f Sofortiger Download f\u00fcrs Tablet<br data-start=\"959\" data-end=\"962\" \/>\u2b07\ufe0f Kompatibel mit allen eBook-f\u00e4higen Ger\u00e4ten<\/p>\n<p data-start=\"1011\" data-end=\"1069\" data-is-last-node=\"\" data-is-only-node=\"\">\ud83d\udc49 <strong data-start=\"1014\" data-end=\"1069\" data-is-last-node=\"\">Einmal gekauft \u2013 jederzeit und unbegrenzt abrufbar!<\/strong><\/p>","protected":false},"excerpt":{"rendered":"<p>\ud83d\udcd6 eBook Gallery Magazine 09 \u2013 Erotik Magazin\u00a0 \u201eGallery Magazine 09\u201c steht f\u00fcr elegante, zeitlose Erotik und hochwertige Bild\u00e4sthetik.Diese Ausgabe bietet eine sorgf\u00e4ltig kuratierte Auswahl sinnlicher Fotostrecken, die klassische Erotik mit modernem Magazin-Stil verbinden. Zwischen stilvoller Inszenierung, ausdrucksstarken Motiven und geschmackvoller Pr\u00e4sentation entsteht eine Atmosph\u00e4re voller Sinnlichkeit und Eleganz.Jede Seite ist darauf ausgelegt, visuelle Spannung [&hellip;]<\/p>\n","protected":false},"featured_media":2341,"comment_status":"open","ping_status":"closed","template":"","meta":[],"product_brand":[],"product_cat":[45],"product_tag":[],"class_list":{"0":"post-2331","1":"product","2":"type-product","3":"status-publish","4":"has-post-thumbnail","6":"product_cat-finally-legal-erotikmagazin","8":"first","9":"instock","10":"sale","11":"virtual","12":"purchasable","13":"product-type-simple"},"jetpack_sharing_enabled":true,"_links":{"self":[{"href":"https:\/\/audiobook-24.com\/en\/wp-json\/wp\/v2\/product\/2331","targetHints":{"allow":["GET"]}}],"collection":[{"href":"https:\/\/audiobook-24.com\/en\/wp-json\/wp\/v2\/product"}],"about":[{"href":"https:\/\/audiobook-24.com\/en\/wp-json\/wp\/v2\/types\/product"}],"replies":[{"embeddable":true,"href":"https:\/\/audiobook-24.com\/en\/wp-json\/wp\/v2\/comments?post=2331"}],"wp:featuredmedia":[{"embeddable":true,"href":"https:\/\/audiobook-24.com\/en\/wp-json\/wp\/v2\/media\/2341"}],"wp:attachment":[{"href":"https:\/\/audiobook-24.com\/en\/wp-json\/wp\/v2\/media?parent=2331"}],"wp:term":[{"taxonomy":"product_brand","embeddable":true,"href":"https:\/\/audiobook-24.com\/en\/wp-json\/wp\/v2\/product_brand?post=2331"},{"taxonomy":"product_cat","embeddable":true,"href":"https:\/\/audiobook-24.com\/en\/wp-json\/wp\/v2\/product_cat?post=2331"},{"taxonomy":"product_tag","embeddable":true,"href":"https:\/\/audiobook-24.com\/en\/wp-json\/wp\/v2\/product_tag?post=2331"}],"curies":[{"name":"wp","href":"https:\/\/api.w.org\/{rel}","templated":true}]}}