{"id":2330,"date":"2025-12-16T01:55:05","date_gmt":"2025-12-16T01:55:05","guid":{"rendered":"https:\/\/audiobook-24.com\/?post_type=product&#038;p=2330"},"modified":"2025-12-16T01:55:05","modified_gmt":"2025-12-16T01:55:05","slug":"%f0%9f%93%96-ebook-gallery-magazine-10-erotik-magazin","status":"publish","type":"product","link":"https:\/\/audiobook-24.com\/en\/product\/%f0%9f%93%96-ebook-gallery-magazine-10-erotik-magazin\/","title":{"rendered":"\ud83d\udcd6 eBook Gallery Magazine 10 \u2013 Erotik Magazin"},"content":{"rendered":"<p data-start=\"0\" data-end=\"49\">\ud83d\udcd6 <strong data-start=\"3\" data-end=\"49\">eBook Gallery Magazine 10 \u2013 Erotik Magazin<\/strong><\/p>\n<p data-start=\"51\" data-end=\"330\">\u201eGallery Magazine 10\u201c setzt die Reihe hochwertiger Erotik-Magazine mit stilvoller Bildsprache und klassischer Sinnlichkeit fort.<br data-start=\"179\" data-end=\"182\" \/>Diese Ausgabe pr\u00e4sentiert elegante Fotostrecken, \u00e4sthetische Inszenierungen und einen exklusiven Magazin-Charakter, der Genuss und Qualit\u00e4t vereint.<\/p>\n<p data-start=\"332\" data-end=\"555\">Zwischen zeitloser Erotik, ausdrucksstarken Motiven und geschmackvoller Pr\u00e4sentation entfaltet sich eine visuelle Welt voller Fantasie und Eleganz.<br data-start=\"479\" data-end=\"482\" \/>Jede Seite ist sorgf\u00e4ltig gestaltet und l\u00e4dt zum bewussten Entdecken ein.<\/p>\n<p data-start=\"557\" data-end=\"732\"><strong data-start=\"557\" data-end=\"577\">Erwartet werden:<\/strong><br data-start=\"577\" data-end=\"580\" \/>\ud83d\udcf8 Hochwertige erotische Fotostrecken<br data-start=\"617\" data-end=\"620\" \/>\ud83d\udda4 Klassische &amp; stilvolle Erotik<br data-start=\"652\" data-end=\"655\" \/>\u2728 \u00c4sthetische Bildwelten<br data-start=\"679\" data-end=\"682\" \/>\ud83d\udd25 Sinnlichkeit mit exklusivem Magazin-Charakter<\/p>\n<p data-start=\"734\" data-end=\"828\">Ein edles Erotik-Magazin f\u00fcr Leser, die Wert auf Qualit\u00e4t, Stil und visuelle Intensit\u00e4t legen.<\/p>\n<p data-start=\"830\" data-end=\"850\">\ud83d\udd0a <strong data-start=\"833\" data-end=\"844\">Format:<\/strong> eBook<\/p>\n<p data-start=\"852\" data-end=\"1003\">\u2b07\ufe0f Sofortiger Download f\u00fcr Handy<br data-start=\"884\" data-end=\"887\" \/>\u2b07\ufe0f Sofortiger Download f\u00fcr PC<br data-start=\"916\" data-end=\"919\" \/>\u2b07\ufe0f Sofortiger Download f\u00fcrs Tablet<br data-start=\"953\" data-end=\"956\" \/>\u2b07\ufe0f Kompatibel mit allen eBook-f\u00e4higen Ger\u00e4ten<\/p>\n<p data-start=\"1005\" data-end=\"1063\" data-is-last-node=\"\" data-is-only-node=\"\">\ud83d\udc49 <strong data-start=\"1008\" data-end=\"1063\" data-is-last-node=\"\">Einmal gekauft \u2013 jederzeit und unbegrenzt abrufbar!<\/strong><\/p>","protected":false},"excerpt":{"rendered":"<p>\ud83d\udcd6 eBook Gallery Magazine 10 \u2013 Erotik Magazin \u201eGallery Magazine 10\u201c setzt die Reihe hochwertiger Erotik-Magazine mit stilvoller Bildsprache und klassischer Sinnlichkeit fort.Diese Ausgabe pr\u00e4sentiert elegante Fotostrecken, \u00e4sthetische Inszenierungen und einen exklusiven Magazin-Charakter, der Genuss und Qualit\u00e4t vereint. Zwischen zeitloser Erotik, ausdrucksstarken Motiven und geschmackvoller Pr\u00e4sentation entfaltet sich eine visuelle Welt voller Fantasie und Eleganz.Jede [&hellip;]<\/p>\n","protected":false},"featured_media":2342,"comment_status":"open","ping_status":"closed","template":"","meta":[],"product_brand":[],"product_cat":[45],"product_tag":[],"class_list":{"0":"post-2330","1":"product","2":"type-product","3":"status-publish","4":"has-post-thumbnail","6":"product_cat-finally-legal-erotikmagazin","8":"first","9":"instock","10":"sale","11":"virtual","12":"purchasable","13":"product-type-simple"},"jetpack_sharing_enabled":true,"_links":{"self":[{"href":"https:\/\/audiobook-24.com\/en\/wp-json\/wp\/v2\/product\/2330","targetHints":{"allow":["GET"]}}],"collection":[{"href":"https:\/\/audiobook-24.com\/en\/wp-json\/wp\/v2\/product"}],"about":[{"href":"https:\/\/audiobook-24.com\/en\/wp-json\/wp\/v2\/types\/product"}],"replies":[{"embeddable":true,"href":"https:\/\/audiobook-24.com\/en\/wp-json\/wp\/v2\/comments?post=2330"}],"wp:featuredmedia":[{"embeddable":true,"href":"https:\/\/audiobook-24.com\/en\/wp-json\/wp\/v2\/media\/2342"}],"wp:attachment":[{"href":"https:\/\/audiobook-24.com\/en\/wp-json\/wp\/v2\/media?parent=2330"}],"wp:term":[{"taxonomy":"product_brand","embeddable":true,"href":"https:\/\/audiobook-24.com\/en\/wp-json\/wp\/v2\/product_brand?post=2330"},{"taxonomy":"product_cat","embeddable":true,"href":"https:\/\/audiobook-24.com\/en\/wp-json\/wp\/v2\/product_cat?post=2330"},{"taxonomy":"product_tag","embeddable":true,"href":"https:\/\/audiobook-24.com\/en\/wp-json\/wp\/v2\/product_tag?post=2330"}],"curies":[{"name":"wp","href":"https:\/\/api.w.org\/{rel}","templated":true}]}}