{"id":2328,"date":"2025-12-16T01:36:38","date_gmt":"2025-12-16T01:36:38","guid":{"rendered":"https:\/\/audiobook-24.com\/?post_type=product&#038;p=2328"},"modified":"2025-12-16T01:36:38","modified_gmt":"2025-12-16T01:36:38","slug":"%f0%9f%93%96-gallery-magazine-2017-01-erotik-magazin-deutsch","status":"publish","type":"product","link":"https:\/\/audiobook-24.com\/en\/product\/%f0%9f%93%96-gallery-magazine-2017-01-erotik-magazin-deutsch\/","title":{"rendered":"\ud83d\udcd6 Gallery Magazine 2017 01 \u2013 Erotik Magazin \u2013 Deutsch"},"content":{"rendered":"<p data-start=\"416\" data-end=\"476\">\ud83d\udcd6 <strong data-start=\"419\" data-end=\"474\">Gallery Magazine 2017 01 \u2013 Erotik Magazin \u2013 Deutsch<\/strong><\/p>\n<p data-start=\"478\" data-end=\"721\">\u201eGallery Magazine 2017 01\u201c pr\u00e4sentiert eine exklusive Sammlung von Fotos, Interviews und Beitr\u00e4gen mit sinnlicher \u00c4sthetik.<br data-start=\"601\" data-end=\"604\" \/>Die Ausgabe kombiniert elegante Erotik mit hochwertiger Bildsprache und spannenden Inhalten f\u00fcr anspruchsvolle Leser.<\/p>\n<p data-start=\"723\" data-end=\"929\">Zwischen Portr\u00e4ts, Mode und Lifestyle entfalten sich Fotostrecken, die Fantasie anregen und zum Entdecken einladen.<br data-start=\"838\" data-end=\"841\" \/>Jede Seite ist sorgf\u00e4ltig gestaltet, um visuelle und emotionale Intensit\u00e4t zu verbinden.<\/p>\n<p data-start=\"931\" data-end=\"1080\"><strong data-start=\"931\" data-end=\"951\">Erwartet werden:<\/strong><br data-start=\"951\" data-end=\"954\" \/>\ud83d\udcf8 Hochwertige Fotostrecken<br data-start=\"981\" data-end=\"984\" \/>\ud83d\udda4 Sinnliche \u00c4sthetik &amp; Lifestyle<br data-start=\"1017\" data-end=\"1020\" \/>\u2728 Interviews &amp; exklusive Inhalte<br data-start=\"1052\" data-end=\"1055\" \/>\ud83d\udd25 Erotik &amp; Inspiration<\/p>\n<p data-start=\"1082\" data-end=\"1173\">Ein elegantes Magazin f\u00fcr alle, die \u00c4sthetik, Erotik und Lifestyle vereint erleben m\u00f6chten.<\/p>\n<p data-start=\"1175\" data-end=\"1208\">\ud83d\udd0a <strong data-start=\"1178\" data-end=\"1189\">Format:<\/strong> eBook (EPUB\/PDF)<\/p>\n<p data-start=\"1210\" data-end=\"1361\">\u2b07\ufe0f Sofortiger Download f\u00fcr Handy<br data-start=\"1242\" data-end=\"1245\" \/>\u2b07\ufe0f Sofortiger Download f\u00fcr PC<br data-start=\"1274\" data-end=\"1277\" \/>\u2b07\ufe0f Sofortiger Download f\u00fcrs Tablet<br data-start=\"1311\" data-end=\"1314\" \/>\u2b07\ufe0f Kompatibel mit allen eBook-f\u00e4higen Ger\u00e4ten<\/p>\n<p data-start=\"1363\" data-end=\"1423\">\ud83d\udc49 <strong data-start=\"1366\" data-end=\"1421\">Einmal gekauft \u2013 jederzeit und unbegrenzt abrufbar!<\/strong><\/p>","protected":false},"excerpt":{"rendered":"<p>\ud83d\udcd6 Gallery Magazine 2017 01 \u2013 Erotik Magazin \u2013 Deutsch \u201eGallery Magazine 2017 01\u201c pr\u00e4sentiert eine exklusive Sammlung von Fotos, Interviews und Beitr\u00e4gen mit sinnlicher \u00c4sthetik.Die Ausgabe kombiniert elegante Erotik mit hochwertiger Bildsprache und spannenden Inhalten f\u00fcr anspruchsvolle Leser. Zwischen Portr\u00e4ts, Mode und Lifestyle entfalten sich Fotostrecken, die Fantasie anregen und zum Entdecken einladen.Jede Seite [&hellip;]<\/p>\n","protected":false},"featured_media":2335,"comment_status":"open","ping_status":"closed","template":"","meta":[],"product_brand":[],"product_cat":[45],"product_tag":[],"class_list":{"0":"post-2328","1":"product","2":"type-product","3":"status-publish","4":"has-post-thumbnail","6":"product_cat-finally-legal-erotikmagazin","8":"first","9":"instock","10":"sale","11":"virtual","12":"purchasable","13":"product-type-simple"},"jetpack_sharing_enabled":true,"_links":{"self":[{"href":"https:\/\/audiobook-24.com\/en\/wp-json\/wp\/v2\/product\/2328","targetHints":{"allow":["GET"]}}],"collection":[{"href":"https:\/\/audiobook-24.com\/en\/wp-json\/wp\/v2\/product"}],"about":[{"href":"https:\/\/audiobook-24.com\/en\/wp-json\/wp\/v2\/types\/product"}],"replies":[{"embeddable":true,"href":"https:\/\/audiobook-24.com\/en\/wp-json\/wp\/v2\/comments?post=2328"}],"wp:featuredmedia":[{"embeddable":true,"href":"https:\/\/audiobook-24.com\/en\/wp-json\/wp\/v2\/media\/2335"}],"wp:attachment":[{"href":"https:\/\/audiobook-24.com\/en\/wp-json\/wp\/v2\/media?parent=2328"}],"wp:term":[{"taxonomy":"product_brand","embeddable":true,"href":"https:\/\/audiobook-24.com\/en\/wp-json\/wp\/v2\/product_brand?post=2328"},{"taxonomy":"product_cat","embeddable":true,"href":"https:\/\/audiobook-24.com\/en\/wp-json\/wp\/v2\/product_cat?post=2328"},{"taxonomy":"product_tag","embeddable":true,"href":"https:\/\/audiobook-24.com\/en\/wp-json\/wp\/v2\/product_tag?post=2328"}],"curies":[{"name":"wp","href":"https:\/\/api.w.org\/{rel}","templated":true}]}}