{"id":2304,"date":"2025-12-11T12:56:11","date_gmt":"2025-12-11T12:56:11","guid":{"rendered":"https:\/\/audiobook-24.com\/?post_type=product&#038;p=2304"},"modified":"2025-12-11T12:56:11","modified_gmt":"2025-12-11T12:56:11","slug":"%f0%9f%8e%a7-hoerbuch-samuel-bjork-kommissar-munch-02-federgrab-ungekuerzt","status":"publish","type":"product","link":"https:\/\/audiobook-24.com\/en\/product\/%f0%9f%8e%a7-hoerbuch-samuel-bjork-kommissar-munch-02-federgrab-ungekuerzt\/","title":{"rendered":"\ud83c\udfa7 H\u00f6rbuch \u2013 Samuel Bj\u00f8rk \u2013 Kommissar Munch 02: Federgrab (Ungek\u00fcrzt)"},"content":{"rendered":"<p data-start=\"0\" data-end=\"75\">\ud83c\udfa7 <strong data-start=\"3\" data-end=\"73\">H\u00f6rbuch \u2013 Samuel Bj\u00f8rk \u2013 Kommissar Munch 02: Federgrab (Ungek\u00fcrzt)<\/strong><\/p>\n<p data-start=\"77\" data-end=\"191\">Ein verst\u00f6render Fund. Ein T\u00e4ter mit einer grausamen Signatur. Ein Fall, der Munch und Mia an ihre Grenzen bringt.<\/p>\n<p data-start=\"193\" data-end=\"506\">In einem Wald nahe Oslo wird die Leiche eines jungen M\u00e4dchens entdeckt \u2013 in einem wei\u00dfen Kleid, barfu\u00df, und umgeben von einem Kranz aus <strong data-start=\"329\" data-end=\"339\">Federn<\/strong>. Neben ihr liegt eine r\u00e4tselhafte Nachricht, die auf einen Ritualmord hindeutet.<br data-start=\"420\" data-end=\"423\" \/>Der Fall \u00e4hnelt einer alten Akte \u2013 doch damals konnte der T\u00e4ter nie gefasst werden.<\/p>\n<p data-start=\"508\" data-end=\"793\">Holger Munch stellt ein neues Team zusammen und holt die hochbegabte, aber psychisch angeschlagene Ermittlerin <strong data-start=\"619\" data-end=\"633\">Mia Kr\u00fcger<\/strong> dazu. Schon bald erkennt sie ein Muster, das niemand zuvor gesehen hat:<br data-start=\"705\" data-end=\"708\" \/>Der M\u00f6rder folgt einem Plan.<br data-start=\"736\" data-end=\"739\" \/>Er beobachtet seine Opfer.<br data-start=\"765\" data-end=\"768\" \/>Und er schl\u00e4gt erneut zu.<\/p>\n<p data-start=\"795\" data-end=\"966\">Die Ermittlungen f\u00fchren Munch und Mia in die Unterwelt Oslos, in zerst\u00f6rte Familien, zu religi\u00f6sen Fanatikern und Menschen, die alles tun, um ihre Geheimnisse zu bewahren.<\/p>\n<p data-start=\"968\" data-end=\"1077\">Ein eiskalter, brillant konstruierter Nordic-Noir-Thriller voller Atmosph\u00e4re und nervenzerrei\u00dfender Spannung.<\/p>\n<hr data-start=\"1079\" data-end=\"1082\" \/>\n<p data-start=\"1084\" data-end=\"1125\">\ud83d\udd0a <strong data-start=\"1087\" data-end=\"1123\">Format: H\u00f6rbuch (MP3, ungek\u00fcrzt)<\/strong><\/p>\n<p data-start=\"1127\" data-end=\"1290\">\u2b07\ufe0f Sofortiger Download f\u00fcr <strong data-start=\"1154\" data-end=\"1163\">Handy<\/strong><br data-start=\"1163\" data-end=\"1166\" \/>\u2b07\ufe0f Sofortiger Download f\u00fcr <strong data-start=\"1193\" data-end=\"1199\">PC<\/strong><br data-start=\"1199\" data-end=\"1202\" \/>\u2b07\ufe0f Sofortiger Download f\u00fcrs <strong data-start=\"1230\" data-end=\"1240\">Tablet<\/strong><br data-start=\"1240\" data-end=\"1243\" \/>\u2b07\ufe0f Kompatibel mit allen <strong data-start=\"1267\" data-end=\"1290\">MP3-f\u00e4higen Ger\u00e4ten<\/strong><\/p>\n<p data-start=\"1292\" data-end=\"1328\" data-is-last-node=\"\" data-is-only-node=\"\"><strong data-start=\"1292\" data-end=\"1328\" data-is-last-node=\"\">Einmal gekauft \u2013 f\u00fcr immer dein!<\/strong><\/p>","protected":false},"excerpt":{"rendered":"<p>\ud83c\udfa7 H\u00f6rbuch \u2013 Samuel Bj\u00f8rk \u2013 Kommissar Munch 02: Federgrab (Ungek\u00fcrzt) Ein verst\u00f6render Fund. Ein T\u00e4ter mit einer grausamen Signatur. Ein Fall, der Munch und Mia an ihre Grenzen bringt. In einem Wald nahe Oslo wird die Leiche eines jungen M\u00e4dchens entdeckt \u2013 in einem wei\u00dfen Kleid, barfu\u00df, und umgeben von einem Kranz aus Federn. [&hellip;]<\/p>\n","protected":false},"featured_media":2306,"comment_status":"open","ping_status":"closed","template":"","meta":[],"product_brand":[],"product_cat":[19],"product_tag":[],"class_list":{"0":"post-2304","1":"product","2":"type-product","3":"status-publish","4":"has-post-thumbnail","6":"product_cat-hoerbuecher","8":"first","9":"instock","10":"sale","11":"shipping-taxable","12":"purchasable","13":"product-type-simple"},"jetpack_sharing_enabled":true,"_links":{"self":[{"href":"https:\/\/audiobook-24.com\/en\/wp-json\/wp\/v2\/product\/2304","targetHints":{"allow":["GET"]}}],"collection":[{"href":"https:\/\/audiobook-24.com\/en\/wp-json\/wp\/v2\/product"}],"about":[{"href":"https:\/\/audiobook-24.com\/en\/wp-json\/wp\/v2\/types\/product"}],"replies":[{"embeddable":true,"href":"https:\/\/audiobook-24.com\/en\/wp-json\/wp\/v2\/comments?post=2304"}],"wp:featuredmedia":[{"embeddable":true,"href":"https:\/\/audiobook-24.com\/en\/wp-json\/wp\/v2\/media\/2306"}],"wp:attachment":[{"href":"https:\/\/audiobook-24.com\/en\/wp-json\/wp\/v2\/media?parent=2304"}],"wp:term":[{"taxonomy":"product_brand","embeddable":true,"href":"https:\/\/audiobook-24.com\/en\/wp-json\/wp\/v2\/product_brand?post=2304"},{"taxonomy":"product_cat","embeddable":true,"href":"https:\/\/audiobook-24.com\/en\/wp-json\/wp\/v2\/product_cat?post=2304"},{"taxonomy":"product_tag","embeddable":true,"href":"https:\/\/audiobook-24.com\/en\/wp-json\/wp\/v2\/product_tag?post=2304"}],"curies":[{"name":"wp","href":"https:\/\/api.w.org\/{rel}","templated":true}]}}