{"id":2303,"date":"2025-12-11T13:02:27","date_gmt":"2025-12-11T13:02:27","guid":{"rendered":"https:\/\/audiobook-24.com\/?post_type=product&#038;p=2303"},"modified":"2025-12-11T13:02:28","modified_gmt":"2025-12-11T13:02:28","slug":"%f0%9f%8e%a7-hoerbuch-samuel-bjork-kommissar-munch-01-engelskalt-ungekuerzt","status":"publish","type":"product","link":"https:\/\/audiobook-24.com\/en\/product\/%f0%9f%8e%a7-hoerbuch-samuel-bjork-kommissar-munch-01-engelskalt-ungekuerzt\/","title":{"rendered":"\ud83c\udfa7 H\u00f6rbuch \u2013 Samuel Bj\u00f8rk \u2013 Kommissar Munch 01: Engelskalt (Ungek\u00fcrzt)"},"content":{"rendered":"<h6 class=\"sr-only\"><span style=\"font-size: 16px;\">\ud83c\udfa7 <\/span><strong style=\"font-size: 16px;\" data-start=\"3\" data-end=\"74\">H\u00f6rbuch \u2013 Samuel Bj\u00f8rk \u2013 Kommissar Munch 01: Engelskalt (Ungek\u00fcrzt)<\/strong><\/h6>\n<div class=\"text-base my-auto mx-auto pb-10 [--thread-content-margin:--spacing(4)] @w-sm\/main:[--thread-content-margin:--spacing(6)] @w-lg\/main:[--thread-content-margin:--spacing(16)] px-(--thread-content-margin)\">\n<div class=\"[--thread-content-max-width:40rem] @w-lg\/main:[--thread-content-max-width:48rem] mx-auto max-w-(--thread-content-max-width) flex-1 group\/turn-messages focus-visible:outline-hidden relative flex w-full min-w-0 flex-col agent-turn\" tabindex=\"-1\">\n<div class=\"flex max-w-full flex-col grow\">\n<div class=\"min-h-8 text-message relative flex w-full flex-col items-end gap-2 text-start break-words whitespace-normal [.text-message+&amp;]:mt-1\" dir=\"auto\" data-message-author-role=\"assistant\" data-message-id=\"65c21f57-c110-428f-967f-884630b7f82b\" data-message-model-slug=\"gpt-5-1\">\n<div class=\"flex w-full flex-col gap-1 empty:hidden first:pt-[1px]\">\n<div class=\"markdown prose dark:prose-invert w-full break-words light markdown-new-styling\">\n<p data-start=\"78\" data-end=\"204\">Ein brutaler Ritualmord ersch\u00fcttert Oslo \u2013 und markiert den Beginn einer der packendsten Nordic-Noir-Reihen der letzten Jahre.<\/p>\n<p data-start=\"206\" data-end=\"472\">Im Wald wird die Leiche eines jungen M\u00e4dchens gefunden. Sie tr\u00e4gt ein wei\u00dfes Kleid, hat einen Rucksack auf dem R\u00fccken \u2013 und um ihren Hals h\u00e4ngt ein Schild mit der Aufschrift: <strong data-start=\"381\" data-end=\"404\">\u201eIch reise allein.\u201c<\/strong><br data-start=\"404\" data-end=\"407\" \/>Ein Bild, das selbst die erfahrensten Ermittler verstummen l\u00e4sst.<\/p>\n<p data-start=\"474\" data-end=\"799\">Kommissar <strong data-start=\"484\" data-end=\"500\">Holger Munch<\/strong> \u00fcbernimmt den Fall und wendet sich an die brillante, aber tief verletzte Ermittlerin <strong data-start=\"586\" data-end=\"600\">Mia Kr\u00fcger<\/strong>, die sich seit Monaten zur\u00fcckgezogen hat. Ihre au\u00dfergew\u00f6hnliche Intuition zeigt schnell:<br data-start=\"689\" data-end=\"692\" \/>Das ist kein willk\u00fcrliches Verbrechen.<br data-start=\"730\" data-end=\"733\" \/>Der T\u00e4ter hat geplant, beobachtet \u2013 und er wird wieder zuschlagen.<\/p>\n<p data-start=\"801\" data-end=\"945\">Als eine weitere Spur auftaucht, die direkt in Munchs pers\u00f6nliches Umfeld f\u00fchrt, wird der Fall zu einem Albtraum, der niemanden unber\u00fchrt l\u00e4sst.<\/p>\n<p data-start=\"947\" data-end=\"1096\">Ein eiskalter, psychologisch intensiver Thriller, der die perfekte Mischung aus d\u00fcsterer Atmosph\u00e4re, emotionaler Tiefe und atemloser Spannung bietet.<\/p>\n<hr data-start=\"1098\" data-end=\"1101\" \/>\n<p data-start=\"1103\" data-end=\"1144\">\ud83d\udd0a <strong data-start=\"1106\" data-end=\"1142\">Format: H\u00f6rbuch (MP3, ungek\u00fcrzt)<\/strong><\/p>\n<p data-start=\"1146\" data-end=\"1309\">\u2b07\ufe0f Sofortiger Download f\u00fcr <strong data-start=\"1173\" data-end=\"1182\">Handy<\/strong><br data-start=\"1182\" data-end=\"1185\" \/>\u2b07\ufe0f Sofortiger Download f\u00fcr <strong data-start=\"1212\" data-end=\"1218\">PC<\/strong><br data-start=\"1218\" data-end=\"1221\" \/>\u2b07\ufe0f Sofortiger Download f\u00fcrs <strong data-start=\"1249\" data-end=\"1259\">Tablet<\/strong><br data-start=\"1259\" data-end=\"1262\" \/>\u2b07\ufe0f Kompatibel mit allen <strong data-start=\"1286\" data-end=\"1309\">MP3-f\u00e4higen Ger\u00e4ten<\/strong><\/p>\n<p data-start=\"1311\" data-end=\"1347\" data-is-last-node=\"\" data-is-only-node=\"\"><strong data-start=\"1311\" data-end=\"1347\" data-is-last-node=\"\">Einmal gekauft \u2013 f\u00fcr immer dein!<\/strong><\/p>\n<\/div>\n<\/div>\n<\/div>\n<\/div>\n<\/div>\n<\/div>\n","protected":false},"excerpt":{"rendered":"<p>\ud83c\udfa7 H\u00f6rbuch \u2013 Samuel Bj\u00f8rk \u2013 Kommissar Munch 01: Engelskalt (Ungek\u00fcrzt) Ein brutaler Ritualmord ersch\u00fcttert Oslo \u2013 und markiert den Beginn einer der packendsten Nordic-Noir-Reihen der letzten Jahre. Im Wald wird die Leiche eines jungen M\u00e4dchens gefunden. Sie tr\u00e4gt ein wei\u00dfes Kleid, hat einen Rucksack auf dem R\u00fccken \u2013 und um ihren Hals h\u00e4ngt ein [&hellip;]<\/p>\n","protected":false},"featured_media":2307,"comment_status":"open","ping_status":"closed","template":"","meta":[],"product_brand":[],"product_cat":[19],"product_tag":[],"class_list":{"0":"post-2303","1":"product","2":"type-product","3":"status-publish","4":"has-post-thumbnail","6":"product_cat-hoerbuecher","8":"first","9":"instock","10":"sale","11":"virtual","12":"purchasable","13":"product-type-simple"},"jetpack_sharing_enabled":true,"_links":{"self":[{"href":"https:\/\/audiobook-24.com\/en\/wp-json\/wp\/v2\/product\/2303","targetHints":{"allow":["GET"]}}],"collection":[{"href":"https:\/\/audiobook-24.com\/en\/wp-json\/wp\/v2\/product"}],"about":[{"href":"https:\/\/audiobook-24.com\/en\/wp-json\/wp\/v2\/types\/product"}],"replies":[{"embeddable":true,"href":"https:\/\/audiobook-24.com\/en\/wp-json\/wp\/v2\/comments?post=2303"}],"wp:featuredmedia":[{"embeddable":true,"href":"https:\/\/audiobook-24.com\/en\/wp-json\/wp\/v2\/media\/2307"}],"wp:attachment":[{"href":"https:\/\/audiobook-24.com\/en\/wp-json\/wp\/v2\/media?parent=2303"}],"wp:term":[{"taxonomy":"product_brand","embeddable":true,"href":"https:\/\/audiobook-24.com\/en\/wp-json\/wp\/v2\/product_brand?post=2303"},{"taxonomy":"product_cat","embeddable":true,"href":"https:\/\/audiobook-24.com\/en\/wp-json\/wp\/v2\/product_cat?post=2303"},{"taxonomy":"product_tag","embeddable":true,"href":"https:\/\/audiobook-24.com\/en\/wp-json\/wp\/v2\/product_tag?post=2303"}],"curies":[{"name":"wp","href":"https:\/\/api.w.org\/{rel}","templated":true}]}}