{"id":2290,"date":"2025-12-11T12:24:17","date_gmt":"2025-12-11T12:24:17","guid":{"rendered":"https:\/\/audiobook-24.com\/?post_type=product&#038;p=2290"},"modified":"2025-12-11T12:24:18","modified_gmt":"2025-12-11T12:24:18","slug":"%f0%9f%8e%a7-hoerbuch-samuel-bjork-kommissar-munch-04-dunkelschnee-ungekuerzt","status":"publish","type":"product","link":"https:\/\/audiobook-24.com\/en\/product\/%f0%9f%8e%a7-hoerbuch-samuel-bjork-kommissar-munch-04-dunkelschnee-ungekuerzt\/","title":{"rendered":"\ud83c\udfa7 H\u00f6rbuch \u2013 Samuel Bj\u00f8rk \u2013 Kommissar Munch 04: Dunkelschnee (Ungek\u00fcrzt)"},"content":{"rendered":"<p data-start=\"0\" data-end=\"78\">\ud83c\udfa7 <strong data-start=\"3\" data-end=\"76\">H\u00f6rbuch \u2013 Samuel Bj\u00f8rk \u2013 Kommissar Munch 04: Dunkelschnee (Ungek\u00fcrzt)<\/strong><\/p>\n<p data-start=\"80\" data-end=\"164\">Eisesk\u00e4lte, verst\u00f6rende Spuren \u2013 und ein Fall, der tiefer geht als jede Winternacht.<\/p>\n<p data-start=\"166\" data-end=\"484\">In Oslo verschwindet ein junges M\u00e4dchen spurlos w\u00e4hrend eines Schneesturms. Zur\u00fcck bleibt nur ein verst\u00f6rendes Detail: <strong data-start=\"285\" data-end=\"349\">Eine einzelne, sorgf\u00e4ltig platzierte Schneeflocke aus Papier<\/strong>, gefaltet wie ein Zeichen.<br data-start=\"376\" data-end=\"379\" \/>Kurz darauf wird eine zweite Jugendliche gefunden \u2013 tot. Wieder liegt eine dieser Papierfalten neben ihr.<\/p>\n<p data-start=\"486\" data-end=\"857\">Kommissar <strong data-start=\"496\" data-end=\"512\">Holger Munch<\/strong> und die brillante, aber zerbrechliche <strong data-start=\"551\" data-end=\"565\">Mia Kr\u00fcger<\/strong> stehen vor einem T\u00e4ter, der pr\u00e4zise plant, scheinbar zuf\u00e4llig zuschl\u00e4gt und dennoch einer dunklen, pers\u00f6nlichen Logik folgt.<br data-start=\"690\" data-end=\"693\" \/>Die Spur f\u00fchrt in die Vergangenheit \u2013 zu einem Ort, an dem Kinder h\u00e4tten sicher sein sollen. Doch dort begann ein Albtraum, der jetzt in blutigem Frost neu erwacht.<\/p>\n<p data-start=\"859\" data-end=\"1014\">Je tiefer sie graben, desto klarer wird:<br data-start=\"899\" data-end=\"902\" \/>Der M\u00f6rder spielt ein Spiel, das nur er versteht \u2013 und der n\u00e4chste Schneefall k\u00f6nnte ein weiteres Opfer bringen.<\/p>\n<p data-start=\"1016\" data-end=\"1115\">Ein kraftvoller, intensiver Nordic-Noir-Thriller mit beklemmender Atmosph\u00e4re und emotionaler Tiefe.<\/p>\n<hr data-start=\"1117\" data-end=\"1120\" \/>\n<p data-start=\"1122\" data-end=\"1163\">\ud83d\udd0a <strong data-start=\"1125\" data-end=\"1161\">Format: H\u00f6rbuch (MP3, ungek\u00fcrzt)<\/strong><\/p>\n<p data-start=\"1165\" data-end=\"1328\">\u2b07\ufe0f Sofortiger Download f\u00fcr <strong data-start=\"1192\" data-end=\"1201\">Handy<\/strong><br data-start=\"1201\" data-end=\"1204\" \/>\u2b07\ufe0f Sofortiger Download f\u00fcr <strong data-start=\"1231\" data-end=\"1237\">PC<\/strong><br data-start=\"1237\" data-end=\"1240\" \/>\u2b07\ufe0f Sofortiger Download f\u00fcrs <strong data-start=\"1268\" data-end=\"1278\">Tablet<\/strong><br data-start=\"1278\" data-end=\"1281\" \/>\u2b07\ufe0f Kompatibel mit allen <strong data-start=\"1305\" data-end=\"1328\">MP3-f\u00e4higen Ger\u00e4ten<\/strong><\/p>\n<p data-start=\"1330\" data-end=\"1366\" data-is-last-node=\"\" data-is-only-node=\"\"><strong data-start=\"1330\" data-end=\"1366\" data-is-last-node=\"\">Einmal gekauft \u2013 f\u00fcr immer dein!<\/strong><\/p>","protected":false},"excerpt":{"rendered":"<p>\ud83c\udfa7 H\u00f6rbuch \u2013 Samuel Bj\u00f8rk \u2013 Kommissar Munch 04: Dunkelschnee (Ungek\u00fcrzt) Eisesk\u00e4lte, verst\u00f6rende Spuren \u2013 und ein Fall, der tiefer geht als jede Winternacht. In Oslo verschwindet ein junges M\u00e4dchen spurlos w\u00e4hrend eines Schneesturms. Zur\u00fcck bleibt nur ein verst\u00f6rendes Detail: Eine einzelne, sorgf\u00e4ltig platzierte Schneeflocke aus Papier, gefaltet wie ein Zeichen.Kurz darauf wird eine zweite [&hellip;]<\/p>\n","protected":false},"featured_media":2294,"comment_status":"open","ping_status":"closed","template":"","meta":[],"product_brand":[],"product_cat":[19],"product_tag":[],"class_list":{"0":"post-2290","1":"product","2":"type-product","3":"status-publish","4":"has-post-thumbnail","6":"product_cat-hoerbuecher","8":"first","9":"instock","10":"sale","11":"virtual","12":"purchasable","13":"product-type-simple"},"jetpack_sharing_enabled":true,"_links":{"self":[{"href":"https:\/\/audiobook-24.com\/en\/wp-json\/wp\/v2\/product\/2290","targetHints":{"allow":["GET"]}}],"collection":[{"href":"https:\/\/audiobook-24.com\/en\/wp-json\/wp\/v2\/product"}],"about":[{"href":"https:\/\/audiobook-24.com\/en\/wp-json\/wp\/v2\/types\/product"}],"replies":[{"embeddable":true,"href":"https:\/\/audiobook-24.com\/en\/wp-json\/wp\/v2\/comments?post=2290"}],"wp:featuredmedia":[{"embeddable":true,"href":"https:\/\/audiobook-24.com\/en\/wp-json\/wp\/v2\/media\/2294"}],"wp:attachment":[{"href":"https:\/\/audiobook-24.com\/en\/wp-json\/wp\/v2\/media?parent=2290"}],"wp:term":[{"taxonomy":"product_brand","embeddable":true,"href":"https:\/\/audiobook-24.com\/en\/wp-json\/wp\/v2\/product_brand?post=2290"},{"taxonomy":"product_cat","embeddable":true,"href":"https:\/\/audiobook-24.com\/en\/wp-json\/wp\/v2\/product_cat?post=2290"},{"taxonomy":"product_tag","embeddable":true,"href":"https:\/\/audiobook-24.com\/en\/wp-json\/wp\/v2\/product_tag?post=2290"}],"curies":[{"name":"wp","href":"https:\/\/api.w.org\/{rel}","templated":true}]}}