{"id":2289,"date":"2025-12-11T12:19:52","date_gmt":"2025-12-11T12:19:52","guid":{"rendered":"https:\/\/audiobook-24.com\/?post_type=product&#038;p=2289"},"modified":"2025-12-11T12:19:53","modified_gmt":"2025-12-11T12:19:53","slug":"%f0%9f%8e%a7-hoerbuch-samuel-bjork-kommissar-munch-05-kraeheninsel-ungekuerzt","status":"publish","type":"product","link":"https:\/\/audiobook-24.com\/en\/product\/%f0%9f%8e%a7-hoerbuch-samuel-bjork-kommissar-munch-05-kraeheninsel-ungekuerzt\/","title":{"rendered":"\ud83c\udfa7 H\u00f6rbuch \u2013 Samuel Bj\u00f8rk \u2013 Kommissar Munch 05: Kr\u00e4heninsel (Ungek\u00fcrzt)"},"content":{"rendered":"<p data-start=\"0\" data-end=\"77\">\ud83c\udfa7 <strong data-start=\"3\" data-end=\"75\">H\u00f6rbuch \u2013 Samuel Bj\u00f8rk \u2013 Kommissar Munch 05: Kr\u00e4heninsel (Ungek\u00fcrzt)<\/strong><\/p>\n<p data-start=\"79\" data-end=\"203\">Ein neuer, d\u00fcsterer Fall f\u00fcr Kommissar Holger Munch und Mia Kr\u00fcger \u2013 intensiver, unheimlicher und pers\u00f6nlicher als je zuvor.<\/p>\n<p data-start=\"205\" data-end=\"529\">Auf einer abgelegenen Insel im Oslofjord wird eine grausam zugerichtete Leiche gefunden. Die Bewohner sprechen fl\u00fcsternd von der <strong data-start=\"334\" data-end=\"351\">\u201eKr\u00e4heninsel\u201c<\/strong>, einem Ort voller alteingesessener Geheimnisse, schweigender Familien und tragischer Schicksale.<br data-start=\"448\" data-end=\"451\" \/>Schon bald wird klar: Der M\u00f6rder hat hier mehr als nur ein Opfer hinterlassen.<\/p>\n<p data-start=\"531\" data-end=\"873\">Munch und Mia sto\u00dfen auf ein Netz aus L\u00fcgen, verschwundenen Kindern und einem Kult, der seit Jahrzehnten im Verborgenen existieren soll. Die Ermittlungen f\u00fchren sie tief in die Psyche einer Gemeinschaft, die ihre Vergangenheit um jeden Preis sch\u00fctzen will.<br data-start=\"787\" data-end=\"790\" \/>Doch je n\u00e4her sie der Wahrheit kommen, desto st\u00e4rker geraten sie selbst ins Visier.<\/p>\n<p data-start=\"875\" data-end=\"990\">Ein nervenaufreibender Nordic-Noir-Thriller \u2013 atmosph\u00e4risch, intelligent aufgebaut und voller intensiver Wendungen.<\/p>\n<hr data-start=\"992\" data-end=\"995\" \/>\n<p data-start=\"997\" data-end=\"1038\">\ud83d\udd0a <strong data-start=\"1000\" data-end=\"1036\">Format: H\u00f6rbuch (MP3, ungek\u00fcrzt)<\/strong><\/p>\n<p data-start=\"1040\" data-end=\"1203\">\u2b07\ufe0f Sofortiger Download f\u00fcr <strong data-start=\"1067\" data-end=\"1076\">Handy<\/strong><br data-start=\"1076\" data-end=\"1079\" \/>\u2b07\ufe0f Sofortiger Download f\u00fcr <strong data-start=\"1106\" data-end=\"1112\">PC<\/strong><br data-start=\"1112\" data-end=\"1115\" \/>\u2b07\ufe0f Sofortiger Download f\u00fcrs <strong data-start=\"1143\" data-end=\"1153\">Tablet<\/strong><br data-start=\"1153\" data-end=\"1156\" \/>\u2b07\ufe0f Kompatibel mit allen <strong data-start=\"1180\" data-end=\"1203\">MP3-f\u00e4higen Ger\u00e4ten<\/strong><\/p>\n<p data-start=\"1205\" data-end=\"1241\" data-is-last-node=\"\" data-is-only-node=\"\"><strong data-start=\"1205\" data-end=\"1241\" data-is-last-node=\"\">Einmal gekauft \u2013 f\u00fcr immer dein!<\/strong><\/p>","protected":false},"excerpt":{"rendered":"<p>\ud83c\udfa7 H\u00f6rbuch \u2013 Samuel Bj\u00f8rk \u2013 Kommissar Munch 05: Kr\u00e4heninsel (Ungek\u00fcrzt) Ein neuer, d\u00fcsterer Fall f\u00fcr Kommissar Holger Munch und Mia Kr\u00fcger \u2013 intensiver, unheimlicher und pers\u00f6nlicher als je zuvor. Auf einer abgelegenen Insel im Oslofjord wird eine grausam zugerichtete Leiche gefunden. Die Bewohner sprechen fl\u00fcsternd von der \u201eKr\u00e4heninsel\u201c, einem Ort voller alteingesessener Geheimnisse, schweigender [&hellip;]<\/p>\n","protected":false},"featured_media":2293,"comment_status":"open","ping_status":"closed","template":"","meta":[],"product_brand":[],"product_cat":[19],"product_tag":[],"class_list":{"0":"post-2289","1":"product","2":"type-product","3":"status-publish","4":"has-post-thumbnail","6":"product_cat-hoerbuecher","8":"first","9":"instock","10":"sale","11":"virtual","12":"purchasable","13":"product-type-simple"},"jetpack_sharing_enabled":true,"_links":{"self":[{"href":"https:\/\/audiobook-24.com\/en\/wp-json\/wp\/v2\/product\/2289","targetHints":{"allow":["GET"]}}],"collection":[{"href":"https:\/\/audiobook-24.com\/en\/wp-json\/wp\/v2\/product"}],"about":[{"href":"https:\/\/audiobook-24.com\/en\/wp-json\/wp\/v2\/types\/product"}],"replies":[{"embeddable":true,"href":"https:\/\/audiobook-24.com\/en\/wp-json\/wp\/v2\/comments?post=2289"}],"wp:featuredmedia":[{"embeddable":true,"href":"https:\/\/audiobook-24.com\/en\/wp-json\/wp\/v2\/media\/2293"}],"wp:attachment":[{"href":"https:\/\/audiobook-24.com\/en\/wp-json\/wp\/v2\/media?parent=2289"}],"wp:term":[{"taxonomy":"product_brand","embeddable":true,"href":"https:\/\/audiobook-24.com\/en\/wp-json\/wp\/v2\/product_brand?post=2289"},{"taxonomy":"product_cat","embeddable":true,"href":"https:\/\/audiobook-24.com\/en\/wp-json\/wp\/v2\/product_cat?post=2289"},{"taxonomy":"product_tag","embeddable":true,"href":"https:\/\/audiobook-24.com\/en\/wp-json\/wp\/v2\/product_tag?post=2289"}],"curies":[{"name":"wp","href":"https:\/\/api.w.org\/{rel}","templated":true}]}}