{"id":2284,"date":"2025-12-11T08:53:21","date_gmt":"2025-12-11T08:53:21","guid":{"rendered":"https:\/\/audiobook-24.com\/?post_type=product&#038;p=2284"},"modified":"2025-12-11T08:53:21","modified_gmt":"2025-12-11T08:53:21","slug":"%f0%9f%8e%a7-hoerspiel-j-r-r-tolkien-der-herr-der-ringe-3-die-wiederkehr-des-koenigs","status":"publish","type":"product","link":"https:\/\/audiobook-24.com\/en\/product\/%f0%9f%8e%a7-hoerspiel-j-r-r-tolkien-der-herr-der-ringe-3-die-wiederkehr-des-koenigs\/","title":{"rendered":"\ud83c\udfa7 H\u00f6rspiel \u2013 J.R.R. Tolkien \u2013 Der Herr der Ringe 3: Die Wiederkehr des K\u00f6nigs"},"content":{"rendered":"<p data-start=\"0\" data-end=\"84\">\ud83c\udfa7 <strong data-start=\"3\" data-end=\"82\">H\u00f6rspiel \u2013 J.R.R. Tolkien \u2013 Der Herr der Ringe 3: Die Wiederkehr des K\u00f6nigs<\/strong><\/p>\n<p data-start=\"86\" data-end=\"191\">Der letzte Kampf um Mittelerde hat begonnen \u2013 und jede Entscheidung entscheidet \u00fcber Sieg oder Untergang.<\/p>\n<p data-start=\"193\" data-end=\"450\">W\u00e4hrend Frodo und Sam ersch\u00f6pft, entkr\u00e4ftet und von Gollums Verrat bedroht ihrem Ziel immer n\u00e4her kommen, sammelt sich im Westen die letzte Hoffnung:<br data-start=\"342\" data-end=\"345\" \/><strong data-start=\"345\" data-end=\"356\">Aragorn<\/strong>, der wahre Erbe Gondors, tritt aus dem Schatten und stellt sich seinem Schicksal als K\u00f6nig.<\/p>\n<p data-start=\"452\" data-end=\"739\">Mit den Heeren Rohans, den tapferen Menschen von Gondor, den Elben, Zwergen und allen freien V\u00f6lkern Mittelerdes formiert sich ein verzweifelter Widerstand gegen Saurons \u00dcbermacht.<br data-start=\"632\" data-end=\"635\" \/>Die Schlacht um <strong data-start=\"651\" data-end=\"667\">Minas Tirith<\/strong> wird zu einem der gr\u00f6\u00dften und dramatischsten Momente des gesamten Epos.<\/p>\n<p data-start=\"741\" data-end=\"949\">W\u00e4hrend die Schatten wachsen und Mordors Zorn die Welt zu verschlingen droht, liegt alles an zwei Hobbits, die den Schicksalsberg erreichen m\u00fcssen \u2013 um jeden Preis.<br data-start=\"905\" data-end=\"908\" \/>Doch der Ring hat seinen eigenen Willen \u2026<\/p>\n<p data-start=\"951\" data-end=\"1137\">Ein emotionales, triumphales und episch inszeniertes Finale, das G\u00e4nsehaut garantiert.<br data-start=\"1037\" data-end=\"1040\" \/>Die Kr\u00f6nung eines der gr\u00f6\u00dften Abenteuer aller Zeiten \u2013 packend umgesetzt als fesselndes H\u00f6rspiel.<\/p>\n<hr data-start=\"1139\" data-end=\"1142\" \/>\n<p data-start=\"1144\" data-end=\"1175\">\ud83d\udd0a <strong data-start=\"1147\" data-end=\"1173\">Format: H\u00f6rspiel (MP3)<\/strong><\/p>\n<p data-start=\"1177\" data-end=\"1340\">\u2b07\ufe0f Sofortiger Download f\u00fcr <strong data-start=\"1204\" data-end=\"1213\">Handy<\/strong><br data-start=\"1213\" data-end=\"1216\" \/>\u2b07\ufe0f Sofortiger Download f\u00fcr <strong data-start=\"1243\" data-end=\"1249\">PC<\/strong><br data-start=\"1249\" data-end=\"1252\" \/>\u2b07\ufe0f Sofortiger Download f\u00fcrs <strong data-start=\"1280\" data-end=\"1290\">Tablet<\/strong><br data-start=\"1290\" data-end=\"1293\" \/>\u2b07\ufe0f Kompatibel mit allen <strong data-start=\"1317\" data-end=\"1340\">MP3-f\u00e4higen Ger\u00e4ten<\/strong><\/p>\n<p data-start=\"1342\" data-end=\"1378\" data-is-last-node=\"\" data-is-only-node=\"\"><strong data-start=\"1342\" data-end=\"1378\" data-is-last-node=\"\">Einmal gekauft \u2013 f\u00fcr immer dein!<\/strong><\/p>","protected":false},"excerpt":{"rendered":"<p>\ud83c\udfa7 H\u00f6rspiel \u2013 J.R.R. Tolkien \u2013 Der Herr der Ringe 3: Die Wiederkehr des K\u00f6nigs Der letzte Kampf um Mittelerde hat begonnen \u2013 und jede Entscheidung entscheidet \u00fcber Sieg oder Untergang. W\u00e4hrend Frodo und Sam ersch\u00f6pft, entkr\u00e4ftet und von Gollums Verrat bedroht ihrem Ziel immer n\u00e4her kommen, sammelt sich im Westen die letzte Hoffnung:Aragorn, der [&hellip;]<\/p>\n","protected":false},"featured_media":2288,"comment_status":"open","ping_status":"closed","template":"","meta":[],"product_brand":[],"product_cat":[19,21],"product_tag":[],"class_list":{"0":"post-2284","1":"product","2":"type-product","3":"status-publish","4":"has-post-thumbnail","6":"product_cat-hoerbuecher","7":"product_cat-hoerspiele","9":"first","10":"instock","11":"sale","12":"virtual","13":"purchasable","14":"product-type-simple"},"jetpack_sharing_enabled":true,"_links":{"self":[{"href":"https:\/\/audiobook-24.com\/en\/wp-json\/wp\/v2\/product\/2284","targetHints":{"allow":["GET"]}}],"collection":[{"href":"https:\/\/audiobook-24.com\/en\/wp-json\/wp\/v2\/product"}],"about":[{"href":"https:\/\/audiobook-24.com\/en\/wp-json\/wp\/v2\/types\/product"}],"replies":[{"embeddable":true,"href":"https:\/\/audiobook-24.com\/en\/wp-json\/wp\/v2\/comments?post=2284"}],"wp:featuredmedia":[{"embeddable":true,"href":"https:\/\/audiobook-24.com\/en\/wp-json\/wp\/v2\/media\/2288"}],"wp:attachment":[{"href":"https:\/\/audiobook-24.com\/en\/wp-json\/wp\/v2\/media?parent=2284"}],"wp:term":[{"taxonomy":"product_brand","embeddable":true,"href":"https:\/\/audiobook-24.com\/en\/wp-json\/wp\/v2\/product_brand?post=2284"},{"taxonomy":"product_cat","embeddable":true,"href":"https:\/\/audiobook-24.com\/en\/wp-json\/wp\/v2\/product_cat?post=2284"},{"taxonomy":"product_tag","embeddable":true,"href":"https:\/\/audiobook-24.com\/en\/wp-json\/wp\/v2\/product_tag?post=2284"}],"curies":[{"name":"wp","href":"https:\/\/api.w.org\/{rel}","templated":true}]}}