{"id":2278,"date":"2025-12-11T08:29:24","date_gmt":"2025-12-11T08:29:24","guid":{"rendered":"https:\/\/audiobook-24.com\/?post_type=product&#038;p=2278"},"modified":"2025-12-11T08:29:25","modified_gmt":"2025-12-11T08:29:25","slug":"%f0%9f%8e%a7-hoerspiel-j-r-r-tolkien-der-herr-der-ringe-1-die-gefaehrten","status":"publish","type":"product","link":"https:\/\/audiobook-24.com\/en\/product\/%f0%9f%8e%a7-hoerspiel-j-r-r-tolkien-der-herr-der-ringe-1-die-gefaehrten\/","title":{"rendered":"\ud83c\udfa7 H\u00f6rspiel \u2013 J.R.R. Tolkien \u2013 Der Herr der Ringe 1: Die Gef\u00e4hrten"},"content":{"rendered":"<p data-start=\"0\" data-end=\"72\">\ud83c\udfa7 <strong data-start=\"3\" data-end=\"70\">H\u00f6rspiel \u2013 J.R.R. Tolkien \u2013 Der Herr der Ringe 1: Die Gef\u00e4hrten<\/strong><\/p>\n<p data-start=\"74\" data-end=\"188\">Der Beginn eines der gr\u00f6\u00dften Fantasy-Epen aller Zeiten \u2013 bildgewaltig, atmosph\u00e4risch, episch erz\u00e4hlt als H\u00f6rspiel!<\/p>\n<p data-start=\"190\" data-end=\"567\">Im friedlichen Auenland ahnt der junge Hobbit <strong data-start=\"236\" data-end=\"253\">Frodo Beutlin<\/strong> nichts von der Last, die bald auf seinen Schultern liegen wird. Erst als sein Onkel Bilbo verschwindet und der Zauberer <strong data-start=\"374\" data-end=\"385\">Gandalf<\/strong> die Wahrheit enth\u00fcllt, beginnt das Abenteuer:<br data-start=\"431\" data-end=\"434\" \/>Der unscheinbare Ring, den Bilbo einst fand, ist in Wahrheit der <strong data-start=\"499\" data-end=\"512\">Eine Ring<\/strong>, das dunkelste Werk des Schattensf\u00fcrsten <strong data-start=\"554\" data-end=\"564\">Sauron<\/strong>.<\/p>\n<p data-start=\"569\" data-end=\"662\">Um Mittelerde zu retten, muss der Ring zerst\u00f6rt werden \u2013 in den Feuern des Schicksalsbergs.<\/p>\n<p data-start=\"664\" data-end=\"938\">Frodo bricht auf und findet treue Begleiter:<br data-start=\"708\" data-end=\"711\" \/>\u2022 Sam, Merry und Pippin \u2013 Hobbits mit gro\u00dfem Mut<br data-start=\"759\" data-end=\"762\" \/>\u2022 Aragorn \u2013 der geheimnisvolle Waldl\u00e4ufer<br data-start=\"803\" data-end=\"806\" \/>\u2022 Legolas und Gimli \u2013 Elf und Zwerg im Widerstreit und doch vereint<br data-start=\"873\" data-end=\"876\" \/>\u2022 Boromir \u2013 ein tapferer, aber innerlich zerrissener Krieger<\/p>\n<p data-start=\"940\" data-end=\"1083\">Gemeinsam werden sie zu <strong data-start=\"964\" data-end=\"981\">den Gef\u00e4hrten<\/strong>.<br data-start=\"982\" data-end=\"985\" \/>Doch Saurons Schatten w\u00e4chst, die Ringgeister jagen, und die Gefahr r\u00fcckt von allen Seiten n\u00e4her \u2026<\/p>\n<p data-start=\"1085\" data-end=\"1187\">Ein meisterhaft inszeniertes H\u00f6rspiel voller Emotion, Magie, Klanglandschaften und epischer Abenteuer.<\/p>\n<hr data-start=\"1189\" data-end=\"1192\" \/>\n<p data-start=\"1194\" data-end=\"1225\">\ud83d\udd0a <strong data-start=\"1197\" data-end=\"1223\">Format: H\u00f6rspiel (MP3)<\/strong><\/p>\n<p data-start=\"1227\" data-end=\"1390\">\u2b07\ufe0f Sofortiger Download f\u00fcr <strong data-start=\"1254\" data-end=\"1263\">Handy<\/strong><br data-start=\"1263\" data-end=\"1266\" \/>\u2b07\ufe0f Sofortiger Download f\u00fcr <strong data-start=\"1293\" data-end=\"1299\">PC<\/strong><br data-start=\"1299\" data-end=\"1302\" \/>\u2b07\ufe0f Sofortiger Download f\u00fcrs <strong data-start=\"1330\" data-end=\"1340\">Tablet<\/strong><br data-start=\"1340\" data-end=\"1343\" \/>\u2b07\ufe0f Kompatibel mit allen <strong data-start=\"1367\" data-end=\"1390\">MP3-f\u00e4higen Ger\u00e4ten<\/strong><\/p>\n<p data-start=\"1392\" data-end=\"1428\" data-is-last-node=\"\" data-is-only-node=\"\"><strong data-start=\"1392\" data-end=\"1428\" data-is-last-node=\"\">Einmal gekauft \u2013 f\u00fcr immer dein!<\/strong><\/p>","protected":false},"excerpt":{"rendered":"<p>\ud83c\udfa7 H\u00f6rspiel \u2013 J.R.R. Tolkien \u2013 Der Herr der Ringe 1: Die Gef\u00e4hrten Der Beginn eines der gr\u00f6\u00dften Fantasy-Epen aller Zeiten \u2013 bildgewaltig, atmosph\u00e4risch, episch erz\u00e4hlt als H\u00f6rspiel! Im friedlichen Auenland ahnt der junge Hobbit Frodo Beutlin nichts von der Last, die bald auf seinen Schultern liegen wird. Erst als sein Onkel Bilbo verschwindet und [&hellip;]<\/p>\n","protected":false},"featured_media":2286,"comment_status":"open","ping_status":"closed","template":"","meta":[],"product_brand":[],"product_cat":[19,21],"product_tag":[],"class_list":{"0":"post-2278","1":"product","2":"type-product","3":"status-publish","4":"has-post-thumbnail","6":"product_cat-hoerbuecher","7":"product_cat-hoerspiele","9":"first","10":"instock","11":"sale","12":"virtual","13":"purchasable","14":"product-type-simple"},"jetpack_sharing_enabled":true,"_links":{"self":[{"href":"https:\/\/audiobook-24.com\/en\/wp-json\/wp\/v2\/product\/2278","targetHints":{"allow":["GET"]}}],"collection":[{"href":"https:\/\/audiobook-24.com\/en\/wp-json\/wp\/v2\/product"}],"about":[{"href":"https:\/\/audiobook-24.com\/en\/wp-json\/wp\/v2\/types\/product"}],"replies":[{"embeddable":true,"href":"https:\/\/audiobook-24.com\/en\/wp-json\/wp\/v2\/comments?post=2278"}],"wp:featuredmedia":[{"embeddable":true,"href":"https:\/\/audiobook-24.com\/en\/wp-json\/wp\/v2\/media\/2286"}],"wp:attachment":[{"href":"https:\/\/audiobook-24.com\/en\/wp-json\/wp\/v2\/media?parent=2278"}],"wp:term":[{"taxonomy":"product_brand","embeddable":true,"href":"https:\/\/audiobook-24.com\/en\/wp-json\/wp\/v2\/product_brand?post=2278"},{"taxonomy":"product_cat","embeddable":true,"href":"https:\/\/audiobook-24.com\/en\/wp-json\/wp\/v2\/product_cat?post=2278"},{"taxonomy":"product_tag","embeddable":true,"href":"https:\/\/audiobook-24.com\/en\/wp-json\/wp\/v2\/product_tag?post=2278"}],"curies":[{"name":"wp","href":"https:\/\/api.w.org\/{rel}","templated":true}]}}