{"id":2270,"date":"2025-12-10T18:00:42","date_gmt":"2025-12-10T18:00:42","guid":{"rendered":"https:\/\/audiobook-24.com\/?post_type=product&#038;p=2270"},"modified":"2025-12-10T18:00:43","modified_gmt":"2025-12-10T18:00:43","slug":"%f0%9f%8e%a7-hoerspiel-edgar-wallace-folge-09-das-verraetertor","status":"publish","type":"product","link":"https:\/\/audiobook-24.com\/en\/product\/%f0%9f%8e%a7-hoerspiel-edgar-wallace-folge-09-das-verraetertor\/","title":{"rendered":"\ud83c\udfa7 H\u00f6rspiel \u2013 Edgar Wallace \u2013 Folge 09: Das Verr\u00e4tertor"},"content":{"rendered":"<p data-start=\"0\" data-end=\"61\">\ud83c\udfa7 <strong data-start=\"3\" data-end=\"59\">H\u00f6rspiel \u2013 Edgar Wallace \u2013 Folge 09: Das Verr\u00e4tertor<\/strong><\/p>\n<p data-start=\"63\" data-end=\"312\">Ein brutaler Gef\u00e4ngnisausbruch ersch\u00fcttert London:<br data-start=\"113\" data-end=\"116\" \/>Der ber\u00fcchtigte Verbrecher <strong data-start=\"143\" data-end=\"159\">Jack Gabriel<\/strong> entkommt \u2013 scheinbar mit Hilfe von innen. Alles deutet darauf hin, dass jemand im Schatten seine F\u00e4den zieht. Doch wer profitiert von Gabriels Freiheit?<\/p>\n<p data-start=\"314\" data-end=\"612\">Inspector Reeder nimmt die Spur auf und st\u00f6\u00dft auf eine geheime Organisation, deren Mitglieder hinter einer Fassade aus Anstand und Macht ein gef\u00e4hrliches Doppelleben f\u00fchren.<br data-start=\"487\" data-end=\"490\" \/>Im Zentrum: das mysteri\u00f6se <strong data-start=\"517\" data-end=\"532\">Verr\u00e4tertor<\/strong>, ein Ort, an dem Verb\u00fcndete zu Feinden werden und Loyalit\u00e4t t\u00f6dlich enden kann.<\/p>\n<p data-start=\"614\" data-end=\"794\">Je tiefer Reeder gr\u00e4bt, desto klarer wird:<br data-start=\"656\" data-end=\"659\" \/>Hier geht es nicht nur um einen Fl\u00fcchtling, sondern um Verrat auf h\u00f6chster Ebene \u2013 und einen Plan, der London ins Chaos st\u00fcrzen k\u00f6nnte.<\/p>\n<p data-start=\"796\" data-end=\"905\">Atmosph\u00e4risch dicht, voller Spannung und typisch Wallace \u2013 ein H\u00f6rspiel, das bis zur letzten Sekunde fesselt.<\/p>\n<hr data-start=\"907\" data-end=\"910\" \/>\n<p data-start=\"912\" data-end=\"943\">\ud83d\udd0a <strong data-start=\"915\" data-end=\"941\">Format: H\u00f6rspiel (MP3)<\/strong><\/p>\n<p data-start=\"945\" data-end=\"1108\">\u2b07\ufe0f Sofortiger Download f\u00fcr <strong data-start=\"972\" data-end=\"981\">Handy<\/strong><br data-start=\"981\" data-end=\"984\" \/>\u2b07\ufe0f Sofortiger Download f\u00fcr <strong data-start=\"1011\" data-end=\"1017\">PC<\/strong><br data-start=\"1017\" data-end=\"1020\" \/>\u2b07\ufe0f Sofortiger Download f\u00fcrs <strong data-start=\"1048\" data-end=\"1058\">Tablet<\/strong><br data-start=\"1058\" data-end=\"1061\" \/>\u2b07\ufe0f Kompatibel mit allen <strong data-start=\"1085\" data-end=\"1108\">MP3-f\u00e4higen Ger\u00e4ten<\/strong><\/p>\n<p data-start=\"1110\" data-end=\"1146\" data-is-last-node=\"\" data-is-only-node=\"\"><strong data-start=\"1110\" data-end=\"1146\" data-is-last-node=\"\">Einmal gekauft \u2013 f\u00fcr immer dein!<\/strong><\/p>","protected":false},"excerpt":{"rendered":"<p>\ud83c\udfa7 H\u00f6rspiel \u2013 Edgar Wallace \u2013 Folge 09: Das Verr\u00e4tertor Ein brutaler Gef\u00e4ngnisausbruch ersch\u00fcttert London:Der ber\u00fcchtigte Verbrecher Jack Gabriel entkommt \u2013 scheinbar mit Hilfe von innen. Alles deutet darauf hin, dass jemand im Schatten seine F\u00e4den zieht. Doch wer profitiert von Gabriels Freiheit? Inspector Reeder nimmt die Spur auf und st\u00f6\u00dft auf eine geheime Organisation, [&hellip;]<\/p>\n","protected":false},"featured_media":2274,"comment_status":"open","ping_status":"closed","template":"","meta":[],"product_brand":[],"product_cat":[34],"product_tag":[],"class_list":{"0":"post-2270","1":"product","2":"type-product","3":"status-publish","4":"has-post-thumbnail","6":"product_cat-hoerspiel-krimi","8":"first","9":"instock","10":"sale","11":"virtual","12":"purchasable","13":"product-type-simple"},"jetpack_sharing_enabled":true,"_links":{"self":[{"href":"https:\/\/audiobook-24.com\/en\/wp-json\/wp\/v2\/product\/2270","targetHints":{"allow":["GET"]}}],"collection":[{"href":"https:\/\/audiobook-24.com\/en\/wp-json\/wp\/v2\/product"}],"about":[{"href":"https:\/\/audiobook-24.com\/en\/wp-json\/wp\/v2\/types\/product"}],"replies":[{"embeddable":true,"href":"https:\/\/audiobook-24.com\/en\/wp-json\/wp\/v2\/comments?post=2270"}],"wp:featuredmedia":[{"embeddable":true,"href":"https:\/\/audiobook-24.com\/en\/wp-json\/wp\/v2\/media\/2274"}],"wp:attachment":[{"href":"https:\/\/audiobook-24.com\/en\/wp-json\/wp\/v2\/media?parent=2270"}],"wp:term":[{"taxonomy":"product_brand","embeddable":true,"href":"https:\/\/audiobook-24.com\/en\/wp-json\/wp\/v2\/product_brand?post=2270"},{"taxonomy":"product_cat","embeddable":true,"href":"https:\/\/audiobook-24.com\/en\/wp-json\/wp\/v2\/product_cat?post=2270"},{"taxonomy":"product_tag","embeddable":true,"href":"https:\/\/audiobook-24.com\/en\/wp-json\/wp\/v2\/product_tag?post=2270"}],"curies":[{"name":"wp","href":"https:\/\/api.w.org\/{rel}","templated":true}]}}