{"id":2269,"date":"2025-12-10T18:04:51","date_gmt":"2025-12-10T18:04:51","guid":{"rendered":"https:\/\/audiobook-24.com\/?post_type=product&#038;p=2269"},"modified":"2025-12-10T18:06:40","modified_gmt":"2025-12-10T18:06:40","slug":"%f0%9f%8e%a7-hoerspiel-edgar-wallace-folge-10-das-geheimnis-der-gelben-narzissen","status":"publish","type":"product","link":"https:\/\/audiobook-24.com\/en\/product\/%f0%9f%8e%a7-hoerspiel-edgar-wallace-folge-10-das-geheimnis-der-gelben-narzissen\/","title":{"rendered":"\ud83c\udfa7 H\u00f6rspiel \u2013 Edgar Wallace \u2013 Folge 10: Das Geheimnis der gelben Narzissen"},"content":{"rendered":"<p data-start=\"0\" data-end=\"80\">\ud83c\udfa7 <strong data-start=\"3\" data-end=\"78\">H\u00f6rspiel \u2013 Edgar Wallace \u2013 Folge 10: Das Geheimnis der gelben Narzissen<\/strong><\/p>\n<p data-start=\"82\" data-end=\"306\">Ein r\u00e4tselhafter Mord ersch\u00fcttert London:<br data-start=\"123\" data-end=\"126\" \/>Ein junger Mann bricht in einem vornehmen Restaurant pl\u00f6tzlich zusammen \u2013 vergiftet.<br data-start=\"210\" data-end=\"213\" \/>Das einzige Indiz am Tatort: <strong data-start=\"242\" data-end=\"265\">eine gelbe Narzisse<\/strong>, sorgf\u00e4ltig neben dem Opfer platziert.<\/p>\n<p data-start=\"308\" data-end=\"570\">Inspector Whiteside und der charismatische Amerikaner <strong data-start=\"362\" data-end=\"377\">Bill Fenner<\/strong> nehmen die Ermittlungen auf und sto\u00dfen auf einen perfiden T\u00e4ter, der seine Opfer gezielt ausw\u00e4hlt und keinerlei Fehler macht. Jede gelbe Narzisse wird zum Vorboten eines weiteren Verbrechens \u2026<\/p>\n<p data-start=\"572\" data-end=\"880\">Ein geheimer Frauenclub, ein undurchsichtiger Gentleman, ein Netz aus L\u00fcgen und t\u00f6dlichen Intrigen \u2013 nichts ist, wie es scheint.<br data-start=\"700\" data-end=\"703\" \/>W\u00e4hrend die Mordserie weitergeht, k\u00e4mpfen Whiteside und Fenner gegen die Zeit, um die Bedeutung der Blumen zu entschl\u00fcsseln und den M\u00f6rder zu stoppen, bevor er erneut zuschl\u00e4gt.<\/p>\n<p data-start=\"882\" data-end=\"995\">Ein eleganter, spannungsgeladener Krimiklassiker voller raffinierter Wendungen und typischem Edgar-Wallace-Flair.<\/p>\n<hr data-start=\"997\" data-end=\"1000\" \/>\n<p data-start=\"1002\" data-end=\"1033\">\ud83d\udd0a <strong data-start=\"1005\" data-end=\"1031\">Format: H\u00f6rspiel (MP3)<\/strong><\/p>\n<p data-start=\"1035\" data-end=\"1198\">\u2b07\ufe0f Sofortiger Download f\u00fcr <strong data-start=\"1062\" data-end=\"1071\">Handy<\/strong><br data-start=\"1071\" data-end=\"1074\" \/>\u2b07\ufe0f Sofortiger Download f\u00fcr <strong data-start=\"1101\" data-end=\"1107\">PC<\/strong><br data-start=\"1107\" data-end=\"1110\" \/>\u2b07\ufe0f Sofortiger Download f\u00fcrs <strong data-start=\"1138\" data-end=\"1148\">Tablet<\/strong><br data-start=\"1148\" data-end=\"1151\" \/>\u2b07\ufe0f Kompatibel mit allen <strong data-start=\"1175\" data-end=\"1198\">MP3-f\u00e4higen Ger\u00e4ten<\/strong><\/p>\n<p data-start=\"1200\" data-end=\"1236\" data-is-last-node=\"\" data-is-only-node=\"\"><strong data-start=\"1200\" data-end=\"1236\" data-is-last-node=\"\">Einmal gekauft \u2013 f\u00fcr immer dein!<\/strong><\/p>","protected":false},"excerpt":{"rendered":"<p>\ud83c\udfa7 H\u00f6rspiel \u2013 Edgar Wallace \u2013 Folge 10: Das Geheimnis der gelben Narzissen Ein r\u00e4tselhafter Mord ersch\u00fcttert London:Ein junger Mann bricht in einem vornehmen Restaurant pl\u00f6tzlich zusammen \u2013 vergiftet.Das einzige Indiz am Tatort: eine gelbe Narzisse, sorgf\u00e4ltig neben dem Opfer platziert. Inspector Whiteside und der charismatische Amerikaner Bill Fenner nehmen die Ermittlungen auf und sto\u00dfen [&hellip;]<\/p>\n","protected":false},"featured_media":2275,"comment_status":"open","ping_status":"closed","template":"","meta":[],"product_brand":[],"product_cat":[34],"product_tag":[],"class_list":{"0":"post-2269","1":"product","2":"type-product","3":"status-publish","4":"has-post-thumbnail","6":"product_cat-hoerspiel-krimi","8":"first","9":"instock","10":"sale","11":"virtual","12":"purchasable","13":"product-type-simple"},"jetpack_sharing_enabled":true,"_links":{"self":[{"href":"https:\/\/audiobook-24.com\/en\/wp-json\/wp\/v2\/product\/2269","targetHints":{"allow":["GET"]}}],"collection":[{"href":"https:\/\/audiobook-24.com\/en\/wp-json\/wp\/v2\/product"}],"about":[{"href":"https:\/\/audiobook-24.com\/en\/wp-json\/wp\/v2\/types\/product"}],"replies":[{"embeddable":true,"href":"https:\/\/audiobook-24.com\/en\/wp-json\/wp\/v2\/comments?post=2269"}],"wp:featuredmedia":[{"embeddable":true,"href":"https:\/\/audiobook-24.com\/en\/wp-json\/wp\/v2\/media\/2275"}],"wp:attachment":[{"href":"https:\/\/audiobook-24.com\/en\/wp-json\/wp\/v2\/media?parent=2269"}],"wp:term":[{"taxonomy":"product_brand","embeddable":true,"href":"https:\/\/audiobook-24.com\/en\/wp-json\/wp\/v2\/product_brand?post=2269"},{"taxonomy":"product_cat","embeddable":true,"href":"https:\/\/audiobook-24.com\/en\/wp-json\/wp\/v2\/product_cat?post=2269"},{"taxonomy":"product_tag","embeddable":true,"href":"https:\/\/audiobook-24.com\/en\/wp-json\/wp\/v2\/product_tag?post=2269"}],"curies":[{"name":"wp","href":"https:\/\/api.w.org\/{rel}","templated":true}]}}