{"id":2268,"date":"2025-12-10T18:19:49","date_gmt":"2025-12-10T18:19:49","guid":{"rendered":"https:\/\/audiobook-24.com\/?post_type=product&#038;p=2268"},"modified":"2025-12-10T18:21:49","modified_gmt":"2025-12-10T18:21:49","slug":"chatgpt-%f0%9f%8e%a7-hoerspiel-edgar-wallace-folge-11-die-drei-gerechten","status":"publish","type":"product","link":"https:\/\/audiobook-24.com\/en\/product\/chatgpt-%f0%9f%8e%a7-hoerspiel-edgar-wallace-folge-11-die-drei-gerechten\/","title":{"rendered":"ChatGPT:  \ud83c\udfa7 H\u00f6rspiel \u2013 Edgar Wallace \u2013 Folge 11: Die drei Gerechten"},"content":{"rendered":"<p data-start=\"0\" data-end=\"64\">\ud83c\udfa7 <strong data-start=\"3\" data-end=\"62\">H\u00f6rspiel \u2013 Edgar Wallace \u2013 Folge 11: Die drei Gerechten<\/strong><\/p>\n<p data-start=\"66\" data-end=\"297\">London sieht sich einer geheimnisvollen R\u00e4chergruppe gegen\u00fcber, die sich <strong data-start=\"139\" data-end=\"163\">\u201eDie drei Gerechten\u201c<\/strong> nennt.<br data-start=\"170\" data-end=\"173\" \/>Ihr Ziel: Kriminelle bestrafen, die dem Gesetz entkommen sind.<br data-start=\"235\" data-end=\"238\" \/>Ihre Methoden: unerbittlich, lautlos \u2013 und absolut t\u00f6dlich.<\/p>\n<p data-start=\"299\" data-end=\"629\">Als mehrere einflussreiche M\u00e4nner ermordet aufgefunden werden, ger\u00e4t die Stadt in Aufruhr. Jede Tat tr\u00e4gt die Handschrift der mysteri\u00f6sen Gruppe, doch niemand kennt ihre Identit\u00e4t.<br data-start=\"479\" data-end=\"482\" \/>Inspector Falmouth und Scotland Yard stehen vor einem R\u00e4tsel, denn die \u201eGerechten\u201c scheinen \u00fcberall zu sein \u2013 und doch wie Geister zu verschwinden.<\/p>\n<p data-start=\"631\" data-end=\"838\">W\u00e4hrend die Ermittlungen voranschreiten, wird klar:<br data-start=\"682\" data-end=\"685\" \/>Die Grenze zwischen Gerechtigkeit und Selbstjustiz verschwimmt.<br data-start=\"748\" data-end=\"751\" \/>Und jemand im Hintergrund verfolgt einen Plan, der weit \u00fcber einfache Rache hinausgeht.<\/p>\n<p data-start=\"840\" data-end=\"927\">Ein d\u00fcsterer, spannender und typisch britischer Krimi mit Edgar-Wallace-Atmosph\u00e4re pur.<\/p>\n<hr data-start=\"929\" data-end=\"932\" \/>\n<p data-start=\"934\" data-end=\"965\">\ud83d\udd0a <strong data-start=\"937\" data-end=\"963\">Format: H\u00f6rspiel (MP3)<\/strong><\/p>\n<p data-start=\"967\" data-end=\"1130\">\u2b07\ufe0f Sofortiger Download f\u00fcr <strong data-start=\"994\" data-end=\"1003\">Handy<\/strong><br data-start=\"1003\" data-end=\"1006\" \/>\u2b07\ufe0f Sofortiger Download f\u00fcr <strong data-start=\"1033\" data-end=\"1039\">PC<\/strong><br data-start=\"1039\" data-end=\"1042\" \/>\u2b07\ufe0f Sofortiger Download f\u00fcrs <strong data-start=\"1070\" data-end=\"1080\">Tablet<\/strong><br data-start=\"1080\" data-end=\"1083\" \/>\u2b07\ufe0f Kompatibel mit allen <strong data-start=\"1107\" data-end=\"1130\">MP3-f\u00e4higen Ger\u00e4ten<\/strong><\/p>\n<p data-start=\"1132\" data-end=\"1168\" data-is-last-node=\"\" data-is-only-node=\"\"><strong data-start=\"1132\" data-end=\"1168\" data-is-last-node=\"\">Einmal gekauft \u2013 f\u00fcr immer dein!<\/strong><\/p>","protected":false},"excerpt":{"rendered":"<p>\ud83c\udfa7 H\u00f6rspiel \u2013 Edgar Wallace \u2013 Folge 11: Die drei Gerechten London sieht sich einer geheimnisvollen R\u00e4chergruppe gegen\u00fcber, die sich \u201eDie drei Gerechten\u201c nennt.Ihr Ziel: Kriminelle bestrafen, die dem Gesetz entkommen sind.Ihre Methoden: unerbittlich, lautlos \u2013 und absolut t\u00f6dlich. Als mehrere einflussreiche M\u00e4nner ermordet aufgefunden werden, ger\u00e4t die Stadt in Aufruhr. Jede Tat tr\u00e4gt die [&hellip;]<\/p>\n","protected":false},"featured_media":2276,"comment_status":"open","ping_status":"closed","template":"","meta":[],"product_brand":[],"product_cat":[34],"product_tag":[],"class_list":{"0":"post-2268","1":"product","2":"type-product","3":"status-publish","4":"has-post-thumbnail","6":"product_cat-hoerspiel-krimi","8":"first","9":"instock","10":"sale","11":"virtual","12":"purchasable","13":"product-type-simple"},"jetpack_sharing_enabled":true,"_links":{"self":[{"href":"https:\/\/audiobook-24.com\/en\/wp-json\/wp\/v2\/product\/2268","targetHints":{"allow":["GET"]}}],"collection":[{"href":"https:\/\/audiobook-24.com\/en\/wp-json\/wp\/v2\/product"}],"about":[{"href":"https:\/\/audiobook-24.com\/en\/wp-json\/wp\/v2\/types\/product"}],"replies":[{"embeddable":true,"href":"https:\/\/audiobook-24.com\/en\/wp-json\/wp\/v2\/comments?post=2268"}],"wp:featuredmedia":[{"embeddable":true,"href":"https:\/\/audiobook-24.com\/en\/wp-json\/wp\/v2\/media\/2276"}],"wp:attachment":[{"href":"https:\/\/audiobook-24.com\/en\/wp-json\/wp\/v2\/media?parent=2268"}],"wp:term":[{"taxonomy":"product_brand","embeddable":true,"href":"https:\/\/audiobook-24.com\/en\/wp-json\/wp\/v2\/product_brand?post=2268"},{"taxonomy":"product_cat","embeddable":true,"href":"https:\/\/audiobook-24.com\/en\/wp-json\/wp\/v2\/product_cat?post=2268"},{"taxonomy":"product_tag","embeddable":true,"href":"https:\/\/audiobook-24.com\/en\/wp-json\/wp\/v2\/product_tag?post=2268"}],"curies":[{"name":"wp","href":"https:\/\/api.w.org\/{rel}","templated":true}]}}