{"id":2265,"date":"2025-12-10T17:38:01","date_gmt":"2025-12-10T17:38:01","guid":{"rendered":"https:\/\/audiobook-24.com\/?post_type=product&#038;p=2265"},"modified":"2025-12-10T17:38:02","modified_gmt":"2025-12-10T17:38:02","slug":"%f0%9f%8e%a7-hoerspiel-edgar-wallace-folge-08-der-engel-des-schreckens","status":"publish","type":"product","link":"https:\/\/audiobook-24.com\/en\/product\/%f0%9f%8e%a7-hoerspiel-edgar-wallace-folge-08-der-engel-des-schreckens\/","title":{"rendered":"\ud83c\udfa7 H\u00f6rspiel \u2013 Edgar Wallace \u2013 Folge 08: Der Engel des Schreckens"},"content":{"rendered":"<p data-start=\"0\" data-end=\"70\">\ud83c\udfa7 <strong data-start=\"3\" data-end=\"68\">H\u00f6rspiel \u2013 Edgar Wallace \u2013 Folge 08: Der Engel des Schreckens<\/strong><\/p>\n<p data-start=\"72\" data-end=\"424\">Ein geheimnisvoller Serienm\u00f6rder versetzt London in Angst und Schrecken.<br data-start=\"144\" data-end=\"147\" \/>Er schl\u00e4gt lautlos zu, verschwindet spurlos \u2013 und hinterl\u00e4sst stets nur ein unheimliches Symbol: <strong data-start=\"244\" data-end=\"267\">einen kleinen Engel<\/strong>.<br data-start=\"268\" data-end=\"271\" \/>Wer ist dieser \u201eEngel des Schreckens\u201c? Ein Wahnsinniger? Ein R\u00e4cher? Oder jemand, der seine Opfer gezielt ausw\u00e4hlt, weil sie ein dunkles Geheimnis h\u00fcten?<\/p>\n<p data-start=\"426\" data-end=\"791\">Inspector Brian O\u2019Neill \u00fcbernimmt den Fall und findet sich schnell in einem Geflecht aus Intrigen, alten Feindschaften und verborgenen Wahrheiten wieder.<br data-start=\"579\" data-end=\"582\" \/>W\u00e4hrend er den Spuren folgt, r\u00fcckt eine mysteri\u00f6se Frau immer weiter in den Mittelpunkt der Ermittlungen \u2013 jemand, der mehr wei\u00df, als sie vorgibt, und dessen Vergangenheit eng mit den Verbrechen verkn\u00fcpft ist.<\/p>\n<p data-start=\"793\" data-end=\"970\">Mit seinem unverwechselbaren Mix aus Spannung, d\u00fcsterer Atmosph\u00e4re und \u00fcberraschenden Wendungen entfaltet dieser Edgar-Wallace-Krimi einen fesselnden Sog bis zur letzten Minute.<\/p>\n<hr data-start=\"972\" data-end=\"975\" \/>\n<p data-start=\"977\" data-end=\"1008\">\ud83d\udd0a <strong data-start=\"980\" data-end=\"1006\">Format: H\u00f6rspiel (MP3)<\/strong><\/p>\n<p data-start=\"1010\" data-end=\"1173\">\u2b07\ufe0f Sofortiger Download f\u00fcr <strong data-start=\"1037\" data-end=\"1046\">Handy<\/strong><br data-start=\"1046\" data-end=\"1049\" \/>\u2b07\ufe0f Sofortiger Download f\u00fcr <strong data-start=\"1076\" data-end=\"1082\">PC<\/strong><br data-start=\"1082\" data-end=\"1085\" \/>\u2b07\ufe0f Sofortiger Download f\u00fcrs <strong data-start=\"1113\" data-end=\"1123\">Tablet<\/strong><br data-start=\"1123\" data-end=\"1126\" \/>\u2b07\ufe0f Kompatibel mit allen <strong data-start=\"1150\" data-end=\"1173\">MP3-f\u00e4higen Ger\u00e4ten<\/strong><\/p>\n<p data-start=\"1175\" data-end=\"1211\" data-is-last-node=\"\" data-is-only-node=\"\"><strong data-start=\"1175\" data-end=\"1211\" data-is-last-node=\"\">Einmal gekauft \u2013 f\u00fcr immer dein!<\/strong><\/p>","protected":false},"excerpt":{"rendered":"<p>\ud83c\udfa7 H\u00f6rspiel \u2013 Edgar Wallace \u2013 Folge 08: Der Engel des Schreckens Ein geheimnisvoller Serienm\u00f6rder versetzt London in Angst und Schrecken.Er schl\u00e4gt lautlos zu, verschwindet spurlos \u2013 und hinterl\u00e4sst stets nur ein unheimliches Symbol: einen kleinen Engel.Wer ist dieser \u201eEngel des Schreckens\u201c? Ein Wahnsinniger? Ein R\u00e4cher? Oder jemand, der seine Opfer gezielt ausw\u00e4hlt, weil sie [&hellip;]<\/p>\n","protected":false},"featured_media":2271,"comment_status":"open","ping_status":"closed","template":"","meta":[],"product_brand":[],"product_cat":[34],"product_tag":[],"class_list":{"0":"post-2265","1":"product","2":"type-product","3":"status-publish","4":"has-post-thumbnail","6":"product_cat-hoerspiel-krimi","8":"first","9":"instock","10":"sale","11":"virtual","12":"purchasable","13":"product-type-simple"},"jetpack_sharing_enabled":true,"_links":{"self":[{"href":"https:\/\/audiobook-24.com\/en\/wp-json\/wp\/v2\/product\/2265","targetHints":{"allow":["GET"]}}],"collection":[{"href":"https:\/\/audiobook-24.com\/en\/wp-json\/wp\/v2\/product"}],"about":[{"href":"https:\/\/audiobook-24.com\/en\/wp-json\/wp\/v2\/types\/product"}],"replies":[{"embeddable":true,"href":"https:\/\/audiobook-24.com\/en\/wp-json\/wp\/v2\/comments?post=2265"}],"wp:featuredmedia":[{"embeddable":true,"href":"https:\/\/audiobook-24.com\/en\/wp-json\/wp\/v2\/media\/2271"}],"wp:attachment":[{"href":"https:\/\/audiobook-24.com\/en\/wp-json\/wp\/v2\/media?parent=2265"}],"wp:term":[{"taxonomy":"product_brand","embeddable":true,"href":"https:\/\/audiobook-24.com\/en\/wp-json\/wp\/v2\/product_brand?post=2265"},{"taxonomy":"product_cat","embeddable":true,"href":"https:\/\/audiobook-24.com\/en\/wp-json\/wp\/v2\/product_cat?post=2265"},{"taxonomy":"product_tag","embeddable":true,"href":"https:\/\/audiobook-24.com\/en\/wp-json\/wp\/v2\/product_tag?post=2265"}],"curies":[{"name":"wp","href":"https:\/\/api.w.org\/{rel}","templated":true}]}}