{"id":2263,"date":"2025-12-10T13:11:32","date_gmt":"2025-12-10T13:11:32","guid":{"rendered":"https:\/\/audiobook-24.com\/?post_type=product&#038;p=2263"},"modified":"2025-12-10T13:11:34","modified_gmt":"2025-12-10T13:11:34","slug":"%f0%9f%8e%a7-hoerspiel-edgar-wallace-folge-07-neues-vom-hexer","status":"publish","type":"product","link":"https:\/\/audiobook-24.com\/en\/product\/%f0%9f%8e%a7-hoerspiel-edgar-wallace-folge-07-neues-vom-hexer\/","title":{"rendered":"\ud83c\udfa7 H\u00f6rspiel \u2013 Edgar Wallace \u2013 Folge 07: Neues vom Hexer"},"content":{"rendered":"<p data-start=\"0\" data-end=\"61\">\ud83c\udfa7 <strong data-start=\"3\" data-end=\"59\">H\u00f6rspiel \u2013 Edgar Wallace \u2013 Folge 07: Neues vom Hexer<\/strong><\/p>\n<p data-start=\"63\" data-end=\"317\">Der legend\u00e4re <strong data-start=\"77\" data-end=\"86\">Hexer<\/strong> ist zur\u00fcck \u2013 und mit ihm eine neue Welle von Unruhe in London.<br data-start=\"149\" data-end=\"152\" \/>Niemand wei\u00df, wo er auftaucht, niemand wei\u00df, wer er wirklich ist, aber eines ist sicher:<br data-start=\"240\" data-end=\"243\" \/>Er schl\u00e4gt immer dann zu, wenn Recht und Gerechtigkeit auseinanderdriften.<\/p>\n<p data-start=\"319\" data-end=\"622\">W\u00e4hrend Scotland Yard fieberhaft versucht, ihn zu fassen, ersch\u00fcttert eine r\u00e4tselhafte Mordserie die Stadt. Hinweise verdichten sich, dass der Hexer selbst darin verwickelt sein k\u00f6nnte \u2013 oder dass jemand versucht, seinen Namen zu missbrauchen, um sich hinter seiner ber\u00fcchtigten Identit\u00e4t zu verstecken.<\/p>\n<p data-start=\"624\" data-end=\"928\">Inspektor Bliss und seine Kollegen geraten in ein Netz aus T\u00e4uschungen, maskierten Gestalten und gef\u00e4hrlichen Doppelg\u00e4ngern.<br data-start=\"748\" data-end=\"751\" \/>Doch der Hexer w\u00e4re nicht der Hexer, wenn er nicht erneut beweisen w\u00fcrde, dass er immer einen Plan hat \u2013 und dass man ihn lieber zu seinem Verb\u00fcndeten macht als zu seinem Feind.<\/p>\n<p data-start=\"930\" data-end=\"1047\">Ein klassischer Edgar-Wallace-Krimi voller raffinierter Wendungen, d\u00fcsterer Spannung und kultigem 60er-Jahre-Feeling.<\/p>\n<hr data-start=\"1049\" data-end=\"1052\" \/>\n<p data-start=\"1054\" data-end=\"1085\">\ud83d\udd0a <strong data-start=\"1057\" data-end=\"1083\">Format: H\u00f6rspiel (MP3)<\/strong><\/p>\n<p data-start=\"1087\" data-end=\"1250\">\u2b07\ufe0f Sofortiger Download f\u00fcr <strong data-start=\"1114\" data-end=\"1123\">Handy<\/strong><br data-start=\"1123\" data-end=\"1126\" \/>\u2b07\ufe0f Sofortiger Download f\u00fcr <strong data-start=\"1153\" data-end=\"1159\">PC<\/strong><br data-start=\"1159\" data-end=\"1162\" \/>\u2b07\ufe0f Sofortiger Download f\u00fcrs <strong data-start=\"1190\" data-end=\"1200\">Tablet<\/strong><br data-start=\"1200\" data-end=\"1203\" \/>\u2b07\ufe0f Kompatibel mit allen <strong data-start=\"1227\" data-end=\"1250\">MP3-f\u00e4higen Ger\u00e4ten<\/strong><\/p>\n<p data-start=\"1252\" data-end=\"1288\" data-is-last-node=\"\" data-is-only-node=\"\"><strong data-start=\"1252\" data-end=\"1288\" data-is-last-node=\"\">Einmal gekauft \u2013 f\u00fcr immer dein!<\/strong><\/p>","protected":false},"excerpt":{"rendered":"<p>\ud83c\udfa7 H\u00f6rspiel \u2013 Edgar Wallace \u2013 Folge 07: Neues vom Hexer Der legend\u00e4re Hexer ist zur\u00fcck \u2013 und mit ihm eine neue Welle von Unruhe in London.Niemand wei\u00df, wo er auftaucht, niemand wei\u00df, wer er wirklich ist, aber eines ist sicher:Er schl\u00e4gt immer dann zu, wenn Recht und Gerechtigkeit auseinanderdriften. W\u00e4hrend Scotland Yard fieberhaft versucht, [&hellip;]<\/p>\n","protected":false},"featured_media":2264,"comment_status":"open","ping_status":"closed","template":"","meta":[],"product_brand":[],"product_cat":[34],"product_tag":[],"class_list":{"0":"post-2263","1":"product","2":"type-product","3":"status-publish","4":"has-post-thumbnail","6":"product_cat-hoerspiel-krimi","8":"first","9":"instock","10":"sale","11":"virtual","12":"purchasable","13":"product-type-simple"},"jetpack_sharing_enabled":true,"_links":{"self":[{"href":"https:\/\/audiobook-24.com\/en\/wp-json\/wp\/v2\/product\/2263","targetHints":{"allow":["GET"]}}],"collection":[{"href":"https:\/\/audiobook-24.com\/en\/wp-json\/wp\/v2\/product"}],"about":[{"href":"https:\/\/audiobook-24.com\/en\/wp-json\/wp\/v2\/types\/product"}],"replies":[{"embeddable":true,"href":"https:\/\/audiobook-24.com\/en\/wp-json\/wp\/v2\/comments?post=2263"}],"wp:featuredmedia":[{"embeddable":true,"href":"https:\/\/audiobook-24.com\/en\/wp-json\/wp\/v2\/media\/2264"}],"wp:attachment":[{"href":"https:\/\/audiobook-24.com\/en\/wp-json\/wp\/v2\/media?parent=2263"}],"wp:term":[{"taxonomy":"product_brand","embeddable":true,"href":"https:\/\/audiobook-24.com\/en\/wp-json\/wp\/v2\/product_brand?post=2263"},{"taxonomy":"product_cat","embeddable":true,"href":"https:\/\/audiobook-24.com\/en\/wp-json\/wp\/v2\/product_cat?post=2263"},{"taxonomy":"product_tag","embeddable":true,"href":"https:\/\/audiobook-24.com\/en\/wp-json\/wp\/v2\/product_tag?post=2263"}],"curies":[{"name":"wp","href":"https:\/\/api.w.org\/{rel}","templated":true}]}}