{"id":2258,"date":"2025-12-10T13:02:57","date_gmt":"2025-12-10T13:02:57","guid":{"rendered":"https:\/\/audiobook-24.com\/?post_type=product&#038;p=2258"},"modified":"2025-12-10T13:02:58","modified_gmt":"2025-12-10T13:02:58","slug":"%f0%9f%8e%a7-hoerspiel-edgar-wallace-folge-04-das-gasthaus-an-der-themse","status":"publish","type":"product","link":"https:\/\/audiobook-24.com\/en\/product\/%f0%9f%8e%a7-hoerspiel-edgar-wallace-folge-04-das-gasthaus-an-der-themse\/","title":{"rendered":"\ud83c\udfa7 H\u00f6rspiel \u2013 Edgar Wallace \u2013 Folge 04: Das Gasthaus an der Themse"},"content":{"rendered":"<p data-start=\"0\" data-end=\"72\">\ud83c\udfa7 <strong data-start=\"3\" data-end=\"70\">H\u00f6rspiel \u2013 Edgar Wallace \u2013 Folge 04: Das Gasthaus an der Themse<\/strong><\/p>\n<p data-start=\"74\" data-end=\"279\">Nebel. Dunkelheit. Das unheimliche Pl\u00e4tschern der Themse.<br data-start=\"131\" data-end=\"134\" \/>Und ein Verbrecher, der wie ein Schatten durch London gleitet: <strong data-start=\"197\" data-end=\"208\">Der Hai<\/strong>, ein skrupelloser M\u00f6rder, der seine Opfer im Fluss verschwinden l\u00e4sst.<\/p>\n<p data-start=\"281\" data-end=\"697\">Inspektor Wade von Scotland Yard st\u00f6\u00dft bei seinen Ermittlungen auf das mysteri\u00f6se <strong data-start=\"363\" data-end=\"391\">\u201eGasthaus an der Themse\u201c<\/strong>, einen zweifelhaften Treffpunkt f\u00fcr Schmuggler, Ganoven und Gestalten, die nichts Gutes im Schilde f\u00fchren.<br data-start=\"498\" data-end=\"501\" \/>Doch je tiefer er eindringt, desto deutlicher wird:<br data-start=\"552\" data-end=\"555\" \/>Hinter den Mauern des Gasthauses verbergen sich dunkle Geheimnisse, falsche Identit\u00e4ten \u2013 und eine Wahrheit, die t\u00f6dlicher ist als jede Waffe.<\/p>\n<p data-start=\"699\" data-end=\"857\">Mit klassischer Atmosph\u00e4re, nervenaufreibender Spannung und echtem Edgar-Wallace-Feeling entf\u00fchrt dieses H\u00f6rspiel mitten ins Herz des britischen Krimi-Mythos.<\/p>\n<hr data-start=\"859\" data-end=\"862\" \/>\n<p data-start=\"864\" data-end=\"895\">\ud83d\udd0a <strong data-start=\"867\" data-end=\"893\">Format: H\u00f6rspiel (MP3)<\/strong><\/p>\n<p data-start=\"897\" data-end=\"1060\">\u2b07\ufe0f Sofortiger Download f\u00fcr <strong data-start=\"924\" data-end=\"933\">Handy<\/strong><br data-start=\"933\" data-end=\"936\" \/>\u2b07\ufe0f Sofortiger Download f\u00fcr <strong data-start=\"963\" data-end=\"969\">PC<\/strong><br data-start=\"969\" data-end=\"972\" \/>\u2b07\ufe0f Sofortiger Download f\u00fcrs <strong data-start=\"1000\" data-end=\"1010\">Tablet<\/strong><br data-start=\"1010\" data-end=\"1013\" \/>\u2b07\ufe0f Kompatibel mit allen <strong data-start=\"1037\" data-end=\"1060\">MP3-f\u00e4higen Ger\u00e4ten<\/strong><\/p>\n<p data-start=\"1062\" data-end=\"1098\" data-is-last-node=\"\" data-is-only-node=\"\"><strong data-start=\"1062\" data-end=\"1098\" data-is-last-node=\"\">Einmal gekauft \u2013 f\u00fcr immer dein!<\/strong><\/p>","protected":false},"excerpt":{"rendered":"<p>\ud83c\udfa7 H\u00f6rspiel \u2013 Edgar Wallace \u2013 Folge 04: Das Gasthaus an der Themse Nebel. Dunkelheit. Das unheimliche Pl\u00e4tschern der Themse.Und ein Verbrecher, der wie ein Schatten durch London gleitet: Der Hai, ein skrupelloser M\u00f6rder, der seine Opfer im Fluss verschwinden l\u00e4sst. Inspektor Wade von Scotland Yard st\u00f6\u00dft bei seinen Ermittlungen auf das mysteri\u00f6se \u201eGasthaus an [&hellip;]<\/p>\n","protected":false},"featured_media":2259,"comment_status":"open","ping_status":"closed","template":"","meta":[],"product_brand":[],"product_cat":[34],"product_tag":[],"class_list":{"0":"post-2258","1":"product","2":"type-product","3":"status-publish","4":"has-post-thumbnail","6":"product_cat-hoerspiel-krimi","8":"first","9":"instock","10":"sale","11":"shipping-taxable","12":"purchasable","13":"product-type-simple"},"jetpack_sharing_enabled":true,"_links":{"self":[{"href":"https:\/\/audiobook-24.com\/en\/wp-json\/wp\/v2\/product\/2258","targetHints":{"allow":["GET"]}}],"collection":[{"href":"https:\/\/audiobook-24.com\/en\/wp-json\/wp\/v2\/product"}],"about":[{"href":"https:\/\/audiobook-24.com\/en\/wp-json\/wp\/v2\/types\/product"}],"replies":[{"embeddable":true,"href":"https:\/\/audiobook-24.com\/en\/wp-json\/wp\/v2\/comments?post=2258"}],"wp:featuredmedia":[{"embeddable":true,"href":"https:\/\/audiobook-24.com\/en\/wp-json\/wp\/v2\/media\/2259"}],"wp:attachment":[{"href":"https:\/\/audiobook-24.com\/en\/wp-json\/wp\/v2\/media?parent=2258"}],"wp:term":[{"taxonomy":"product_brand","embeddable":true,"href":"https:\/\/audiobook-24.com\/en\/wp-json\/wp\/v2\/product_brand?post=2258"},{"taxonomy":"product_cat","embeddable":true,"href":"https:\/\/audiobook-24.com\/en\/wp-json\/wp\/v2\/product_cat?post=2258"},{"taxonomy":"product_tag","embeddable":true,"href":"https:\/\/audiobook-24.com\/en\/wp-json\/wp\/v2\/product_tag?post=2258"}],"curies":[{"name":"wp","href":"https:\/\/api.w.org\/{rel}","templated":true}]}}