{"id":2256,"date":"2025-12-10T12:35:07","date_gmt":"2025-12-10T12:35:07","guid":{"rendered":"https:\/\/audiobook-24.com\/?post_type=product&#038;p=2256"},"modified":"2025-12-10T12:51:42","modified_gmt":"2025-12-10T12:51:42","slug":"%f0%9f%8e%a7-hoerspiel-walt-disney-das-grosse-krabbeln","status":"publish","type":"product","link":"https:\/\/audiobook-24.com\/en\/product\/%f0%9f%8e%a7-hoerspiel-walt-disney-das-grosse-krabbeln\/","title":{"rendered":"\ud83c\udfa7 H\u00f6rspiel \u2013 Walt Disney \u2013 Das gro\u00dfe Krabbeln"},"content":{"rendered":"<p data-start=\"0\" data-end=\"52\">\ud83c\udfa7 <strong data-start=\"3\" data-end=\"50\">H\u00f6rspiel \u2013 Walt Disney \u2013 Das gro\u00dfe Krabbeln<\/strong><\/p>\n<p data-start=\"54\" data-end=\"264\">Willkommen in der quirligsten Ameisenkolonie aller Zeiten!<br data-start=\"112\" data-end=\"115\" \/>In \u201e<strong data-start=\"119\" data-end=\"141\">Das gro\u00dfe Krabbeln<\/strong>\u201c stellt sich die mutige Ameise <strong data-start=\"173\" data-end=\"181\">Flik<\/strong> gegen Unterdr\u00fcckung, Angst \u2013 und gegen eine ganze Horde gef\u00fcrchteter Grash\u00fcpfer.<\/p>\n<p data-start=\"266\" data-end=\"726\">Jedes Jahr pl\u00fcndern die Grash\u00fcpfer den m\u00fchsam gesammelten Vorrat der Kolonie. Doch als Flik mit seiner Erfindung alles durcheinanderbringt, wird er verbannt \u2013 und startet ein Abenteuer, das gr\u00f6\u00dfer ist als er selbst.<br data-start=\"481\" data-end=\"484\" \/>Er trifft auf eine schillernde Truppe \u201eK\u00e4mpfer\u201c\u2026 die sich allerdings als erfolglose Zirkusinsekten entpuppen. Gemeinsam w\u00e4chst die bunte Truppe \u00fcber sich hinaus und zeigt, dass Mut, Freundschaft und Zusammenhalt jeden Riesen bezwingen k\u00f6nnen.<\/p>\n<p data-start=\"728\" data-end=\"894\">Ein warmherziges, humorvolles und actiongeladenes Disney-H\u00f6rspiel f\u00fcr die ganze Familie \u2013 voller liebenswerter Figuren, spannender Wendungen und echter Krabbel-Magie.<\/p>\n<hr data-start=\"896\" data-end=\"899\" \/>\n<p data-start=\"901\" data-end=\"932\">\ud83d\udd0a <strong data-start=\"904\" data-end=\"930\">Format: H\u00f6rspiel (MP3)<\/strong><\/p>\n<p data-start=\"934\" data-end=\"1097\">\u2b07\ufe0f Sofortiger Download f\u00fcr <strong data-start=\"961\" data-end=\"970\">Handy<\/strong><br data-start=\"970\" data-end=\"973\" \/>\u2b07\ufe0f Sofortiger Download f\u00fcr <strong data-start=\"1000\" data-end=\"1006\">PC<\/strong><br data-start=\"1006\" data-end=\"1009\" \/>\u2b07\ufe0f Sofortiger Download f\u00fcrs <strong data-start=\"1037\" data-end=\"1047\">Tablet<\/strong><br data-start=\"1047\" data-end=\"1050\" \/>\u2b07\ufe0f Kompatibel mit allen <strong data-start=\"1074\" data-end=\"1097\">MP3-f\u00e4higen Ger\u00e4ten<\/strong><\/p>\n<p data-start=\"1099\" data-end=\"1135\" data-is-last-node=\"\" data-is-only-node=\"\"><strong data-start=\"1099\" data-end=\"1135\" data-is-last-node=\"\">Einmal gekauft \u2013 f\u00fcr immer dein!<\/strong><\/p>","protected":false},"excerpt":{"rendered":"<p>\ud83c\udfa7 H\u00f6rspiel \u2013 Walt Disney \u2013 Das gro\u00dfe Krabbeln Willkommen in der quirligsten Ameisenkolonie aller Zeiten!In \u201eDas gro\u00dfe Krabbeln\u201c stellt sich die mutige Ameise Flik gegen Unterdr\u00fcckung, Angst \u2013 und gegen eine ganze Horde gef\u00fcrchteter Grash\u00fcpfer. Jedes Jahr pl\u00fcndern die Grash\u00fcpfer den m\u00fchsam gesammelten Vorrat der Kolonie. Doch als Flik mit seiner Erfindung alles durcheinanderbringt, [&hellip;]<\/p>\n","protected":false},"featured_media":2257,"comment_status":"open","ping_status":"closed","template":"","meta":[],"product_brand":[],"product_cat":[33,21],"product_tag":[],"class_list":{"0":"post-2256","1":"product","2":"type-product","3":"status-publish","4":"has-post-thumbnail","6":"product_cat-hoerspiel-comics","7":"product_cat-hoerspiele","9":"first","10":"instock","11":"sale","12":"shipping-taxable","13":"purchasable","14":"product-type-simple"},"jetpack_sharing_enabled":true,"_links":{"self":[{"href":"https:\/\/audiobook-24.com\/en\/wp-json\/wp\/v2\/product\/2256","targetHints":{"allow":["GET"]}}],"collection":[{"href":"https:\/\/audiobook-24.com\/en\/wp-json\/wp\/v2\/product"}],"about":[{"href":"https:\/\/audiobook-24.com\/en\/wp-json\/wp\/v2\/types\/product"}],"replies":[{"embeddable":true,"href":"https:\/\/audiobook-24.com\/en\/wp-json\/wp\/v2\/comments?post=2256"}],"wp:featuredmedia":[{"embeddable":true,"href":"https:\/\/audiobook-24.com\/en\/wp-json\/wp\/v2\/media\/2257"}],"wp:attachment":[{"href":"https:\/\/audiobook-24.com\/en\/wp-json\/wp\/v2\/media?parent=2256"}],"wp:term":[{"taxonomy":"product_brand","embeddable":true,"href":"https:\/\/audiobook-24.com\/en\/wp-json\/wp\/v2\/product_brand?post=2256"},{"taxonomy":"product_cat","embeddable":true,"href":"https:\/\/audiobook-24.com\/en\/wp-json\/wp\/v2\/product_cat?post=2256"},{"taxonomy":"product_tag","embeddable":true,"href":"https:\/\/audiobook-24.com\/en\/wp-json\/wp\/v2\/product_tag?post=2256"}],"curies":[{"name":"wp","href":"https:\/\/api.w.org\/{rel}","templated":true}]}}