{"id":2248,"date":"2025-12-10T11:18:23","date_gmt":"2025-12-10T11:18:23","guid":{"rendered":"https:\/\/audiobook-24.com\/?post_type=product&#038;p=2248"},"modified":"2025-12-10T11:22:33","modified_gmt":"2025-12-10T11:22:33","slug":"%f0%9f%8e%a7-hoerspiel-eifel-krimi-folge-7-eifel-schnee","status":"publish","type":"product","link":"https:\/\/audiobook-24.com\/en\/product\/%f0%9f%8e%a7-hoerspiel-eifel-krimi-folge-7-eifel-schnee\/","title":{"rendered":"\ud83c\udfa7 H\u00f6rspiel \u2013 Eifel-Krimi \u2013 Folge 7: Eifel-Schnee"},"content":{"rendered":"<p data-start=\"0\" data-end=\"55\">\ud83c\udfa7 <strong data-start=\"3\" data-end=\"53\">H\u00f6rspiel \u2013 Eifel-Krimi \u2013 Folge 7: Eifel-Schnee<\/strong><\/p>\n<p data-start=\"57\" data-end=\"402\">Ein eiskalter Morgen in der verschneiten Eifel \u2013 und ein Fund, der die l\u00e4ndliche Idylle schlagartig zerrei\u00dft.<br data-start=\"166\" data-end=\"169\" \/>Mitten im Winterchaos entdeckt man eine Leiche, halb zugeschneit und ohne erkennbare Spuren. F\u00fcr die Ermittler beginnt ein Wettlauf gegen die Zeit: Der Schnee verwischt jede F\u00e4hrte, und ein M\u00f6rder nutzt genau das zu seinem Vorteil.<\/p>\n<p data-start=\"404\" data-end=\"689\">W\u00e4hrend Stra\u00dfen unpassierbar werden und die Dorfbewohner sich immer mehr in Angst zur\u00fcckziehen, sto\u00dfen die Ermittler auf dunkle Geheimnisse, die tief unter der gem\u00fctlichen Oberfl\u00e4che der Eifel verborgen lagen.<br data-start=\"613\" data-end=\"616\" \/>Ein Krimi voller Atmosph\u00e4re, Winterspannung und unerwarteter Wendungen.<\/p>\n<hr data-start=\"691\" data-end=\"694\" \/>\n<p data-start=\"696\" data-end=\"727\">\ud83d\udd0a <strong data-start=\"699\" data-end=\"725\">Format: H\u00f6rspiel (MP3)<\/strong><\/p>\n<p data-start=\"729\" data-end=\"892\">\u2b07\ufe0f Sofortiger Download f\u00fcr <strong data-start=\"756\" data-end=\"765\">Handy<\/strong><br data-start=\"765\" data-end=\"768\" \/>\u2b07\ufe0f Sofortiger Download f\u00fcr <strong data-start=\"795\" data-end=\"801\">PC<\/strong><br data-start=\"801\" data-end=\"804\" \/>\u2b07\ufe0f Sofortiger Download f\u00fcrs <strong data-start=\"832\" data-end=\"842\">Tablet<\/strong><br data-start=\"842\" data-end=\"845\" \/>\u2b07\ufe0f Kompatibel mit <strong data-start=\"863\" data-end=\"892\">allen MP3-f\u00e4higen Ger\u00e4ten<\/strong><\/p>\n<p data-start=\"894\" data-end=\"930\" data-is-last-node=\"\" data-is-only-node=\"\"><strong data-start=\"894\" data-end=\"930\" data-is-last-node=\"\">Einmal gekauft \u2013 f\u00fcr immer dein!<\/strong><\/p>","protected":false},"excerpt":{"rendered":"<p>\ud83c\udfa7 H\u00f6rspiel \u2013 Eifel-Krimi \u2013 Folge 7: Eifel-Schnee Ein eiskalter Morgen in der verschneiten Eifel \u2013 und ein Fund, der die l\u00e4ndliche Idylle schlagartig zerrei\u00dft.Mitten im Winterchaos entdeckt man eine Leiche, halb zugeschneit und ohne erkennbare Spuren. F\u00fcr die Ermittler beginnt ein Wettlauf gegen die Zeit: Der Schnee verwischt jede F\u00e4hrte, und ein M\u00f6rder nutzt [&hellip;]<\/p>\n","protected":false},"featured_media":2249,"comment_status":"open","ping_status":"closed","template":"","meta":[],"product_brand":[],"product_cat":[34],"product_tag":[],"class_list":{"0":"post-2248","1":"product","2":"type-product","3":"status-publish","4":"has-post-thumbnail","6":"product_cat-hoerspiel-krimi","8":"first","9":"instock","10":"sale","11":"virtual","12":"purchasable","13":"product-type-simple"},"jetpack_sharing_enabled":true,"_links":{"self":[{"href":"https:\/\/audiobook-24.com\/en\/wp-json\/wp\/v2\/product\/2248","targetHints":{"allow":["GET"]}}],"collection":[{"href":"https:\/\/audiobook-24.com\/en\/wp-json\/wp\/v2\/product"}],"about":[{"href":"https:\/\/audiobook-24.com\/en\/wp-json\/wp\/v2\/types\/product"}],"replies":[{"embeddable":true,"href":"https:\/\/audiobook-24.com\/en\/wp-json\/wp\/v2\/comments?post=2248"}],"wp:featuredmedia":[{"embeddable":true,"href":"https:\/\/audiobook-24.com\/en\/wp-json\/wp\/v2\/media\/2249"}],"wp:attachment":[{"href":"https:\/\/audiobook-24.com\/en\/wp-json\/wp\/v2\/media?parent=2248"}],"wp:term":[{"taxonomy":"product_brand","embeddable":true,"href":"https:\/\/audiobook-24.com\/en\/wp-json\/wp\/v2\/product_brand?post=2248"},{"taxonomy":"product_cat","embeddable":true,"href":"https:\/\/audiobook-24.com\/en\/wp-json\/wp\/v2\/product_cat?post=2248"},{"taxonomy":"product_tag","embeddable":true,"href":"https:\/\/audiobook-24.com\/en\/wp-json\/wp\/v2\/product_tag?post=2248"}],"curies":[{"name":"wp","href":"https:\/\/api.w.org\/{rel}","templated":true}]}}