{"id":2246,"date":"2025-12-10T11:22:03","date_gmt":"2025-12-10T11:22:03","guid":{"rendered":"https:\/\/audiobook-24.com\/?post_type=product&#038;p=2246"},"modified":"2025-12-10T11:22:04","modified_gmt":"2025-12-10T11:22:04","slug":"%f0%9f%8e%a7-hoerspiel-jacques-berndorf-eifel-krimi-folge-8-eifel-feuer","status":"publish","type":"product","link":"https:\/\/audiobook-24.com\/en\/product\/%f0%9f%8e%a7-hoerspiel-jacques-berndorf-eifel-krimi-folge-8-eifel-feuer\/","title":{"rendered":"\ud83c\udfa7 H\u00f6rspiel \u2013 Jacques Berndorf \u2013 Eifel-Krimi Folge 8: Eifel-Feuer"},"content":{"rendered":"<p data-start=\"0\" data-end=\"80\">\ud83c\udfa7 <strong data-start=\"3\" data-end=\"78\">H\u00f6rspiel \u2013 Jacques Berndorf \u2013 Eifel-Krimi Folge 8: Eifel-Feuer (Teil \u2026)<\/strong><\/p>\n<p data-start=\"82\" data-end=\"381\">Ein verheerender Brand ersch\u00fcttert die Eifel \u2013 ein abgelegenes Geh\u00f6ft geht in Flammen auf, und schnell wird klar: Das war kein Unfall.<br data-start=\"216\" data-end=\"219\" \/>Der Geruch von Benzin, merkw\u00fcrdige Spuren im Schnee und ein Opfer, das mehr Feinde hatte als Freunde \u2013 all das deutet auf ein kaltbl\u00fctig geplantes Verbrechen hin.<\/p>\n<p data-start=\"383\" data-end=\"710\">Kommissar <strong data-start=\"393\" data-end=\"413\">Siggi Baumeister<\/strong> steckt mitten in einem der schwierigsten F\u00e4lle seines Lebens. W\u00e4hrend die Bev\u00f6lkerung nach einem Feuerteufel sucht, entdeckt er Hinweise auf ein gef\u00e4hrliches Netz aus L\u00fcgen, Erpressung und alten Fehden.<br data-start=\"616\" data-end=\"619\" \/>Doch je tiefer Baumeister gr\u00e4bt, desto gef\u00e4hrlicher wird es \u2013 und die Eifel brennt weiter \u2026<\/p>\n<p data-start=\"712\" data-end=\"822\">Atmosph\u00e4risch, spannend und typisch Berndorf: Ein Eifel-Krimi, der seine H\u00f6rer bis zum letzten Moment fesselt.<\/p>\n<hr data-start=\"824\" data-end=\"827\" \/>\n<p data-start=\"829\" data-end=\"860\">\ud83d\udd0a <strong data-start=\"832\" data-end=\"858\">Format: H\u00f6rspiel (MP3)<\/strong><\/p>\n<p data-start=\"862\" data-end=\"1025\">\u2b07\ufe0f Sofortiger Download f\u00fcr <strong data-start=\"889\" data-end=\"898\">Handy<\/strong><br data-start=\"898\" data-end=\"901\" \/>\u2b07\ufe0f Sofortiger Download f\u00fcr <strong data-start=\"928\" data-end=\"934\">PC<\/strong><br data-start=\"934\" data-end=\"937\" \/>\u2b07\ufe0f Sofortiger Download f\u00fcrs <strong data-start=\"965\" data-end=\"975\">Tablet<\/strong><br data-start=\"975\" data-end=\"978\" \/>\u2b07\ufe0f Kompatibel mit <strong data-start=\"996\" data-end=\"1025\">allen MP3-f\u00e4higen Ger\u00e4ten<\/strong><\/p>\n<p data-start=\"1027\" data-end=\"1063\" data-is-last-node=\"\" data-is-only-node=\"\"><strong data-start=\"1027\" data-end=\"1063\" data-is-last-node=\"\">Einmal gekauft \u2013 f\u00fcr immer dein!<\/strong><\/p>","protected":false},"excerpt":{"rendered":"<p>\ud83c\udfa7 H\u00f6rspiel \u2013 Jacques Berndorf \u2013 Eifel-Krimi Folge 8: Eifel-Feuer (Teil \u2026) Ein verheerender Brand ersch\u00fcttert die Eifel \u2013 ein abgelegenes Geh\u00f6ft geht in Flammen auf, und schnell wird klar: Das war kein Unfall.Der Geruch von Benzin, merkw\u00fcrdige Spuren im Schnee und ein Opfer, das mehr Feinde hatte als Freunde \u2013 all das deutet auf [&hellip;]<\/p>\n","protected":false},"featured_media":2254,"comment_status":"open","ping_status":"closed","template":"","meta":[],"product_brand":[],"product_cat":[34],"product_tag":[],"class_list":{"0":"post-2246","1":"product","2":"type-product","3":"status-publish","4":"has-post-thumbnail","6":"product_cat-hoerspiel-krimi","8":"first","9":"instock","10":"sale","11":"virtual","12":"purchasable","13":"product-type-simple"},"jetpack_sharing_enabled":true,"_links":{"self":[{"href":"https:\/\/audiobook-24.com\/en\/wp-json\/wp\/v2\/product\/2246","targetHints":{"allow":["GET"]}}],"collection":[{"href":"https:\/\/audiobook-24.com\/en\/wp-json\/wp\/v2\/product"}],"about":[{"href":"https:\/\/audiobook-24.com\/en\/wp-json\/wp\/v2\/types\/product"}],"replies":[{"embeddable":true,"href":"https:\/\/audiobook-24.com\/en\/wp-json\/wp\/v2\/comments?post=2246"}],"wp:featuredmedia":[{"embeddable":true,"href":"https:\/\/audiobook-24.com\/en\/wp-json\/wp\/v2\/media\/2254"}],"wp:attachment":[{"href":"https:\/\/audiobook-24.com\/en\/wp-json\/wp\/v2\/media?parent=2246"}],"wp:term":[{"taxonomy":"product_brand","embeddable":true,"href":"https:\/\/audiobook-24.com\/en\/wp-json\/wp\/v2\/product_brand?post=2246"},{"taxonomy":"product_cat","embeddable":true,"href":"https:\/\/audiobook-24.com\/en\/wp-json\/wp\/v2\/product_cat?post=2246"},{"taxonomy":"product_tag","embeddable":true,"href":"https:\/\/audiobook-24.com\/en\/wp-json\/wp\/v2\/product_tag?post=2246"}],"curies":[{"name":"wp","href":"https:\/\/api.w.org\/{rel}","templated":true}]}}