{"id":2243,"date":"2025-12-09T20:42:35","date_gmt":"2025-12-09T20:42:35","guid":{"rendered":"https:\/\/audiobook-24.com\/?post_type=product&#038;p=2243"},"modified":"2025-12-09T20:44:06","modified_gmt":"2025-12-09T20:44:06","slug":"%f0%9f%8e%a7-hoerspiel-jan-tenner-der-neue-superheld-folge-2-der-lautlose-tod","status":"publish","type":"product","link":"https:\/\/audiobook-24.com\/en\/product\/%f0%9f%8e%a7-hoerspiel-jan-tenner-der-neue-superheld-folge-2-der-lautlose-tod\/","title":{"rendered":"\ud83c\udfa7 H\u00f6rspiel \u2013 Jan Tenner \u2013 Der neue Superheld \u2013 Folge 2: Der lautlose Tod"},"content":{"rendered":"<p data-start=\"0\" data-end=\"79\">\ud83c\udfa7 <strong data-start=\"3\" data-end=\"77\">H\u00f6rspiel \u2013 Jan Tenner \u2013 Der neue Superheld \u2013 Folge 2: Der lautlose Tod<\/strong><\/p>\n<p data-start=\"81\" data-end=\"385\">Ein unsichtbarer Feind bedroht Westland \u2013 schnell, t\u00f6dlich und unberechenbar.<br data-start=\"158\" data-end=\"161\" \/>Als eine Serie r\u00e4tselhafter Vorf\u00e4lle die Stadt ersch\u00fcttert, erkennt Jan Tenner: Hier ist <strong data-start=\"250\" data-end=\"274\">ein lautloser Killer<\/strong> am Werk. Niemand wei\u00df, woher er kommt oder wie er agiert \u2013 und jedes Zusammentreffen k\u00f6nnte das letzte sein.<\/p>\n<p data-start=\"387\" data-end=\"719\">Gemeinsam mit <strong data-start=\"401\" data-end=\"410\">Laura<\/strong>, <strong data-start=\"412\" data-end=\"432\">Professor Futura<\/strong> und <strong data-start=\"437\" data-end=\"456\">General Forbett<\/strong> muss Jan die Spur aufnehmen, Hinweise entschl\u00fcsseln und den Angreifer stoppen, bevor weitere Opfer fallen.<br data-start=\"563\" data-end=\"566\" \/>Doch je n\u00e4her sie der Wahrheit kommen, desto klarer wird: Der Killer ist nicht menschlich \u2013 und die Gefahr \u00fcbersteigt alles, was Jan bisher erlebt hat.<\/p>\n<p data-start=\"721\" data-end=\"819\">Eine packende Folge voller Spannung, futuristischer Technologie und klassischer Jan-Tenner-Action.<\/p>\n<hr data-start=\"821\" data-end=\"824\" \/>\n<p data-start=\"826\" data-end=\"857\">\ud83d\udd0a <strong data-start=\"829\" data-end=\"855\">Format: H\u00f6rspiel (MP3)<\/strong><\/p>\n<p data-start=\"859\" data-end=\"1022\">\u2b07\ufe0f Sofortiger Download f\u00fcr <strong data-start=\"886\" data-end=\"895\">Handy<\/strong><br data-start=\"895\" data-end=\"898\" \/>\u2b07\ufe0f Sofortiger Download f\u00fcr <strong data-start=\"925\" data-end=\"931\">PC<\/strong><br data-start=\"931\" data-end=\"934\" \/>\u2b07\ufe0f Sofortiger Download f\u00fcrs <strong data-start=\"962\" data-end=\"972\">Tablet<\/strong><br data-start=\"972\" data-end=\"975\" \/>\u2b07\ufe0f Kompatibel mit <strong data-start=\"993\" data-end=\"1022\">allen MP3-f\u00e4higen Ger\u00e4ten<\/strong><\/p>\n<p data-start=\"1024\" data-end=\"1060\" data-is-last-node=\"\" data-is-only-node=\"\"><strong data-start=\"1024\" data-end=\"1060\" data-is-last-node=\"\">Einmal gekauft \u2013 f\u00fcr immer dein!<\/strong><\/p>","protected":false},"excerpt":{"rendered":"<p>\ud83c\udfa7 H\u00f6rspiel \u2013 Jan Tenner \u2013 Der neue Superheld \u2013 Folge 2: Der lautlose Tod Ein unsichtbarer Feind bedroht Westland \u2013 schnell, t\u00f6dlich und unberechenbar.Als eine Serie r\u00e4tselhafter Vorf\u00e4lle die Stadt ersch\u00fcttert, erkennt Jan Tenner: Hier ist ein lautloser Killer am Werk. Niemand wei\u00df, woher er kommt oder wie er agiert \u2013 und jedes Zusammentreffen [&hellip;]<\/p>\n","protected":false},"featured_media":2244,"comment_status":"open","ping_status":"closed","template":"","meta":[],"product_brand":[],"product_cat":[33],"product_tag":[],"class_list":{"0":"post-2243","1":"product","2":"type-product","3":"status-publish","4":"has-post-thumbnail","6":"product_cat-hoerspiel-comics","8":"first","9":"instock","10":"sale","11":"virtual","12":"purchasable","13":"product-type-simple"},"jetpack_sharing_enabled":true,"_links":{"self":[{"href":"https:\/\/audiobook-24.com\/en\/wp-json\/wp\/v2\/product\/2243","targetHints":{"allow":["GET"]}}],"collection":[{"href":"https:\/\/audiobook-24.com\/en\/wp-json\/wp\/v2\/product"}],"about":[{"href":"https:\/\/audiobook-24.com\/en\/wp-json\/wp\/v2\/types\/product"}],"replies":[{"embeddable":true,"href":"https:\/\/audiobook-24.com\/en\/wp-json\/wp\/v2\/comments?post=2243"}],"wp:featuredmedia":[{"embeddable":true,"href":"https:\/\/audiobook-24.com\/en\/wp-json\/wp\/v2\/media\/2244"}],"wp:attachment":[{"href":"https:\/\/audiobook-24.com\/en\/wp-json\/wp\/v2\/media?parent=2243"}],"wp:term":[{"taxonomy":"product_brand","embeddable":true,"href":"https:\/\/audiobook-24.com\/en\/wp-json\/wp\/v2\/product_brand?post=2243"},{"taxonomy":"product_cat","embeddable":true,"href":"https:\/\/audiobook-24.com\/en\/wp-json\/wp\/v2\/product_cat?post=2243"},{"taxonomy":"product_tag","embeddable":true,"href":"https:\/\/audiobook-24.com\/en\/wp-json\/wp\/v2\/product_tag?post=2243"}],"curies":[{"name":"wp","href":"https:\/\/api.w.org\/{rel}","templated":true}]}}