{"id":2242,"date":"2025-12-09T20:47:50","date_gmt":"2025-12-09T20:47:50","guid":{"rendered":"https:\/\/audiobook-24.com\/?post_type=product&#038;p=2242"},"modified":"2025-12-09T20:47:51","modified_gmt":"2025-12-09T20:47:51","slug":"jan-tenner-der-neue-superheld-folge-1_-ein-neuer-anfang","status":"publish","type":"product","link":"https:\/\/audiobook-24.com\/en\/product\/jan-tenner-der-neue-superheld-folge-1_-ein-neuer-anfang\/","title":{"rendered":"Jan Tenner &#8211; Der neue Superheld &#8211; Folge 1_ Ein neuer Anfang"},"content":{"rendered":"<p data-start=\"0\" data-end=\"79\">\ud83c\udfa7 <strong data-start=\"3\" data-end=\"77\">H\u00f6rspiel \u2013 Jan Tenner \u2013 Der neue Superheld \u2013 Folge 1: Ein neuer Anfang<\/strong><\/p>\n<p data-start=\"81\" data-end=\"351\">Der Beginn eines neuen Abenteuers \u2013 Jan Tenner startet in eine noch nie dagewesene \u00c4ra.<br data-start=\"168\" data-end=\"171\" \/>Als brillante Wissenschaftler wie <strong data-start=\"205\" data-end=\"225\">Professor Futura<\/strong> und mutige Helden wie <strong data-start=\"248\" data-end=\"257\">Laura<\/strong> an seiner Seite stehen, muss Jan lernen, seine neuen F\u00e4higkeiten als Superheld zu meistern.<\/p>\n<p data-start=\"353\" data-end=\"723\">Die Erde steht vor einer geheimnisvollen Bedrohung, und schon die ersten Eins\u00e4tze zeigen: Die Gefahren sind gr\u00f6\u00dfer, die Gegner listiger \u2013 und die Abenteuer spannender als je zuvor.<br data-start=\"533\" data-end=\"536\" \/>Zusammen mit <strong data-start=\"549\" data-end=\"568\">General Forbett<\/strong> stellt sich Jan den ersten Pr\u00fcfungen, entdeckt neue Technologien und erkennt, dass Mut, Intelligenz und Teamgeist die besten Waffen gegen das B\u00f6se sind.<\/p>\n<p data-start=\"725\" data-end=\"850\">Ein packender Auftakt der neuen Jan-Tenner-Serie \u2013 voller Action, futuristischer Technik und klassischem Superhelden-Feeling.<\/p>\n<hr data-start=\"852\" data-end=\"855\" \/>\n<p data-start=\"857\" data-end=\"888\">\ud83d\udd0a <strong data-start=\"860\" data-end=\"886\">Format: H\u00f6rspiel (MP3)<\/strong><\/p>\n<p data-start=\"890\" data-end=\"1053\">\u2b07\ufe0f Sofortiger Download f\u00fcr <strong data-start=\"917\" data-end=\"926\">Handy<\/strong><br data-start=\"926\" data-end=\"929\" \/>\u2b07\ufe0f Sofortiger Download f\u00fcr <strong data-start=\"956\" data-end=\"962\">PC<\/strong><br data-start=\"962\" data-end=\"965\" \/>\u2b07\ufe0f Sofortiger Download f\u00fcrs <strong data-start=\"993\" data-end=\"1003\">Tablet<\/strong><br data-start=\"1003\" data-end=\"1006\" \/>\u2b07\ufe0f Kompatibel mit <strong data-start=\"1024\" data-end=\"1053\">allen MP3-f\u00e4higen Ger\u00e4ten<\/strong><\/p>\n<p data-start=\"1055\" data-end=\"1091\" data-is-last-node=\"\" data-is-only-node=\"\"><strong data-start=\"1055\" data-end=\"1091\" data-is-last-node=\"\">Einmal gekauft \u2013 f\u00fcr immer dein!<\/strong><\/p>","protected":false},"excerpt":{"rendered":"<p>\ud83c\udfa7 H\u00f6rspiel \u2013 Jan Tenner \u2013 Der neue Superheld \u2013 Folge 1: Ein neuer Anfang Der Beginn eines neuen Abenteuers \u2013 Jan Tenner startet in eine noch nie dagewesene \u00c4ra.Als brillante Wissenschaftler wie Professor Futura und mutige Helden wie Laura an seiner Seite stehen, muss Jan lernen, seine neuen F\u00e4higkeiten als Superheld zu meistern. Die [&hellip;]<\/p>\n","protected":false},"featured_media":2245,"comment_status":"open","ping_status":"closed","template":"","meta":[],"product_brand":[],"product_cat":[33],"product_tag":[],"class_list":{"0":"post-2242","1":"product","2":"type-product","3":"status-publish","4":"has-post-thumbnail","6":"product_cat-hoerspiel-comics","8":"first","9":"instock","10":"sale","11":"virtual","12":"purchasable","13":"product-type-simple"},"jetpack_sharing_enabled":true,"_links":{"self":[{"href":"https:\/\/audiobook-24.com\/en\/wp-json\/wp\/v2\/product\/2242","targetHints":{"allow":["GET"]}}],"collection":[{"href":"https:\/\/audiobook-24.com\/en\/wp-json\/wp\/v2\/product"}],"about":[{"href":"https:\/\/audiobook-24.com\/en\/wp-json\/wp\/v2\/types\/product"}],"replies":[{"embeddable":true,"href":"https:\/\/audiobook-24.com\/en\/wp-json\/wp\/v2\/comments?post=2242"}],"wp:featuredmedia":[{"embeddable":true,"href":"https:\/\/audiobook-24.com\/en\/wp-json\/wp\/v2\/media\/2245"}],"wp:attachment":[{"href":"https:\/\/audiobook-24.com\/en\/wp-json\/wp\/v2\/media?parent=2242"}],"wp:term":[{"taxonomy":"product_brand","embeddable":true,"href":"https:\/\/audiobook-24.com\/en\/wp-json\/wp\/v2\/product_brand?post=2242"},{"taxonomy":"product_cat","embeddable":true,"href":"https:\/\/audiobook-24.com\/en\/wp-json\/wp\/v2\/product_cat?post=2242"},{"taxonomy":"product_tag","embeddable":true,"href":"https:\/\/audiobook-24.com\/en\/wp-json\/wp\/v2\/product_tag?post=2242"}],"curies":[{"name":"wp","href":"https:\/\/api.w.org\/{rel}","templated":true}]}}