{"id":2230,"date":"2025-12-09T19:59:49","date_gmt":"2025-12-09T19:59:49","guid":{"rendered":"https:\/\/audiobook-24.com\/?post_type=product&#038;p=2230"},"modified":"2025-12-09T19:59:50","modified_gmt":"2025-12-09T19:59:50","slug":"%f0%9f%8e%a7-hoerspiel-jan-tenner-der-neue-superheld-folge-12-finale-fuer-westland","status":"publish","type":"product","link":"https:\/\/audiobook-24.com\/en\/product\/%f0%9f%8e%a7-hoerspiel-jan-tenner-der-neue-superheld-folge-12-finale-fuer-westland\/","title":{"rendered":"\ud83c\udfa7 H\u00f6rspiel \u2013 Jan Tenner \u2013 Der neue Superheld \u2013 Folge 12: Finale f\u00fcr Westland"},"content":{"rendered":"<p data-start=\"0\" data-end=\"83\">\ud83c\udfa7 <strong data-start=\"3\" data-end=\"81\">H\u00f6rspiel \u2013 Jan Tenner \u2013 Der neue Superheld \u2013 Folge 12: Finale f\u00fcr Westland<\/strong><\/p>\n<p data-start=\"85\" data-end=\"334\">In Westland spitzt sich die Lage dramatisch zu \u2013 und Jan Tenner steht vor einer seiner gef\u00e4hrlichsten Missionen. Eine Reihe mysteri\u00f6ser Angriffe ersch\u00fcttert das Land, w\u00e4hrend im Hintergrund eine unbekannte Macht ihre endg\u00fcltigen Pl\u00e4ne vorbereitet.<\/p>\n<p data-start=\"336\" data-end=\"592\">Jan, <strong data-start=\"341\" data-end=\"350\">Laura<\/strong>, <strong data-start=\"352\" data-end=\"372\">Professor Futura<\/strong> und <strong data-start=\"377\" data-end=\"396\">General Forbett<\/strong> m\u00fcssen alles geben, um die Katastrophe abzuwenden. Doch je tiefer sie vordringen, desto klarer wird:<br data-start=\"497\" data-end=\"500\" \/>Dies ist kein gew\u00f6hnlicher Feind.<br data-start=\"533\" data-end=\"536\" \/>Dies ist das <em data-start=\"549\" data-end=\"557\">Finale<\/em>, auf das alles hingesteuert hat.<\/p>\n<p data-start=\"594\" data-end=\"795\">Intrigen, verr\u00e4terische Allianzen, technologische Bedrohungen und ein Wettlauf gegen die Zeit treiben das Team an seine Grenzen. Kann Westland gerettet werden \u2013 oder ist das Schicksal l\u00e4ngst besiegelt?<\/p>\n<p data-start=\"797\" data-end=\"864\">Ein hochspannendes, dramatisches Kapitel der neuen Superhelden-\u00c4ra!<\/p>\n<hr data-start=\"866\" data-end=\"869\" \/>\n<p data-start=\"871\" data-end=\"902\">\ud83d\udd0a <strong data-start=\"874\" data-end=\"900\">Format: H\u00f6rspiel (MP3)<\/strong><\/p>\n<p data-start=\"904\" data-end=\"1067\">\u2b07\ufe0f Sofortiger Download f\u00fcr <strong data-start=\"931\" data-end=\"940\">Handy<\/strong><br data-start=\"940\" data-end=\"943\" \/>\u2b07\ufe0f Sofortiger Download f\u00fcr <strong data-start=\"970\" data-end=\"976\">PC<\/strong><br data-start=\"976\" data-end=\"979\" \/>\u2b07\ufe0f Sofortiger Download f\u00fcrs <strong data-start=\"1007\" data-end=\"1017\">Tablet<\/strong><br data-start=\"1017\" data-end=\"1020\" \/>\u2b07\ufe0f Kompatibel mit <strong data-start=\"1038\" data-end=\"1067\">allen MP3-f\u00e4higen Ger\u00e4ten<\/strong><\/p>\n<p data-start=\"1069\" data-end=\"1105\" data-is-last-node=\"\" data-is-only-node=\"\"><strong data-start=\"1069\" data-end=\"1105\" data-is-last-node=\"\">Einmal gekauft \u2013 f\u00fcr immer dein!<\/strong><\/p>","protected":false},"excerpt":{"rendered":"<p>\ud83c\udfa7 H\u00f6rspiel \u2013 Jan Tenner \u2013 Der neue Superheld \u2013 Folge 12: Finale f\u00fcr Westland In Westland spitzt sich die Lage dramatisch zu \u2013 und Jan Tenner steht vor einer seiner gef\u00e4hrlichsten Missionen. Eine Reihe mysteri\u00f6ser Angriffe ersch\u00fcttert das Land, w\u00e4hrend im Hintergrund eine unbekannte Macht ihre endg\u00fcltigen Pl\u00e4ne vorbereitet. Jan, Laura, Professor Futura und [&hellip;]<\/p>\n","protected":false},"featured_media":2231,"comment_status":"open","ping_status":"closed","template":"","meta":[],"product_brand":[],"product_cat":[33],"product_tag":[],"class_list":{"0":"post-2230","1":"product","2":"type-product","3":"status-publish","4":"has-post-thumbnail","6":"product_cat-hoerspiel-comics","8":"first","9":"instock","10":"sale","11":"virtual","12":"purchasable","13":"product-type-simple"},"jetpack_sharing_enabled":true,"_links":{"self":[{"href":"https:\/\/audiobook-24.com\/en\/wp-json\/wp\/v2\/product\/2230","targetHints":{"allow":["GET"]}}],"collection":[{"href":"https:\/\/audiobook-24.com\/en\/wp-json\/wp\/v2\/product"}],"about":[{"href":"https:\/\/audiobook-24.com\/en\/wp-json\/wp\/v2\/types\/product"}],"replies":[{"embeddable":true,"href":"https:\/\/audiobook-24.com\/en\/wp-json\/wp\/v2\/comments?post=2230"}],"wp:featuredmedia":[{"embeddable":true,"href":"https:\/\/audiobook-24.com\/en\/wp-json\/wp\/v2\/media\/2231"}],"wp:attachment":[{"href":"https:\/\/audiobook-24.com\/en\/wp-json\/wp\/v2\/media?parent=2230"}],"wp:term":[{"taxonomy":"product_brand","embeddable":true,"href":"https:\/\/audiobook-24.com\/en\/wp-json\/wp\/v2\/product_brand?post=2230"},{"taxonomy":"product_cat","embeddable":true,"href":"https:\/\/audiobook-24.com\/en\/wp-json\/wp\/v2\/product_cat?post=2230"},{"taxonomy":"product_tag","embeddable":true,"href":"https:\/\/audiobook-24.com\/en\/wp-json\/wp\/v2\/product_tag?post=2230"}],"curies":[{"name":"wp","href":"https:\/\/api.w.org\/{rel}","templated":true}]}}