{"id":2229,"date":"2025-12-09T20:07:03","date_gmt":"2025-12-09T20:07:03","guid":{"rendered":"https:\/\/audiobook-24.com\/?post_type=product&#038;p=2229"},"modified":"2025-12-09T20:07:04","modified_gmt":"2025-12-09T20:07:04","slug":"%f0%9f%8e%a7-hoerspiel-jan-tenner-der-neue-superheld-folge-11-tanjas-grosser-kampf","status":"publish","type":"product","link":"https:\/\/audiobook-24.com\/en\/product\/%f0%9f%8e%a7-hoerspiel-jan-tenner-der-neue-superheld-folge-11-tanjas-grosser-kampf\/","title":{"rendered":"\ud83c\udfa7 H\u00f6rspiel \u2013 Jan Tenner \u2013 Der neue Superheld \u2013 Folge 11: Tanjas gro\u00dfer Kampf"},"content":{"rendered":"<p data-start=\"0\" data-end=\"83\">\ud83c\udfa7 <strong data-start=\"3\" data-end=\"81\">H\u00f6rspiel \u2013 Jan Tenner \u2013 Der neue Superheld \u2013 Folge 11: Tanjas gro\u00dfer Kampf<\/strong><\/p>\n<p data-start=\"85\" data-end=\"445\">Tanja steht im Mittelpunkt \u2013 und ihr Mut entscheidet \u00fcber das Schicksal aller.<br data-start=\"163\" data-end=\"166\" \/>Als eine neue Bedrohung Westland heimsucht, ger\u00e4t Tanja in eine Situation, in der sie \u00fcber sich hinauswachsen muss. Ein gef\u00e4hrlicher Gegner nimmt sie ins Visier, und pl\u00f6tzlich h\u00e4ngt nicht nur ihr eigenes Leben, sondern auch die Sicherheit ihres Teams von ihren Entscheidungen ab.<\/p>\n<p data-start=\"447\" data-end=\"675\">Jan Tenner, <strong data-start=\"459\" data-end=\"468\">Laura<\/strong>, <strong data-start=\"470\" data-end=\"490\">Professor Futura<\/strong> und <strong data-start=\"495\" data-end=\"514\">General Forbett<\/strong> tun alles, um sie zu unterst\u00fctzen \u2013 doch am Ende ist dies <em data-start=\"573\" data-end=\"587\">Tanjas Kampf<\/em>.<br data-start=\"588\" data-end=\"591\" \/>Ein Kampf gegen Angst, Zweifel und eine \u00fcberm\u00e4chtige Gefahr, die niemand kommen sah.<\/p>\n<p data-start=\"677\" data-end=\"847\">Eine emotional starke, actionreiche Folge, die zeigt, wie viel Herz, St\u00e4rke und Entschlossenheit in Tanja steckt \u2013 und weshalb sie ein unverzichtbarer Teil des Teams ist.<\/p>\n<hr data-start=\"849\" data-end=\"852\" \/>\n<p data-start=\"854\" data-end=\"885\">\ud83d\udd0a <strong data-start=\"857\" data-end=\"883\">Format: H\u00f6rspiel (MP3)<\/strong><\/p>\n<p data-start=\"887\" data-end=\"1050\">\u2b07\ufe0f Sofortiger Download f\u00fcr <strong data-start=\"914\" data-end=\"923\">Handy<\/strong><br data-start=\"923\" data-end=\"926\" \/>\u2b07\ufe0f Sofortiger Download f\u00fcr <strong data-start=\"953\" data-end=\"959\">PC<\/strong><br data-start=\"959\" data-end=\"962\" \/>\u2b07\ufe0f Sofortiger Download f\u00fcrs <strong data-start=\"990\" data-end=\"1000\">Tablet<\/strong><br data-start=\"1000\" data-end=\"1003\" \/>\u2b07\ufe0f Kompatibel mit <strong data-start=\"1021\" data-end=\"1050\">allen MP3-f\u00e4higen Ger\u00e4ten<\/strong><\/p>\n<p data-start=\"1052\" data-end=\"1088\" data-is-last-node=\"\" data-is-only-node=\"\"><strong data-start=\"1052\" data-end=\"1088\" data-is-last-node=\"\">Einmal gekauft \u2013 f\u00fcr immer dein!<\/strong><\/p>","protected":false},"excerpt":{"rendered":"<p>\ud83c\udfa7 H\u00f6rspiel \u2013 Jan Tenner \u2013 Der neue Superheld \u2013 Folge 11: Tanjas gro\u00dfer Kampf Tanja steht im Mittelpunkt \u2013 und ihr Mut entscheidet \u00fcber das Schicksal aller.Als eine neue Bedrohung Westland heimsucht, ger\u00e4t Tanja in eine Situation, in der sie \u00fcber sich hinauswachsen muss. Ein gef\u00e4hrlicher Gegner nimmt sie ins Visier, und pl\u00f6tzlich h\u00e4ngt [&hellip;]<\/p>\n","protected":false},"featured_media":2232,"comment_status":"open","ping_status":"closed","template":"","meta":[],"product_brand":[],"product_cat":[33],"product_tag":[],"class_list":{"0":"post-2229","1":"product","2":"type-product","3":"status-publish","4":"has-post-thumbnail","6":"product_cat-hoerspiel-comics","8":"first","9":"instock","10":"sale","11":"virtual","12":"purchasable","13":"product-type-simple"},"jetpack_sharing_enabled":true,"_links":{"self":[{"href":"https:\/\/audiobook-24.com\/en\/wp-json\/wp\/v2\/product\/2229","targetHints":{"allow":["GET"]}}],"collection":[{"href":"https:\/\/audiobook-24.com\/en\/wp-json\/wp\/v2\/product"}],"about":[{"href":"https:\/\/audiobook-24.com\/en\/wp-json\/wp\/v2\/types\/product"}],"replies":[{"embeddable":true,"href":"https:\/\/audiobook-24.com\/en\/wp-json\/wp\/v2\/comments?post=2229"}],"wp:featuredmedia":[{"embeddable":true,"href":"https:\/\/audiobook-24.com\/en\/wp-json\/wp\/v2\/media\/2232"}],"wp:attachment":[{"href":"https:\/\/audiobook-24.com\/en\/wp-json\/wp\/v2\/media?parent=2229"}],"wp:term":[{"taxonomy":"product_brand","embeddable":true,"href":"https:\/\/audiobook-24.com\/en\/wp-json\/wp\/v2\/product_brand?post=2229"},{"taxonomy":"product_cat","embeddable":true,"href":"https:\/\/audiobook-24.com\/en\/wp-json\/wp\/v2\/product_cat?post=2229"},{"taxonomy":"product_tag","embeddable":true,"href":"https:\/\/audiobook-24.com\/en\/wp-json\/wp\/v2\/product_tag?post=2229"}],"curies":[{"name":"wp","href":"https:\/\/api.w.org\/{rel}","templated":true}]}}