{"id":2228,"date":"2025-12-09T20:14:01","date_gmt":"2025-12-09T20:14:01","guid":{"rendered":"https:\/\/audiobook-24.com\/?post_type=product&#038;p=2228"},"modified":"2025-12-09T20:14:02","modified_gmt":"2025-12-09T20:14:02","slug":"%f0%9f%8e%a7-hoerspiel-jan-tenner-der-neue-superheld-folge-10-waechter-der-zeiten","status":"publish","type":"product","link":"https:\/\/audiobook-24.com\/en\/product\/%f0%9f%8e%a7-hoerspiel-jan-tenner-der-neue-superheld-folge-10-waechter-der-zeiten\/","title":{"rendered":"\ud83c\udfa7 H\u00f6rspiel \u2013 Jan Tenner \u2013 Der neue Superheld \u2013 Folge 10: W\u00e4chter der Zeiten"},"content":{"rendered":"<h6 class=\"sr-only\"><span style=\"font-size: 16px;\">\ud83c\udfa7 <\/span><strong style=\"font-size: 16px;\" data-start=\"3\" data-end=\"80\">H\u00f6rspiel \u2013 Jan Tenner \u2013 Der neue Superheld \u2013 Folge 10: W\u00e4chter der Zeiten<\/strong><\/h6>\n<div class=\"text-base my-auto mx-auto pb-10 [--thread-content-margin:--spacing(4)] @w-sm\/main:[--thread-content-margin:--spacing(6)] @w-lg\/main:[--thread-content-margin:--spacing(16)] px-(--thread-content-margin)\">\n<div class=\"[--thread-content-max-width:40rem] @w-lg\/main:[--thread-content-max-width:48rem] mx-auto max-w-(--thread-content-max-width) flex-1 group\/turn-messages focus-visible:outline-hidden relative flex w-full min-w-0 flex-col agent-turn\" tabindex=\"-1\">\n<div class=\"flex max-w-full flex-col grow\">\n<div class=\"min-h-8 text-message relative flex w-full flex-col items-end gap-2 text-start break-words whitespace-normal [.text-message+&amp;]:mt-1\" dir=\"auto\" data-message-author-role=\"assistant\" data-message-id=\"2468218c-f657-4f19-9eb4-1c4df61b5fc8\" data-message-model-slug=\"gpt-5-1\">\n<div class=\"flex w-full flex-col gap-1 empty:hidden first:pt-[1px]\">\n<div class=\"markdown prose dark:prose-invert w-full break-words light markdown-new-styling\">\n<p data-start=\"84\" data-end=\"486\">Ein Riss in der Zeit \u2013 und eine Bedrohung, die Vergangenheit, Gegenwart und Zukunft gleichzeitig gef\u00e4hrdet.<br data-start=\"191\" data-end=\"194\" \/>Als r\u00e4tselhafte Zeitph\u00e4nomene auftreten und Menschen spurlos verschwinden, st\u00f6\u00dft Jan Tenner auf Hinweise zu einer uralten Macht: den <strong data-start=\"327\" data-end=\"350\">W\u00e4chtern der Zeiten<\/strong>. Diese geheimnisvollen Wesen wachen \u00fcber den nat\u00fcrlichen Ablauf der Zeit \u2013 doch nun scheint etwas sie aus dem Gleichgewicht zu bringen.<\/p>\n<p data-start=\"488\" data-end=\"792\">Gemeinsam mit <strong data-start=\"502\" data-end=\"511\">Laura<\/strong>, <strong data-start=\"513\" data-end=\"533\">Professor Futura<\/strong> und <strong data-start=\"538\" data-end=\"557\">General Forbett<\/strong> begibt sich Jan auf eine Mission, die weiter f\u00fchrt als jeder Einsatz zuvor.<br data-start=\"633\" data-end=\"636\" \/>Was geschieht, wenn die Zeit selbst rebelliert?<br data-start=\"683\" data-end=\"686\" \/>Wer manipuliert die Zeitebenen \u2013 und warum?<br data-start=\"729\" data-end=\"732\" \/>Und kann das Team den Zusammenbruch der Realit\u00e4t verhindern?<\/p>\n<p data-start=\"794\" data-end=\"913\">Eine epische, spannungsgeladene Folge voller \u00fcberraschender Wendungen, Sci-Fi-Mystik und klassischer Jan-Tenner-Action.<\/p>\n<hr data-start=\"915\" data-end=\"918\" \/>\n<p data-start=\"920\" data-end=\"951\">\ud83d\udd0a <strong data-start=\"923\" data-end=\"949\">Format: H\u00f6rspiel (MP3)<\/strong><\/p>\n<p data-start=\"953\" data-end=\"1116\">\u2b07\ufe0f Sofortiger Download f\u00fcr <strong data-start=\"980\" data-end=\"989\">Handy<\/strong><br data-start=\"989\" data-end=\"992\" \/>\u2b07\ufe0f Sofortiger Download f\u00fcr <strong data-start=\"1019\" data-end=\"1025\">PC<\/strong><br data-start=\"1025\" data-end=\"1028\" \/>\u2b07\ufe0f Sofortiger Download f\u00fcrs <strong data-start=\"1056\" data-end=\"1066\">Tablet<\/strong><br data-start=\"1066\" data-end=\"1069\" \/>\u2b07\ufe0f Kompatibel mit <strong data-start=\"1087\" data-end=\"1116\">allen MP3-f\u00e4higen Ger\u00e4ten<\/strong><\/p>\n<p data-start=\"1118\" data-end=\"1154\" data-is-last-node=\"\" data-is-only-node=\"\"><strong data-start=\"1118\" data-end=\"1154\" data-is-last-node=\"\">Einmal gekauft \u2013 f\u00fcr immer dein!<\/strong><\/p>\n<\/div>\n<\/div>\n<\/div>\n<\/div>\n<\/div>\n<\/div>\n","protected":false},"excerpt":{"rendered":"<p>\ud83c\udfa7 H\u00f6rspiel \u2013 Jan Tenner \u2013 Der neue Superheld \u2013 Folge 10: W\u00e4chter der Zeiten Ein Riss in der Zeit \u2013 und eine Bedrohung, die Vergangenheit, Gegenwart und Zukunft gleichzeitig gef\u00e4hrdet.Als r\u00e4tselhafte Zeitph\u00e4nomene auftreten und Menschen spurlos verschwinden, st\u00f6\u00dft Jan Tenner auf Hinweise zu einer uralten Macht: den W\u00e4chtern der Zeiten. Diese geheimnisvollen Wesen wachen [&hellip;]<\/p>\n","protected":false},"featured_media":2233,"comment_status":"open","ping_status":"closed","template":"","meta":[],"product_brand":[],"product_cat":[48],"product_tag":[],"class_list":{"0":"post-2228","1":"product","2":"type-product","3":"status-publish","4":"has-post-thumbnail","6":"product_cat-grusel-geschichten","8":"first","9":"instock","10":"sale","11":"virtual","12":"purchasable","13":"product-type-simple"},"jetpack_sharing_enabled":true,"_links":{"self":[{"href":"https:\/\/audiobook-24.com\/en\/wp-json\/wp\/v2\/product\/2228","targetHints":{"allow":["GET"]}}],"collection":[{"href":"https:\/\/audiobook-24.com\/en\/wp-json\/wp\/v2\/product"}],"about":[{"href":"https:\/\/audiobook-24.com\/en\/wp-json\/wp\/v2\/types\/product"}],"replies":[{"embeddable":true,"href":"https:\/\/audiobook-24.com\/en\/wp-json\/wp\/v2\/comments?post=2228"}],"wp:featuredmedia":[{"embeddable":true,"href":"https:\/\/audiobook-24.com\/en\/wp-json\/wp\/v2\/media\/2233"}],"wp:attachment":[{"href":"https:\/\/audiobook-24.com\/en\/wp-json\/wp\/v2\/media?parent=2228"}],"wp:term":[{"taxonomy":"product_brand","embeddable":true,"href":"https:\/\/audiobook-24.com\/en\/wp-json\/wp\/v2\/product_brand?post=2228"},{"taxonomy":"product_cat","embeddable":true,"href":"https:\/\/audiobook-24.com\/en\/wp-json\/wp\/v2\/product_cat?post=2228"},{"taxonomy":"product_tag","embeddable":true,"href":"https:\/\/audiobook-24.com\/en\/wp-json\/wp\/v2\/product_tag?post=2228"}],"curies":[{"name":"wp","href":"https:\/\/api.w.org\/{rel}","templated":true}]}}