{"id":2227,"date":"2025-12-09T20:16:29","date_gmt":"2025-12-09T20:16:29","guid":{"rendered":"https:\/\/audiobook-24.com\/?post_type=product&#038;p=2227"},"modified":"2025-12-09T20:16:29","modified_gmt":"2025-12-09T20:16:29","slug":"%f0%9f%8e%a7-hoerspiel-jan-tenner-der-neue-superheld-folge-9-kinder-des-nichts","status":"publish","type":"product","link":"https:\/\/audiobook-24.com\/en\/product\/%f0%9f%8e%a7-hoerspiel-jan-tenner-der-neue-superheld-folge-9-kinder-des-nichts\/","title":{"rendered":"\ud83c\udfa7 H\u00f6rspiel \u2013 Jan Tenner \u2013 Der neue Superheld \u2013 Folge 9: Kinder des Nichts"},"content":{"rendered":"<p data-start=\"0\" data-end=\"80\">\ud83c\udfa7 <strong data-start=\"3\" data-end=\"78\">H\u00f6rspiel \u2013 Jan Tenner \u2013 Der neue Superheld \u2013 Folge 9: Kinder des Nichts<\/strong><\/p>\n<p data-start=\"82\" data-end=\"471\">Eine unsichtbare Bedrohung breitet sich aus \u2013 lautlos, gnadenlos und unerkl\u00e4rlich.<br data-start=\"164\" data-end=\"167\" \/>Als in Westland pl\u00f6tzlich Menschen verschwinden und nur merkw\u00fcrdige Energieverzerrungen zur\u00fcckbleiben, entdeckt Jan Tenner eine ersch\u00fctternde Wahrheit: Eine unbekannte Macht erschafft die sogenannten <strong data-start=\"367\" data-end=\"388\">Kinder des Nichts<\/strong> \u2013 Wesen, die aus purer Leere bestehen und jede physische Form durchdringen k\u00f6nnen.<\/p>\n<p data-start=\"473\" data-end=\"719\">Jan, <strong data-start=\"478\" data-end=\"487\">Laura<\/strong>, <strong data-start=\"489\" data-end=\"509\">Professor Futura<\/strong> und <strong data-start=\"514\" data-end=\"533\">General Forbett<\/strong> stehen vor einem Feind, der nicht fassbar scheint.<br data-start=\"584\" data-end=\"587\" \/>Wer kontrolliert diese Kreaturen?<br data-start=\"620\" data-end=\"623\" \/>Warum greifen sie Westland an?<br data-start=\"653\" data-end=\"656\" \/>Und wie bek\u00e4mpft man etwas, das eigentlich gar nicht existiert?<\/p>\n<p data-start=\"721\" data-end=\"990\">Die Spur f\u00fchrt in eine fremde Dimension, in der andere Gesetze gelten \u2013 und in der ein einziger Fehler das Ende bedeuten kann. Eine unheimliche, atmosph\u00e4rische und extrem spannende Folge, die zeigt, wie d\u00fcnn die Grenze zwischen unserer Welt und dem Nichts wirklich ist.<\/p>\n<hr data-start=\"992\" data-end=\"995\" \/>\n<p data-start=\"997\" data-end=\"1028\">\ud83d\udd0a <strong data-start=\"1000\" data-end=\"1026\">Format: H\u00f6rspiel (MP3)<\/strong><\/p>\n<p data-start=\"1030\" data-end=\"1193\">\u2b07\ufe0f Sofortiger Download f\u00fcr <strong data-start=\"1057\" data-end=\"1066\">Handy<\/strong><br data-start=\"1066\" data-end=\"1069\" \/>\u2b07\ufe0f Sofortiger Download f\u00fcr <strong data-start=\"1096\" data-end=\"1102\">PC<\/strong><br data-start=\"1102\" data-end=\"1105\" \/>\u2b07\ufe0f Sofortiger Download f\u00fcrs <strong data-start=\"1133\" data-end=\"1143\">Tablet<\/strong><br data-start=\"1143\" data-end=\"1146\" \/>\u2b07\ufe0f Kompatibel mit <strong data-start=\"1164\" data-end=\"1193\">allen MP3-f\u00e4higen Ger\u00e4ten<\/strong><\/p>\n<p data-start=\"1195\" data-end=\"1231\" data-is-last-node=\"\" data-is-only-node=\"\"><strong data-start=\"1195\" data-end=\"1231\" data-is-last-node=\"\">Einmal gekauft \u2013 f\u00fcr immer dein!<\/strong><\/p>","protected":false},"excerpt":{"rendered":"<p>\ud83c\udfa7 H\u00f6rspiel \u2013 Jan Tenner \u2013 Der neue Superheld \u2013 Folge 9: Kinder des Nichts Eine unsichtbare Bedrohung breitet sich aus \u2013 lautlos, gnadenlos und unerkl\u00e4rlich.Als in Westland pl\u00f6tzlich Menschen verschwinden und nur merkw\u00fcrdige Energieverzerrungen zur\u00fcckbleiben, entdeckt Jan Tenner eine ersch\u00fctternde Wahrheit: Eine unbekannte Macht erschafft die sogenannten Kinder des Nichts \u2013 Wesen, die aus [&hellip;]<\/p>\n","protected":false},"featured_media":2234,"comment_status":"open","ping_status":"closed","template":"","meta":[],"product_brand":[],"product_cat":[33],"product_tag":[],"class_list":{"0":"post-2227","1":"product","2":"type-product","3":"status-publish","4":"has-post-thumbnail","6":"product_cat-hoerspiel-comics","8":"first","9":"instock","10":"sale","11":"virtual","12":"purchasable","13":"product-type-simple"},"jetpack_sharing_enabled":true,"_links":{"self":[{"href":"https:\/\/audiobook-24.com\/en\/wp-json\/wp\/v2\/product\/2227","targetHints":{"allow":["GET"]}}],"collection":[{"href":"https:\/\/audiobook-24.com\/en\/wp-json\/wp\/v2\/product"}],"about":[{"href":"https:\/\/audiobook-24.com\/en\/wp-json\/wp\/v2\/types\/product"}],"replies":[{"embeddable":true,"href":"https:\/\/audiobook-24.com\/en\/wp-json\/wp\/v2\/comments?post=2227"}],"wp:featuredmedia":[{"embeddable":true,"href":"https:\/\/audiobook-24.com\/en\/wp-json\/wp\/v2\/media\/2234"}],"wp:attachment":[{"href":"https:\/\/audiobook-24.com\/en\/wp-json\/wp\/v2\/media?parent=2227"}],"wp:term":[{"taxonomy":"product_brand","embeddable":true,"href":"https:\/\/audiobook-24.com\/en\/wp-json\/wp\/v2\/product_brand?post=2227"},{"taxonomy":"product_cat","embeddable":true,"href":"https:\/\/audiobook-24.com\/en\/wp-json\/wp\/v2\/product_cat?post=2227"},{"taxonomy":"product_tag","embeddable":true,"href":"https:\/\/audiobook-24.com\/en\/wp-json\/wp\/v2\/product_tag?post=2227"}],"curies":[{"name":"wp","href":"https:\/\/api.w.org\/{rel}","templated":true}]}}