{"id":2226,"date":"2025-12-09T20:18:50","date_gmt":"2025-12-09T20:18:50","guid":{"rendered":"https:\/\/audiobook-24.com\/?post_type=product&#038;p=2226"},"modified":"2025-12-09T20:19:22","modified_gmt":"2025-12-09T20:19:22","slug":"%f0%9f%8e%a7-hoerspiel-jan-tenner-der-neue-superheld-folge-8-ruf-der-sterne","status":"publish","type":"product","link":"https:\/\/audiobook-24.com\/en\/product\/%f0%9f%8e%a7-hoerspiel-jan-tenner-der-neue-superheld-folge-8-ruf-der-sterne\/","title":{"rendered":"\ud83c\udfa7 H\u00f6rspiel \u2013 Jan Tenner \u2013 Der neue Superheld \u2013 Folge 8: Ruf der Sterne"},"content":{"rendered":"<p data-start=\"0\" data-end=\"77\">\ud83c\udfa7 <strong data-start=\"3\" data-end=\"75\">H\u00f6rspiel \u2013 Jan Tenner \u2013 Der neue Superheld \u2013 Folge 8: Ruf der Sterne<\/strong><\/p>\n<p data-start=\"79\" data-end=\"416\">Ein kosmisches Signal ersch\u00fcttert die Sicherheit der Erde \u2013 ein Ruf aus den Tiefen des Alls, der nicht ignoriert werden kann.<br data-start=\"204\" data-end=\"207\" \/>Als Professor Futura ein fremdartiges Sternensignal entschl\u00fcsselt, wird klar: Es handelt sich nicht um zuf\u00e4llige Ger\u00e4usche, sondern um eine Botschaft. Und diese Botschaft richtet sich <strong data-start=\"391\" data-end=\"415\">direkt an Jan Tenner<\/strong>.<\/p>\n<p data-start=\"418\" data-end=\"674\">Gemeinsam mit <strong data-start=\"432\" data-end=\"441\">Laura<\/strong>, <strong data-start=\"443\" data-end=\"462\">General Forbett<\/strong> und dem gesamten Team beginnt Jan eine Reise, die weit \u00fcber die Grenzen Westlands hinausgeht.<br data-start=\"556\" data-end=\"559\" \/>Wer sendet den Ruf?<br data-start=\"578\" data-end=\"581\" \/>Welche Gefahr verbirgt sich dahinter?<br data-start=\"618\" data-end=\"621\" \/>Und warum spielt Jan selbst eine entscheidende Rolle?<\/p>\n<p data-start=\"676\" data-end=\"906\">Der Ruf der Sterne f\u00fchrt zu neuen Verb\u00fcndeten, alten Feinden und einer Wahrheit, die das Gleichgewicht des Universums beeinflussen k\u00f6nnte. Eine spannende, atmosph\u00e4rische und futuristische Folge voller klassischer Jan-Tenner-Magie!<\/p>\n<hr data-start=\"908\" data-end=\"911\" \/>\n<p data-start=\"913\" data-end=\"944\">\ud83d\udd0a <strong data-start=\"916\" data-end=\"942\">Format: H\u00f6rspiel (MP3)<\/strong><\/p>\n<p data-start=\"946\" data-end=\"1109\">\u2b07\ufe0f Sofortiger Download f\u00fcr <strong data-start=\"973\" data-end=\"982\">Handy<\/strong><br data-start=\"982\" data-end=\"985\" \/>\u2b07\ufe0f Sofortiger Download f\u00fcr <strong data-start=\"1012\" data-end=\"1018\">PC<\/strong><br data-start=\"1018\" data-end=\"1021\" \/>\u2b07\ufe0f Sofortiger Download f\u00fcrs <strong data-start=\"1049\" data-end=\"1059\">Tablet<\/strong><br data-start=\"1059\" data-end=\"1062\" \/>\u2b07\ufe0f Kompatibel mit <strong data-start=\"1080\" data-end=\"1109\">allen MP3-f\u00e4higen Ger\u00e4ten<\/strong><\/p>\n<p data-start=\"1111\" data-end=\"1147\" data-is-last-node=\"\" data-is-only-node=\"\"><strong data-start=\"1111\" data-end=\"1147\" data-is-last-node=\"\">Einmal gekauft \u2013 f\u00fcr immer dein!<\/strong><\/p>","protected":false},"excerpt":{"rendered":"<p>\ud83c\udfa7 H\u00f6rspiel \u2013 Jan Tenner \u2013 Der neue Superheld \u2013 Folge 8: Ruf der Sterne Ein kosmisches Signal ersch\u00fcttert die Sicherheit der Erde \u2013 ein Ruf aus den Tiefen des Alls, der nicht ignoriert werden kann.Als Professor Futura ein fremdartiges Sternensignal entschl\u00fcsselt, wird klar: Es handelt sich nicht um zuf\u00e4llige Ger\u00e4usche, sondern um eine Botschaft. [&hellip;]<\/p>\n","protected":false},"featured_media":2235,"comment_status":"open","ping_status":"closed","template":"","meta":[],"product_brand":[],"product_cat":[33],"product_tag":[],"class_list":{"0":"post-2226","1":"product","2":"type-product","3":"status-publish","4":"has-post-thumbnail","6":"product_cat-hoerspiel-comics","8":"first","9":"instock","10":"sale","11":"virtual","12":"purchasable","13":"product-type-simple"},"jetpack_sharing_enabled":true,"_links":{"self":[{"href":"https:\/\/audiobook-24.com\/en\/wp-json\/wp\/v2\/product\/2226","targetHints":{"allow":["GET"]}}],"collection":[{"href":"https:\/\/audiobook-24.com\/en\/wp-json\/wp\/v2\/product"}],"about":[{"href":"https:\/\/audiobook-24.com\/en\/wp-json\/wp\/v2\/types\/product"}],"replies":[{"embeddable":true,"href":"https:\/\/audiobook-24.com\/en\/wp-json\/wp\/v2\/comments?post=2226"}],"wp:featuredmedia":[{"embeddable":true,"href":"https:\/\/audiobook-24.com\/en\/wp-json\/wp\/v2\/media\/2235"}],"wp:attachment":[{"href":"https:\/\/audiobook-24.com\/en\/wp-json\/wp\/v2\/media?parent=2226"}],"wp:term":[{"taxonomy":"product_brand","embeddable":true,"href":"https:\/\/audiobook-24.com\/en\/wp-json\/wp\/v2\/product_brand?post=2226"},{"taxonomy":"product_cat","embeddable":true,"href":"https:\/\/audiobook-24.com\/en\/wp-json\/wp\/v2\/product_cat?post=2226"},{"taxonomy":"product_tag","embeddable":true,"href":"https:\/\/audiobook-24.com\/en\/wp-json\/wp\/v2\/product_tag?post=2226"}],"curies":[{"name":"wp","href":"https:\/\/api.w.org\/{rel}","templated":true}]}}