{"id":2225,"date":"2025-12-09T20:22:28","date_gmt":"2025-12-09T20:22:28","guid":{"rendered":"https:\/\/audiobook-24.com\/?post_type=product&#038;p=2225"},"modified":"2025-12-09T20:22:29","modified_gmt":"2025-12-09T20:22:29","slug":"%f0%9f%8e%a7-hoerspiel-jan-tenner-der-neue-superheld-folge-7-schatten-ueber-westland","status":"publish","type":"product","link":"https:\/\/audiobook-24.com\/en\/product\/%f0%9f%8e%a7-hoerspiel-jan-tenner-der-neue-superheld-folge-7-schatten-ueber-westland\/","title":{"rendered":"\ud83c\udfa7 H\u00f6rspiel \u2013 Jan Tenner \u2013 Der neue Superheld \u2013 Folge 7: Schatten \u00fcber Westland"},"content":{"rendered":"<p data-start=\"0\" data-end=\"85\">\ud83c\udfa7 <strong data-start=\"3\" data-end=\"83\">H\u00f6rspiel \u2013 Jan Tenner \u2013 Der neue Superheld \u2013 Folge 7: Schatten \u00fcber Westland<\/strong><\/p>\n<p data-start=\"87\" data-end=\"374\">Dunkle M\u00e4chte breiten sich \u00fcber Westland aus \u2013 lautlos, unheimlich und unaufhaltsam.<br data-start=\"171\" data-end=\"174\" \/>Als seltsame Ereignisse die Stadt ersch\u00fcttern, tauchen r\u00e4tselhafte Schattenwesen auf, die jede Form von Energie zu verschlingen scheinen. Niemand wei\u00df, woher sie kommen \u2013 oder was sie wirklich wollen.<\/p>\n<p data-start=\"376\" data-end=\"738\">Jan Tenner, <strong data-start=\"388\" data-end=\"397\">Laura<\/strong>, <strong data-start=\"399\" data-end=\"419\">Professor Futura<\/strong> und <strong data-start=\"424\" data-end=\"443\">General Forbett<\/strong> nehmen die Ermittlungen auf. Doch je n\u00e4her sie der Wahrheit kommen, desto bedrohlicher scheint die Lage:<br data-start=\"548\" data-end=\"551\" \/>Wer kontrolliert die Schatten?<br data-start=\"581\" data-end=\"584\" \/>Warum konzentrieren sie ihre Angriffe auf Westland?<br data-start=\"635\" data-end=\"638\" \/>Und kann man Kreaturen bek\u00e4mpfen, die im Dunkeln verschwinden, bevor man sie \u00fcberhaupt greifen kann?<\/p>\n<p data-start=\"740\" data-end=\"936\">Ein atmosph\u00e4risch dichter, spannender und mysteri\u00f6ser Fall, der zeigt, dass nicht jeder Feind aus Fleisch und Blut besteht \u2013 und dass selbst Westlands gr\u00f6\u00dfte Helden an ihre Grenzen geraten k\u00f6nnen.<\/p>\n<hr data-start=\"938\" data-end=\"941\" \/>\n<p data-start=\"943\" data-end=\"974\">\ud83d\udd0a <strong data-start=\"946\" data-end=\"972\">Format: H\u00f6rspiel (MP3)<\/strong><\/p>\n<p data-start=\"976\" data-end=\"1139\">\u2b07\ufe0f Sofortiger Download f\u00fcr <strong data-start=\"1003\" data-end=\"1012\">Handy<\/strong><br data-start=\"1012\" data-end=\"1015\" \/>\u2b07\ufe0f Sofortiger Download f\u00fcr <strong data-start=\"1042\" data-end=\"1048\">PC<\/strong><br data-start=\"1048\" data-end=\"1051\" \/>\u2b07\ufe0f Sofortiger Download f\u00fcrs <strong data-start=\"1079\" data-end=\"1089\">Tablet<\/strong><br data-start=\"1089\" data-end=\"1092\" \/>\u2b07\ufe0f Kompatibel mit <strong data-start=\"1110\" data-end=\"1139\">allen MP3-f\u00e4higen Ger\u00e4ten<\/strong><\/p>\n<p data-start=\"1141\" data-end=\"1177\" data-is-last-node=\"\" data-is-only-node=\"\"><strong data-start=\"1141\" data-end=\"1177\" data-is-last-node=\"\">Einmal gekauft \u2013 f\u00fcr immer dein!<\/strong><\/p>","protected":false},"excerpt":{"rendered":"<p>\ud83c\udfa7 H\u00f6rspiel \u2013 Jan Tenner \u2013 Der neue Superheld \u2013 Folge 7: Schatten \u00fcber Westland Dunkle M\u00e4chte breiten sich \u00fcber Westland aus \u2013 lautlos, unheimlich und unaufhaltsam.Als seltsame Ereignisse die Stadt ersch\u00fcttern, tauchen r\u00e4tselhafte Schattenwesen auf, die jede Form von Energie zu verschlingen scheinen. Niemand wei\u00df, woher sie kommen \u2013 oder was sie wirklich wollen. [&hellip;]<\/p>\n","protected":false},"featured_media":2236,"comment_status":"open","ping_status":"closed","template":"","meta":[],"product_brand":[],"product_cat":[33],"product_tag":[],"class_list":{"0":"post-2225","1":"product","2":"type-product","3":"status-publish","4":"has-post-thumbnail","6":"product_cat-hoerspiel-comics","8":"first","9":"instock","10":"sale","11":"virtual","12":"purchasable","13":"product-type-simple"},"jetpack_sharing_enabled":true,"_links":{"self":[{"href":"https:\/\/audiobook-24.com\/en\/wp-json\/wp\/v2\/product\/2225","targetHints":{"allow":["GET"]}}],"collection":[{"href":"https:\/\/audiobook-24.com\/en\/wp-json\/wp\/v2\/product"}],"about":[{"href":"https:\/\/audiobook-24.com\/en\/wp-json\/wp\/v2\/types\/product"}],"replies":[{"embeddable":true,"href":"https:\/\/audiobook-24.com\/en\/wp-json\/wp\/v2\/comments?post=2225"}],"wp:featuredmedia":[{"embeddable":true,"href":"https:\/\/audiobook-24.com\/en\/wp-json\/wp\/v2\/media\/2236"}],"wp:attachment":[{"href":"https:\/\/audiobook-24.com\/en\/wp-json\/wp\/v2\/media?parent=2225"}],"wp:term":[{"taxonomy":"product_brand","embeddable":true,"href":"https:\/\/audiobook-24.com\/en\/wp-json\/wp\/v2\/product_brand?post=2225"},{"taxonomy":"product_cat","embeddable":true,"href":"https:\/\/audiobook-24.com\/en\/wp-json\/wp\/v2\/product_cat?post=2225"},{"taxonomy":"product_tag","embeddable":true,"href":"https:\/\/audiobook-24.com\/en\/wp-json\/wp\/v2\/product_tag?post=2225"}],"curies":[{"name":"wp","href":"https:\/\/api.w.org\/{rel}","templated":true}]}}