{"id":2223,"date":"2025-12-09T20:32:17","date_gmt":"2025-12-09T20:32:17","guid":{"rendered":"https:\/\/audiobook-24.com\/?post_type=product&#038;p=2223"},"modified":"2025-12-09T20:32:18","modified_gmt":"2025-12-09T20:32:18","slug":"%f0%9f%8e%a7-hoerspiel-jan-tenner-der-neue-superheld-folge-5-angriff-des-rattenkoenigs","status":"publish","type":"product","link":"https:\/\/audiobook-24.com\/en\/product\/%f0%9f%8e%a7-hoerspiel-jan-tenner-der-neue-superheld-folge-5-angriff-des-rattenkoenigs\/","title":{"rendered":"\ud83c\udfa7 H\u00f6rspiel \u2013 Jan Tenner \u2013 Der neue Superheld \u2013 Folge 5: Angriff des Rattenk\u00f6nigs"},"content":{"rendered":"<p data-start=\"0\" data-end=\"87\">\ud83c\udfa7 <strong data-start=\"3\" data-end=\"85\">H\u00f6rspiel \u2013 Jan Tenner \u2013 Der neue Superheld \u2013 Folge 5: Angriff des Rattenk\u00f6nigs<\/strong><\/p>\n<p data-start=\"89\" data-end=\"505\">Ein uralter Schrecken erhebt sich aus den Schatten Westlands \u2013 und seine Armee ist m\u00e4chtiger, als irgendjemand ahnt.<br data-start=\"205\" data-end=\"208\" \/>Als pl\u00f6tzlich \u00fcberall in der Stadt Angriffe durch hochintelligente, koordinierte Rattenhorden stattfinden, st\u00f6\u00dft Jan Tenner auf eine ersch\u00fctternde Wahrheit: Ein Wesen, das sich selbst den <strong data-start=\"396\" data-end=\"411\">Rattenk\u00f6nig<\/strong> nennt, hat die Kontrolle \u00fcber ein gewaltiges Netzwerk genetisch ver\u00e4nderter Tiere \u00fcbernommen.<\/p>\n<p data-start=\"507\" data-end=\"763\">Jan, <strong data-start=\"512\" data-end=\"521\">Laura<\/strong>, <strong data-start=\"523\" data-end=\"543\">Professor Futura<\/strong> und <strong data-start=\"548\" data-end=\"567\">General Forbett<\/strong> m\u00fcssen schnell handeln, denn die Ratten breiten sich in rasanter Geschwindigkeit aus. Ganze Stadtteile geraten au\u00dfer Kontrolle, Lebensmittelreserven werden vernichtet, und Panik macht sich breit.<\/p>\n<p data-start=\"765\" data-end=\"881\">Doch was will der Rattenk\u00f6nig wirklich?<br data-start=\"804\" data-end=\"807\" \/>Und wie stoppt man einen Gegner, der \u00fcberall gleichzeitig zuschlagen kann?<\/p>\n<p data-start=\"883\" data-end=\"988\">Ein spannungsgeladenes, d\u00fcsteres und actionreiches Abenteuer \u2013 ein Klassiker der fr\u00fchen neuen Tenner-\u00c4ra.<\/p>\n<hr data-start=\"990\" data-end=\"993\" \/>\n<p data-start=\"995\" data-end=\"1026\">\ud83d\udd0a <strong data-start=\"998\" data-end=\"1024\">Format: H\u00f6rspiel (MP3)<\/strong><\/p>\n<p data-start=\"1028\" data-end=\"1191\">\u2b07\ufe0f Sofortiger Download f\u00fcr <strong data-start=\"1055\" data-end=\"1064\">Handy<\/strong><br data-start=\"1064\" data-end=\"1067\" \/>\u2b07\ufe0f Sofortiger Download f\u00fcr <strong data-start=\"1094\" data-end=\"1100\">PC<\/strong><br data-start=\"1100\" data-end=\"1103\" \/>\u2b07\ufe0f Sofortiger Download f\u00fcrs <strong data-start=\"1131\" data-end=\"1141\">Tablet<\/strong><br data-start=\"1141\" data-end=\"1144\" \/>\u2b07\ufe0f Kompatibel mit <strong data-start=\"1162\" data-end=\"1191\">allen MP3-f\u00e4higen Ger\u00e4ten<\/strong><\/p>\n<p data-start=\"1193\" data-end=\"1229\" data-is-last-node=\"\" data-is-only-node=\"\"><strong data-start=\"1193\" data-end=\"1229\" data-is-last-node=\"\">Einmal gekauft \u2013 f\u00fcr immer dein!<\/strong><\/p>","protected":false},"excerpt":{"rendered":"<p>\ud83c\udfa7 H\u00f6rspiel \u2013 Jan Tenner \u2013 Der neue Superheld \u2013 Folge 5: Angriff des Rattenk\u00f6nigs Ein uralter Schrecken erhebt sich aus den Schatten Westlands \u2013 und seine Armee ist m\u00e4chtiger, als irgendjemand ahnt.Als pl\u00f6tzlich \u00fcberall in der Stadt Angriffe durch hochintelligente, koordinierte Rattenhorden stattfinden, st\u00f6\u00dft Jan Tenner auf eine ersch\u00fctternde Wahrheit: Ein Wesen, das sich [&hellip;]<\/p>\n","protected":false},"featured_media":2238,"comment_status":"open","ping_status":"closed","template":"","meta":[],"product_brand":[],"product_cat":[33],"product_tag":[],"class_list":{"0":"post-2223","1":"product","2":"type-product","3":"status-publish","4":"has-post-thumbnail","6":"product_cat-hoerspiel-comics","8":"first","9":"instock","10":"sale","11":"virtual","12":"purchasable","13":"product-type-simple"},"jetpack_sharing_enabled":true,"_links":{"self":[{"href":"https:\/\/audiobook-24.com\/en\/wp-json\/wp\/v2\/product\/2223","targetHints":{"allow":["GET"]}}],"collection":[{"href":"https:\/\/audiobook-24.com\/en\/wp-json\/wp\/v2\/product"}],"about":[{"href":"https:\/\/audiobook-24.com\/en\/wp-json\/wp\/v2\/types\/product"}],"replies":[{"embeddable":true,"href":"https:\/\/audiobook-24.com\/en\/wp-json\/wp\/v2\/comments?post=2223"}],"wp:featuredmedia":[{"embeddable":true,"href":"https:\/\/audiobook-24.com\/en\/wp-json\/wp\/v2\/media\/2238"}],"wp:attachment":[{"href":"https:\/\/audiobook-24.com\/en\/wp-json\/wp\/v2\/media?parent=2223"}],"wp:term":[{"taxonomy":"product_brand","embeddable":true,"href":"https:\/\/audiobook-24.com\/en\/wp-json\/wp\/v2\/product_brand?post=2223"},{"taxonomy":"product_cat","embeddable":true,"href":"https:\/\/audiobook-24.com\/en\/wp-json\/wp\/v2\/product_cat?post=2223"},{"taxonomy":"product_tag","embeddable":true,"href":"https:\/\/audiobook-24.com\/en\/wp-json\/wp\/v2\/product_tag?post=2223"}],"curies":[{"name":"wp","href":"https:\/\/api.w.org\/{rel}","templated":true}]}}