{"id":2221,"date":"2025-12-09T20:38:13","date_gmt":"2025-12-09T20:38:13","guid":{"rendered":"https:\/\/audiobook-24.com\/?post_type=product&#038;p=2221"},"modified":"2025-12-09T20:38:51","modified_gmt":"2025-12-09T20:38:51","slug":"%f0%9f%8e%a7-hoerspiel-jan-tenner-der-neue-superheld-folge-3-das-hirn-des-boesen","status":"publish","type":"product","link":"https:\/\/audiobook-24.com\/en\/product\/%f0%9f%8e%a7-hoerspiel-jan-tenner-der-neue-superheld-folge-3-das-hirn-des-boesen\/","title":{"rendered":"\ud83c\udfa7 H\u00f6rspiel \u2013 Jan Tenner \u2013 Der neue Superheld \u2013 Folge 3: Das Hirn des B\u00f6sen"},"content":{"rendered":"<p data-start=\"0\" data-end=\"81\">\ud83c\udfa7 <strong data-start=\"3\" data-end=\"79\">H\u00f6rspiel \u2013 Jan Tenner \u2013 Der neue Superheld \u2013 Folge 3: Das Hirn des B\u00f6sen<\/strong><\/p>\n<p data-start=\"83\" data-end=\"443\">Ein diabolischer Plan nimmt Gestalt an \u2013 und sein Ursprung ist erschreckend lebendig.<br data-start=\"168\" data-end=\"171\" \/>Als in Westland seltsame \u00dcberf\u00e4lle stattfinden, bei denen die T\u00e4ter wie ferngesteuert wirken, st\u00f6\u00dft Jan Tenner auf ein Geheimnis: Ein <strong data-start=\"305\" data-end=\"328\">abgetrenntes Gehirn<\/strong>, das k\u00fcnstlich am Leben erhalten wird, kontrolliert diese Angriffe \u2013 und es verfolgt einen teuflischen Masterplan.<\/p>\n<p data-start=\"445\" data-end=\"715\">Jan, <strong data-start=\"450\" data-end=\"459\">Laura<\/strong>, <strong data-start=\"461\" data-end=\"481\">Professor Futura<\/strong> und <strong data-start=\"486\" data-end=\"505\">General Forbett<\/strong> m\u00fcssen die Spur dieses monstr\u00f6sen Experiments aufnehmen.<br data-start=\"562\" data-end=\"565\" \/>Wer hat das \u201eHirn des B\u00f6sen\u201c erschaffen?<br data-start=\"605\" data-end=\"608\" \/>Welche Ziele verfolgt es?<br data-start=\"633\" data-end=\"636\" \/>Und wie stoppt man ein Wesen, das keine k\u00f6rperliche Schwachstelle mehr besitzt?<\/p>\n<p data-start=\"717\" data-end=\"885\">Ein nervenaufreibendes, d\u00fcsteres Abenteuer, das zeigt, wie weit einige gehen, um Macht zu erlangen \u2013 und wie gef\u00e4hrlich Wissenschaft in den falschen H\u00e4nden werden kann.<\/p>\n<hr data-start=\"887\" data-end=\"890\" \/>\n<p data-start=\"892\" data-end=\"923\">\ud83d\udd0a <strong data-start=\"895\" data-end=\"921\">Format: H\u00f6rspiel (MP3)<\/strong><\/p>\n<p data-start=\"925\" data-end=\"1088\">\u2b07\ufe0f Sofortiger Download f\u00fcr <strong data-start=\"952\" data-end=\"961\">Handy<\/strong><br data-start=\"961\" data-end=\"964\" \/>\u2b07\ufe0f Sofortiger Download f\u00fcr <strong data-start=\"991\" data-end=\"997\">PC<\/strong><br data-start=\"997\" data-end=\"1000\" \/>\u2b07\ufe0f Sofortiger Download f\u00fcrs <strong data-start=\"1028\" data-end=\"1038\">Tablet<\/strong><br data-start=\"1038\" data-end=\"1041\" \/>\u2b07\ufe0f Kompatibel mit <strong data-start=\"1059\" data-end=\"1088\">allen MP3-f\u00e4higen Ger\u00e4ten<\/strong><\/p>\n<p data-start=\"1090\" data-end=\"1126\" data-is-last-node=\"\" data-is-only-node=\"\"><strong data-start=\"1090\" data-end=\"1126\" data-is-last-node=\"\">Einmal gekauft \u2013 f\u00fcr immer dein!<\/strong><\/p>","protected":false},"excerpt":{"rendered":"<p>\ud83c\udfa7 H\u00f6rspiel \u2013 Jan Tenner \u2013 Der neue Superheld \u2013 Folge 3: Das Hirn des B\u00f6sen Ein diabolischer Plan nimmt Gestalt an \u2013 und sein Ursprung ist erschreckend lebendig.Als in Westland seltsame \u00dcberf\u00e4lle stattfinden, bei denen die T\u00e4ter wie ferngesteuert wirken, st\u00f6\u00dft Jan Tenner auf ein Geheimnis: Ein abgetrenntes Gehirn, das k\u00fcnstlich am Leben erhalten [&hellip;]<\/p>\n","protected":false},"featured_media":2240,"comment_status":"open","ping_status":"closed","template":"","meta":[],"product_brand":[],"product_cat":[33],"product_tag":[],"class_list":{"0":"post-2221","1":"product","2":"type-product","3":"status-publish","4":"has-post-thumbnail","6":"product_cat-hoerspiel-comics","8":"first","9":"instock","10":"sale","11":"virtual","12":"purchasable","13":"product-type-simple"},"jetpack_sharing_enabled":true,"_links":{"self":[{"href":"https:\/\/audiobook-24.com\/en\/wp-json\/wp\/v2\/product\/2221","targetHints":{"allow":["GET"]}}],"collection":[{"href":"https:\/\/audiobook-24.com\/en\/wp-json\/wp\/v2\/product"}],"about":[{"href":"https:\/\/audiobook-24.com\/en\/wp-json\/wp\/v2\/types\/product"}],"replies":[{"embeddable":true,"href":"https:\/\/audiobook-24.com\/en\/wp-json\/wp\/v2\/comments?post=2221"}],"wp:featuredmedia":[{"embeddable":true,"href":"https:\/\/audiobook-24.com\/en\/wp-json\/wp\/v2\/media\/2240"}],"wp:attachment":[{"href":"https:\/\/audiobook-24.com\/en\/wp-json\/wp\/v2\/media?parent=2221"}],"wp:term":[{"taxonomy":"product_brand","embeddable":true,"href":"https:\/\/audiobook-24.com\/en\/wp-json\/wp\/v2\/product_brand?post=2221"},{"taxonomy":"product_cat","embeddable":true,"href":"https:\/\/audiobook-24.com\/en\/wp-json\/wp\/v2\/product_cat?post=2221"},{"taxonomy":"product_tag","embeddable":true,"href":"https:\/\/audiobook-24.com\/en\/wp-json\/wp\/v2\/product_tag?post=2221"}],"curies":[{"name":"wp","href":"https:\/\/api.w.org\/{rel}","templated":true}]}}