{"id":2214,"date":"2025-12-09T19:07:01","date_gmt":"2025-12-09T19:07:01","guid":{"rendered":"https:\/\/audiobook-24.com\/?post_type=product&#038;p=2214"},"modified":"2025-12-09T19:07:02","modified_gmt":"2025-12-09T19:07:02","slug":"%f0%9f%8e%a7-hoerspiel-jan-tenner-der-neue-superheld-folge-17-der-geheimnisvolle-fremde","status":"publish","type":"product","link":"https:\/\/audiobook-24.com\/en\/product\/%f0%9f%8e%a7-hoerspiel-jan-tenner-der-neue-superheld-folge-17-der-geheimnisvolle-fremde\/","title":{"rendered":"\ud83c\udfa7 H\u00f6rspiel \u2013 Jan Tenner \u2013 Der neue Superheld \u2013 Folge 17: Der geheimnisvolle Fremde"},"content":{"rendered":"<p data-start=\"0\" data-end=\"89\">\ud83c\udfa7 <strong data-start=\"3\" data-end=\"87\">H\u00f6rspiel \u2013 Jan Tenner \u2013 Der neue Superheld \u2013 Folge 17: Der geheimnisvolle Fremde<\/strong><\/p>\n<p data-start=\"91\" data-end=\"188\">Ein r\u00e4tselhafter Besucher taucht auf \u2013 und sein Wissen k\u00f6nnte die Welt retten \u2026 oder zerst\u00f6ren.<\/p>\n<p data-start=\"190\" data-end=\"426\">Als ein geheimnisvoller Fremder in der Basis von Jan Tenner auftaucht, wei\u00df niemand, ob er Freund oder Feind ist. Seine Informationen \u00fcber eine bevorstehende Bedrohung sind ersch\u00fctternd, doch seine wahren Absichten bleiben im Dunkeln.<\/p>\n<p data-start=\"428\" data-end=\"674\">Jan Tenner, Laura, Professor Futura und General Forbett m\u00fcssen herausfinden:<br data-start=\"504\" data-end=\"507\" \/>Wer ist dieser Mann wirklich?<br data-start=\"536\" data-end=\"539\" \/>Warum kennt er so viele Geheimnisse \u00fcber Jan und sein Team?<br data-start=\"598\" data-end=\"601\" \/>Und kann man ihm trauen, wenn die Zukunft der Erde auf dem Spiel steht?<\/p>\n<p data-start=\"676\" data-end=\"814\">Ein H\u00f6rspiel voller Spannung, Intrigen und futuristischer Abenteuer \u2013 typische Tenner-Action, die kein Science-Fiction-Fan verpassen darf.<\/p>\n<hr data-start=\"816\" data-end=\"819\" \/>\n<p data-start=\"821\" data-end=\"852\">\ud83d\udd0a <strong data-start=\"824\" data-end=\"850\">Format: H\u00f6rspiel (MP3)<\/strong><\/p>\n<p data-start=\"854\" data-end=\"1017\">\u2b07\ufe0f Sofortiger Download f\u00fcr <strong data-start=\"881\" data-end=\"890\">Handy<\/strong><br data-start=\"890\" data-end=\"893\" \/>\u2b07\ufe0f Sofortiger Download f\u00fcr <strong data-start=\"920\" data-end=\"926\">PC<\/strong><br data-start=\"926\" data-end=\"929\" \/>\u2b07\ufe0f Sofortiger Download f\u00fcrs <strong data-start=\"957\" data-end=\"967\">Tablet<\/strong><br data-start=\"967\" data-end=\"970\" \/>\u2b07\ufe0f Kompatibel mit <strong data-start=\"988\" data-end=\"1017\">allen MP3-f\u00e4higen Ger\u00e4ten<\/strong><\/p>\n<p data-start=\"1019\" data-end=\"1055\" data-is-last-node=\"\" data-is-only-node=\"\"><strong data-start=\"1019\" data-end=\"1055\" data-is-last-node=\"\">Einmal gekauft \u2013 f\u00fcr immer dein!<\/strong><\/p>","protected":false},"excerpt":{"rendered":"<p>\ud83c\udfa7 H\u00f6rspiel \u2013 Jan Tenner \u2013 Der neue Superheld \u2013 Folge 17: Der geheimnisvolle Fremde Ein r\u00e4tselhafter Besucher taucht auf \u2013 und sein Wissen k\u00f6nnte die Welt retten \u2026 oder zerst\u00f6ren. Als ein geheimnisvoller Fremder in der Basis von Jan Tenner auftaucht, wei\u00df niemand, ob er Freund oder Feind ist. Seine Informationen \u00fcber eine bevorstehende [&hellip;]<\/p>\n","protected":false},"featured_media":2215,"comment_status":"open","ping_status":"closed","template":"","meta":[],"product_brand":[],"product_cat":[33],"product_tag":[],"class_list":{"0":"post-2214","1":"product","2":"type-product","3":"status-publish","4":"has-post-thumbnail","6":"product_cat-hoerspiel-comics","8":"first","9":"instock","10":"sale","11":"virtual","12":"purchasable","13":"product-type-simple"},"jetpack_sharing_enabled":true,"_links":{"self":[{"href":"https:\/\/audiobook-24.com\/en\/wp-json\/wp\/v2\/product\/2214","targetHints":{"allow":["GET"]}}],"collection":[{"href":"https:\/\/audiobook-24.com\/en\/wp-json\/wp\/v2\/product"}],"about":[{"href":"https:\/\/audiobook-24.com\/en\/wp-json\/wp\/v2\/types\/product"}],"replies":[{"embeddable":true,"href":"https:\/\/audiobook-24.com\/en\/wp-json\/wp\/v2\/comments?post=2214"}],"wp:featuredmedia":[{"embeddable":true,"href":"https:\/\/audiobook-24.com\/en\/wp-json\/wp\/v2\/media\/2215"}],"wp:attachment":[{"href":"https:\/\/audiobook-24.com\/en\/wp-json\/wp\/v2\/media?parent=2214"}],"wp:term":[{"taxonomy":"product_brand","embeddable":true,"href":"https:\/\/audiobook-24.com\/en\/wp-json\/wp\/v2\/product_brand?post=2214"},{"taxonomy":"product_cat","embeddable":true,"href":"https:\/\/audiobook-24.com\/en\/wp-json\/wp\/v2\/product_cat?post=2214"},{"taxonomy":"product_tag","embeddable":true,"href":"https:\/\/audiobook-24.com\/en\/wp-json\/wp\/v2\/product_tag?post=2214"}],"curies":[{"name":"wp","href":"https:\/\/api.w.org\/{rel}","templated":true}]}}