{"id":2213,"date":"2025-12-09T19:12:20","date_gmt":"2025-12-09T19:12:20","guid":{"rendered":"https:\/\/audiobook-24.com\/?post_type=product&#038;p=2213"},"modified":"2025-12-09T19:12:20","modified_gmt":"2025-12-09T19:12:20","slug":"chatgpt-%f0%9f%8e%a7-hoerspiel-jan-tenner-der-neue-superheld-folge-16-zweisteins-vermaechtnis","status":"publish","type":"product","link":"https:\/\/audiobook-24.com\/en\/product\/chatgpt-%f0%9f%8e%a7-hoerspiel-jan-tenner-der-neue-superheld-folge-16-zweisteins-vermaechtnis\/","title":{"rendered":"ChatGPT:  \ud83c\udfa7 H\u00f6rspiel \u2013 Jan Tenner \u2013 Der neue Superheld \u2013 Folge 16: Zweisteins Verm\u00e4chtnis"},"content":{"rendered":"<h6 class=\"sr-only\">ChatGPT:<\/h6>\n<div class=\"text-base my-auto mx-auto pb-10 [--thread-content-margin:--spacing(4)] @w-sm\/main:[--thread-content-margin:--spacing(6)] @w-lg\/main:[--thread-content-margin:--spacing(16)] px-(--thread-content-margin)\">\n<div class=\"[--thread-content-max-width:40rem] @w-lg\/main:[--thread-content-max-width:48rem] mx-auto max-w-(--thread-content-max-width) flex-1 group\/turn-messages focus-visible:outline-hidden relative flex w-full min-w-0 flex-col agent-turn\" tabindex=\"-1\">\n<div class=\"flex max-w-full flex-col grow\">\n<div class=\"min-h-8 text-message relative flex w-full flex-col items-end gap-2 text-start break-words whitespace-normal [.text-message+&amp;]:mt-1\" dir=\"auto\" data-message-author-role=\"assistant\" data-message-id=\"5741dd6e-05eb-4520-86c3-73070688c708\" data-message-model-slug=\"gpt-5-mini\">\n<div class=\"flex w-full flex-col gap-1 empty:hidden first:pt-[1px]\">\n<div class=\"markdown prose dark:prose-invert w-full break-words light markdown-new-styling\">\n<p data-start=\"0\" data-end=\"86\">\ud83c\udfa7 <strong data-start=\"3\" data-end=\"84\">H\u00f6rspiel \u2013 Jan Tenner \u2013 Der neue Superheld \u2013 Folge 16: Zweisteins Verm\u00e4chtnis<\/strong><\/p>\n<p data-start=\"88\" data-end=\"320\">Der gef\u00e4hrlichste Gegner kehrt zur\u00fcck \u2013 zumindest sein Erbe.<br data-start=\"148\" data-end=\"151\" \/>Nach dem Tod von <strong data-start=\"168\" data-end=\"181\">Zweistein<\/strong>, Jan Tenners skrupellosem Erzfeind, scheinen seine Pl\u00e4ne vorbei \u2013 doch ein geheimnisvolles Verm\u00e4chtnis entfaltet seine t\u00f6dliche Wirkung.<\/p>\n<p data-start=\"322\" data-end=\"569\">Jan Tenner, Laura, Professor Futura und General Forbett entdecken Hinweise auf eine hochentwickelte Technologie, die Zweistein hinterlassen hat. Schnell wird klar: Wer diese Mittel in die falschen H\u00e4nde bekommt, k\u00f6nnte die gesamte Erde bedrohen.<\/p>\n<p data-start=\"571\" data-end=\"840\">Die Mission ist klar:<br data-start=\"592\" data-end=\"595\" \/>Das Verm\u00e4chtnis von Zweistein sichern, seine Fallen entsch\u00e4rfen und verhindern, dass die Welt in Chaos versinkt.<br data-start=\"707\" data-end=\"710\" \/>Ein Rennen gegen die Zeit, voller Action, futuristischer Ger\u00e4te und spannender Wendungen \u2013 typische Tenner-Abenteuer vom Feinsten!<\/p>\n<hr data-start=\"842\" data-end=\"845\" \/>\n<p data-start=\"847\" data-end=\"878\">\ud83d\udd0a <strong data-start=\"850\" data-end=\"876\">Format: H\u00f6rspiel (MP3)<\/strong><\/p>\n<p data-start=\"880\" data-end=\"1043\">\u2b07\ufe0f Sofortiger Download f\u00fcr <strong data-start=\"907\" data-end=\"916\">Handy<\/strong><br data-start=\"916\" data-end=\"919\" \/>\u2b07\ufe0f Sofortiger Download f\u00fcr <strong data-start=\"946\" data-end=\"952\">PC<\/strong><br data-start=\"952\" data-end=\"955\" \/>\u2b07\ufe0f Sofortiger Download f\u00fcrs <strong data-start=\"983\" data-end=\"993\">Tablet<\/strong><br data-start=\"993\" data-end=\"996\" \/>\u2b07\ufe0f Kompatibel mit <strong data-start=\"1014\" data-end=\"1043\">allen MP3-f\u00e4higen Ger\u00e4ten<\/strong><\/p>\n<p data-start=\"1045\" data-end=\"1081\" data-is-last-node=\"\" data-is-only-node=\"\"><strong data-start=\"1045\" data-end=\"1081\" data-is-last-node=\"\">Einmal gekauft \u2013 f\u00fcr immer dein!<\/strong><\/p>\n<\/div>\n<\/div>\n<\/div>\n<\/div>\n<\/div>\n<\/div>\n","protected":false},"excerpt":{"rendered":"<p>ChatGPT: \ud83c\udfa7 H\u00f6rspiel \u2013 Jan Tenner \u2013 Der neue Superheld \u2013 Folge 16: Zweisteins Verm\u00e4chtnis Der gef\u00e4hrlichste Gegner kehrt zur\u00fcck \u2013 zumindest sein Erbe.Nach dem Tod von Zweistein, Jan Tenners skrupellosem Erzfeind, scheinen seine Pl\u00e4ne vorbei \u2013 doch ein geheimnisvolles Verm\u00e4chtnis entfaltet seine t\u00f6dliche Wirkung. Jan Tenner, Laura, Professor Futura und General Forbett entdecken Hinweise [&hellip;]<\/p>\n","protected":false},"featured_media":2216,"comment_status":"open","ping_status":"closed","template":"","meta":[],"product_brand":[],"product_cat":[33],"product_tag":[],"class_list":{"0":"post-2213","1":"product","2":"type-product","3":"status-publish","4":"has-post-thumbnail","6":"product_cat-hoerspiel-comics","8":"first","9":"instock","10":"sale","11":"virtual","12":"purchasable","13":"product-type-simple"},"jetpack_sharing_enabled":true,"_links":{"self":[{"href":"https:\/\/audiobook-24.com\/en\/wp-json\/wp\/v2\/product\/2213","targetHints":{"allow":["GET"]}}],"collection":[{"href":"https:\/\/audiobook-24.com\/en\/wp-json\/wp\/v2\/product"}],"about":[{"href":"https:\/\/audiobook-24.com\/en\/wp-json\/wp\/v2\/types\/product"}],"replies":[{"embeddable":true,"href":"https:\/\/audiobook-24.com\/en\/wp-json\/wp\/v2\/comments?post=2213"}],"wp:featuredmedia":[{"embeddable":true,"href":"https:\/\/audiobook-24.com\/en\/wp-json\/wp\/v2\/media\/2216"}],"wp:attachment":[{"href":"https:\/\/audiobook-24.com\/en\/wp-json\/wp\/v2\/media?parent=2213"}],"wp:term":[{"taxonomy":"product_brand","embeddable":true,"href":"https:\/\/audiobook-24.com\/en\/wp-json\/wp\/v2\/product_brand?post=2213"},{"taxonomy":"product_cat","embeddable":true,"href":"https:\/\/audiobook-24.com\/en\/wp-json\/wp\/v2\/product_cat?post=2213"},{"taxonomy":"product_tag","embeddable":true,"href":"https:\/\/audiobook-24.com\/en\/wp-json\/wp\/v2\/product_tag?post=2213"}],"curies":[{"name":"wp","href":"https:\/\/api.w.org\/{rel}","templated":true}]}}