{"id":2212,"date":"2025-12-09T19:16:25","date_gmt":"2025-12-09T19:16:25","guid":{"rendered":"https:\/\/audiobook-24.com\/?post_type=product&#038;p=2212"},"modified":"2025-12-09T19:16:25","modified_gmt":"2025-12-09T19:16:25","slug":"%f0%9f%8e%a7-hoerspiel-jan-tenner-der-neue-superheld-folge-15-jagd-nach-der-unsterblichkeit","status":"publish","type":"product","link":"https:\/\/audiobook-24.com\/en\/product\/%f0%9f%8e%a7-hoerspiel-jan-tenner-der-neue-superheld-folge-15-jagd-nach-der-unsterblichkeit\/","title":{"rendered":"\ud83c\udfa7 H\u00f6rspiel \u2013 Jan Tenner \u2013 Der neue Superheld \u2013 Folge 15: Jagd nach der Unsterblichkeit"},"content":{"rendered":"<p data-start=\"0\" data-end=\"93\">\ud83c\udfa7 <strong data-start=\"3\" data-end=\"91\">H\u00f6rspiel \u2013 Jan Tenner \u2013 Der neue Superheld \u2013 Folge 15: Jagd nach der Unsterblichkeit<\/strong><\/p>\n<p data-start=\"95\" data-end=\"257\">Ein Ziel, das alle Grenzen sprengt.<br data-start=\"130\" data-end=\"133\" \/>Eine Technologie, die das Leben f\u00fcr immer ver\u00e4ndern kann.<br data-start=\"190\" data-end=\"193\" \/>Und ein Wettlauf gegen Zeit und Feinde, der kein Zur\u00fcck kennt.<\/p>\n<p data-start=\"259\" data-end=\"613\">Als Hinweise auf ein Experiment auftauchen, das ewiges Leben verspricht, ist Jan Tenner sofort alarmiert. Gemeinsam mit <strong data-start=\"379\" data-end=\"388\">Laura<\/strong>, <strong data-start=\"390\" data-end=\"410\">Professor Futura<\/strong> und <strong data-start=\"415\" data-end=\"434\">General Forbett<\/strong> macht er sich auf die Spur eines geheimnisvollen Wissenschaftlers, der bereit ist, alles zu tun, um die Unsterblichkeit zu erlangen \u2013 selbst wenn es bedeutet, andere zu opfern.<\/p>\n<p data-start=\"615\" data-end=\"831\">Je n\u00e4her das Team der Wahrheit kommt, desto gef\u00e4hrlicher wird die Mission.<br data-start=\"689\" data-end=\"692\" \/>Wer wird die Macht \u00fcber Leben und Tod in seinen H\u00e4nden halten?<br data-start=\"754\" data-end=\"757\" \/>Und kann Jan Tenner das Gleichgewicht der Welt noch rechtzeitig sichern?<\/p>\n<p data-start=\"833\" data-end=\"938\">Ein spannendes Abenteuer voller futuristischer Technik, moralischer Fragen und klassischer Tenner-Action.<\/p>\n<hr data-start=\"940\" data-end=\"943\" \/>\n<p data-start=\"945\" data-end=\"976\">\ud83d\udd0a <strong data-start=\"948\" data-end=\"974\">Format: H\u00f6rspiel (MP3)<\/strong><\/p>\n<p data-start=\"978\" data-end=\"1141\">\u2b07\ufe0f Sofortiger Download f\u00fcr <strong data-start=\"1005\" data-end=\"1014\">Handy<\/strong><br data-start=\"1014\" data-end=\"1017\" \/>\u2b07\ufe0f Sofortiger Download f\u00fcr <strong data-start=\"1044\" data-end=\"1050\">PC<\/strong><br data-start=\"1050\" data-end=\"1053\" \/>\u2b07\ufe0f Sofortiger Download f\u00fcrs <strong data-start=\"1081\" data-end=\"1091\">Tablet<\/strong><br data-start=\"1091\" data-end=\"1094\" \/>\u2b07\ufe0f Kompatibel mit <strong data-start=\"1112\" data-end=\"1141\">allen MP3-f\u00e4higen Ger\u00e4ten<\/strong><\/p>\n<p data-start=\"1143\" data-end=\"1179\" data-is-last-node=\"\" data-is-only-node=\"\"><strong data-start=\"1143\" data-end=\"1179\" data-is-last-node=\"\">Einmal gekauft \u2013 f\u00fcr immer dein!<\/strong><\/p>","protected":false},"excerpt":{"rendered":"<p>\ud83c\udfa7 H\u00f6rspiel \u2013 Jan Tenner \u2013 Der neue Superheld \u2013 Folge 15: Jagd nach der Unsterblichkeit Ein Ziel, das alle Grenzen sprengt.Eine Technologie, die das Leben f\u00fcr immer ver\u00e4ndern kann.Und ein Wettlauf gegen Zeit und Feinde, der kein Zur\u00fcck kennt. Als Hinweise auf ein Experiment auftauchen, das ewiges Leben verspricht, ist Jan Tenner sofort alarmiert. [&hellip;]<\/p>\n","protected":false},"featured_media":2217,"comment_status":"open","ping_status":"closed","template":"","meta":[],"product_brand":[],"product_cat":[33],"product_tag":[],"class_list":{"0":"post-2212","1":"product","2":"type-product","3":"status-publish","4":"has-post-thumbnail","6":"product_cat-hoerspiel-comics","8":"first","9":"instock","10":"sale","11":"virtual","12":"purchasable","13":"product-type-simple"},"jetpack_sharing_enabled":true,"_links":{"self":[{"href":"https:\/\/audiobook-24.com\/en\/wp-json\/wp\/v2\/product\/2212","targetHints":{"allow":["GET"]}}],"collection":[{"href":"https:\/\/audiobook-24.com\/en\/wp-json\/wp\/v2\/product"}],"about":[{"href":"https:\/\/audiobook-24.com\/en\/wp-json\/wp\/v2\/types\/product"}],"replies":[{"embeddable":true,"href":"https:\/\/audiobook-24.com\/en\/wp-json\/wp\/v2\/comments?post=2212"}],"wp:featuredmedia":[{"embeddable":true,"href":"https:\/\/audiobook-24.com\/en\/wp-json\/wp\/v2\/media\/2217"}],"wp:attachment":[{"href":"https:\/\/audiobook-24.com\/en\/wp-json\/wp\/v2\/media?parent=2212"}],"wp:term":[{"taxonomy":"product_brand","embeddable":true,"href":"https:\/\/audiobook-24.com\/en\/wp-json\/wp\/v2\/product_brand?post=2212"},{"taxonomy":"product_cat","embeddable":true,"href":"https:\/\/audiobook-24.com\/en\/wp-json\/wp\/v2\/product_cat?post=2212"},{"taxonomy":"product_tag","embeddable":true,"href":"https:\/\/audiobook-24.com\/en\/wp-json\/wp\/v2\/product_tag?post=2212"}],"curies":[{"name":"wp","href":"https:\/\/api.w.org\/{rel}","templated":true}]}}